{"id":14843,"date":"2026-01-27T17:24:00","date_gmt":"2026-01-27T17:24:00","guid":{"rendered":"https:\/\/nutrifitmax.co\/?post_type=product&#038;p=14843"},"modified":"2026-01-27T17:27:42","modified_gmt":"2026-01-27T17:27:42","slug":"creatina-women-nutrex-30-ser","status":"publish","type":"product","link":"https:\/\/nutrifitmax.co\/index.php\/product\/creatina-women-nutrex-30-ser\/","title":{"rendered":"CREATINA WOMEN NUTREX 30 SER PINK LIMONADA"},"content":{"rendered":"<h2><span dir=\"auto\">Nutrex Creatina para Mujeres\u00a0<\/span><\/h2>\n<p><span dir=\"auto\">\u00bfQuieres tomar creatina, pero buscas a\u00fan m\u00e1s beneficios para una mujer? \u00a1Entonces has elegido el producto perfecto!\u00a0<\/span><span dir=\"auto\">Esta es una f\u00f3rmula completa dise\u00f1ada para mujeres. No solo obtienes creatina para desarrollar m\u00fasculo, sino que tambi\u00e9n obtienes apoyo para las articulaciones, la piel y la recuperaci\u00f3n gracias al col\u00e1geno, el \u00e1cido hialur\u00f3nico, la vitamina C y los BCAA. Es funcional, sabrosa y est\u00e1 dise\u00f1ada para un rendimiento corporal completo.<\/span><\/p>\n<h3><span dir=\"auto\">No quiero ponerme voluminoso<\/span><\/h3>\n<p><span dir=\"auto\">\u00a1La creatina no te har\u00e1 voluminoso, te ayudar\u00e1 a desarrollar masa muscular magra, aumentar la fuerza y \u200b\u200bmejorar la recuperaci\u00f3n para que puedas seguir yendo al gimnasio!<\/span><\/p>\n<h3><span dir=\"auto\">Col\u00e1geno a\u00f1adido<\/span><\/h3>\n<p><span dir=\"auto\">Nutrex utiliza col\u00e1geno bovino hidrolizado (tipo I y III). Estos tipos de col\u00e1geno son los m\u00e1s asociados con la salud de la piel, las articulaciones y el tejido conectivo. Es el complemento perfecto para un entrenamiento intenso.<\/span><\/p>\n<h3 aria-hidden=\"true\" data-uw-rm-heading=\"hide\"><span dir=\"auto\">Mejor cabello, piel y u\u00f1as<\/span><span class=\"data-uw-rm-autofix-hide\" data-uw-reader-element=\"\" data-uw-rm-ignore=\"\"><span dir=\"auto\">Encabezado vac\u00edo<\/span><\/span><\/h3>\n<p><span dir=\"auto\">La biotina, el col\u00e1geno y la vitamina C de Nutrex Creatine for Women trabajan juntos para favorecer una piel el\u00e1stica y saludable, u\u00f1as fuertes y un crecimiento del cabello vibrante, mientras que el \u00e1cido hialur\u00f3nico mantiene la piel hidratada y tersa.<\/span><\/p>\n<h3><span dir=\"auto\">estudios cient\u00edficos han comprobado que la creatina y el col\u00e1geno trae Beneficios para el cuerpo como los siguiente<\/span><\/h3>\n<ul>\n<li><span dir=\"auto\">Desarrolla m\u00fasculos magros y tonificados<\/span><\/li>\n<li><span dir=\"auto\">Promueve una piel, cabello y u\u00f1as m\u00e1s saludables<\/span><\/li>\n<li><span dir=\"auto\">Mejora la fuerza y \u200b\u200bel rendimiento en los entrenamientos<\/span><\/li>\n<li><span dir=\"auto\">Apoya la funci\u00f3n cognitiva<\/span><\/li>\n<li><span dir=\"auto\">Favorece la recuperaci\u00f3n y reduce el dolor muscular.<\/span><\/li>\n<li><span dir=\"auto\">Hidrata y rellena la piel con \u00e1cido hialur\u00f3nico.<\/span><\/li>\n<li><span dir=\"auto\">Sabor delicioso. Sin arenilla. Sin hinchaz\u00f3n.<\/span><\/li>\n<\/ul>\n<h3><span dir=\"auto\">Instrucciones y dosis<\/span><\/h3>\n<p><span dir=\"auto\">Las mujeres deben tomar un cacito antes del entrenamiento. En los d\u00edas de descanso, tomar un cacito por la ma\u00f1ana. No se requiere carga. No es necesario realizar ciclos.<\/span><\/p>\n","protected":false},"excerpt":{"rendered":"<p>Nutrex Creatina para Mujeres\u00a0 \u00bfQuieres tomar creatina, pero buscas a\u00fan m\u00e1s beneficios para una mujer? \u00a1Entonces has elegido el producto perfecto!\u00a0Esta es una f\u00f3rmula completa dise\u00f1ada para mujeres. No solo obtienes creatina para desarrollar m\u00fasculo, sino que tambi\u00e9n obtienes apoyo para las articulaciones, la piel y la recuperaci\u00f3n gracias al col\u00e1geno, el \u00e1cido hialur\u00f3nico, la [&hellip;]<\/p>\n","protected":false},"featured_media":14844,"comment_status":"open","ping_status":"closed","template":"","meta":{"inline_featured_image":false},"product_brand":[],"product_cat":[93,99,86,91,159],"product_tag":[],"class_list":{"0":"post-14843","1":"product","2":"type-product","3":"status-publish","4":"has-post-thumbnail","6":"product_cat-aminoacidos","7":"product_cat-creatinas","8":"product_cat-marca","9":"product_cat-mas-vendidos","10":"product_cat-nutrex","12":"first","13":"instock","14":"taxable","15":"shipping-taxable","16":"purchasable","17":"product-type-simple","18":"ebbe-col","19":"product-has-gallery"},"_links":{"self":[{"href":"https:\/\/nutrifitmax.co\/index.php\/wp-json\/wp\/v2\/product\/14843","targetHints":{"allow":["GET"]}}],"collection":[{"href":"https:\/\/nutrifitmax.co\/index.php\/wp-json\/wp\/v2\/product"}],"about":[{"href":"https:\/\/nutrifitmax.co\/index.php\/wp-json\/wp\/v2\/types\/product"}],"replies":[{"embeddable":true,"href":"https:\/\/nutrifitmax.co\/index.php\/wp-json\/wp\/v2\/comments?post=14843"}],"wp:featuredmedia":[{"embeddable":true,"href":"https:\/\/nutrifitmax.co\/index.php\/wp-json\/wp\/v2\/media\/14844"}],"wp:attachment":[{"href":"https:\/\/nutrifitmax.co\/index.php\/wp-json\/wp\/v2\/media?parent=14843"}],"wp:term":[{"taxonomy":"product_brand","embeddable":true,"href":"https:\/\/nutrifitmax.co\/index.php\/wp-json\/wp\/v2\/product_brand?post=14843"},{"taxonomy":"product_cat","embeddable":true,"href":"https:\/\/nutrifitmax.co\/index.php\/wp-json\/wp\/v2\/product_cat?post=14843"},{"taxonomy":"product_tag","embeddable":true,"href":"https:\/\/nutrifitmax.co\/index.php\/wp-json\/wp\/v2\/product_tag?post=14843"}],"curies":[{"name":"wp","href":"https:\/\/api.w.org\/{rel}","templated":true}]}}