{"id":14840,"date":"2026-01-22T19:04:47","date_gmt":"2026-01-22T19:04:47","guid":{"rendered":"https:\/\/nutrifitmax.co\/?post_type=product&#038;p=14840"},"modified":"2026-03-18T20:23:03","modified_gmt":"2026-03-18T20:23:03","slug":"beef-isolate-2-lb-y-creatina-vitanas-50-ser","status":"publish","type":"product","link":"https:\/\/nutrifitmax.co\/index.php\/product\/beef-isolate-2-lb-y-creatina-vitanas-50-ser\/","title":{"rendered":"BEEF ISOLATE 2 LB Y CREATINA VITANAS 50 SER"},"content":{"rendered":"<p>DESCRIPCION<\/p>\n<p>este combo contiene una proteina pro beef isolate 2lb y una creatina 100 servicios<\/p>\n<ol>\n<li><strong>BEEF MASS 2 LB\u00a0<\/strong><\/li>\n<\/ol>\n<p>Es una prote\u00edna\u00a0de carne\u00a0aislada e hidrolizada libre de lactosa.\u00a0<b>Cada servicio contiene:<\/b><\/p>\n<ul>\n<li>25 g de prote\u00edna de carne aislada e hidrolizada.<\/li>\n<li>1 g de carbohidratos.<\/li>\n<li>0 g de grasa totales.<\/li>\n<li>0 lactosa.<\/li>\n<li>0 gluten, gelatin, colesterol.<\/li>\n<li>0 az\u00facares.<\/li>\n<li>Contiene Nutraflora\u00ae (prebi\u00f3ticos) y Lactospore\u00ae (probi\u00f3ticos).<\/li>\n<\/ul>\n<p><strong>Tama\u00f1o de la porci\u00f3n<\/strong>: 30 gr (30 Servicios aprox.)\u00a0<strong data-sanitized-data-mce-fragment=\"1\">Contenido:<\/strong><span data-sanitized-data-mce-fragment=\"1\">\u00a02 Libras\/ Neto 908g\u00a0<\/span><strong>Sabor:<\/strong>\u00a0Vainilla<\/p>\n<p><strong>Ingredientes:<\/strong>\u00a0Aislado de prote\u00edna de res hidrolizada, Crema no l\u00e1ctea (Jarabe de glucosa, Aceite de palma, Prote\u00edna, Estabilizante, Emulsificante, y agente anticompactante), P\u00e9ptidos de col\u00e1geno, Sabores naturales y\/o artificiales, Prebi\u00f3ticos, Sucralosa (edulcorante artificial), Cloruro de sodio, Amino\u00e1cidos de cadena ramificada (L-Leucina, L-Valina e L-Isoleucina), Glutamina, Goma Xantana (espesante), Di\u00f3xido de silicio, Probi\u00f3ticos.<\/p>\n<p><strong>M\u00e9todo de conservaci\u00f3n:<\/strong>\u00a0El producto debe estar almacenado en su empaque original a temperatura inferior a 30\u00b0C y a una humedad relativa inferior a 75%. No introducir elementos h\u00famedos, despu\u00e9s de abierto consumase en el menor tiempo posible.<\/p>\n<p><strong>ADVERTENCIA:<\/strong>\u00a0Este producto no pretende diagnosticar , tratar, curar, o prevenir enfermedades. Este producto es un alimento y no debe ser usado como sustituto de una dieta equilibrada.<\/p>\n<p><strong>Informaci\u00f3n de al\u00e9rgenos:<\/strong>\u00a0El producto es fabricado en una planta donde se elaboran producto a base de soya, man\u00ed, nueces, y l\u00e1cteos.<\/p>\n<p><strong>Reg. San. INVIMA No.\u00a0RSAD05|26715<\/strong><\/p>\n<p><strong>2. CREATINA VITANAS 50 SERVICIOS<\/strong><\/p>\n<p>Es una Creatina monohidratada y micronizada. Cumple con an\u00e1lisis USP y\u00a0 HPLC, lo que garantiza la m\u00e1s\u00a0<strong>alta calidad y pureza<\/strong>.\u00a0<b>Cada servicio contiene:<\/b><\/p>\n<ul>\n<li>3gr\u00a0de creatina monohidratada.<\/li>\n<li>100% pura.<\/li>\n<li>0 az\u00facar.<\/li>\n<li>Sin sabor.<\/li>\n<\/ul>\n<p><strong>Tama\u00f1o de la porci\u00f3n:<\/strong> 3 gr (50 Servicios aprox.) <strong>Contenido:<\/strong> Neto 150g<\/p>\n<p><strong>Ingredientes: <\/strong>Creatina monohidratada micronizada.<\/p>\n<p>M\u00e9todo de conservaci\u00f3n:\u00a0El producto debe estar almacenado en su empaque original a temperatura inferior a 30\u00b0C y a una humedad relativa inferior a 75%. No introducir elementos h\u00famedos, despu\u00e9s de abierto consumase en el menor tiempo posible.<\/p>\n<p><strong>ADVERTENCIA:<\/strong>\u00a0Este producto es un suplemento dietario, no es un medicamento y no suple una alimentaci\u00f3n\u00a0equilibrada.<\/p>\n<p><strong>Reg. San. INVIMA No.\u00a0<\/strong>SD2019-0004347<\/p>\n","protected":false},"excerpt":{"rendered":"<p>DESCRIPCION este combo contiene una proteina pro beef isolate 2lb y una creatina 100 servicios BEEF MASS 2 LB\u00a0 Es una prote\u00edna\u00a0de carne\u00a0aislada e hidrolizada libre de lactosa.\u00a0Cada servicio contiene: 25 g de prote\u00edna de carne aislada e hidrolizada. 1 g de carbohidratos. 0 g de grasa totales. 0 lactosa. 0 gluten, gelatin, colesterol. 0 [&hellip;]<\/p>\n","protected":false},"featured_media":14841,"comment_status":"open","ping_status":"closed","template":"","meta":{"inline_featured_image":false},"product_brand":[],"product_cat":[125,99,86,91,88,89,104],"product_tag":[],"class_list":{"0":"post-14840","1":"product","2":"type-product","3":"status-publish","4":"has-post-thumbnail","6":"product_cat-combos","7":"product_cat-creatinas","8":"product_cat-marca","9":"product_cat-mas-vendidos","10":"product_cat-proteinas","11":"product_cat-proteinas-hipocaloricas","12":"product_cat-vitanas","14":"first","15":"instock","16":"sale","17":"taxable","18":"shipping-taxable","19":"purchasable","20":"product-type-simple","21":"ebbe-col"},"_links":{"self":[{"href":"https:\/\/nutrifitmax.co\/index.php\/wp-json\/wp\/v2\/product\/14840","targetHints":{"allow":["GET"]}}],"collection":[{"href":"https:\/\/nutrifitmax.co\/index.php\/wp-json\/wp\/v2\/product"}],"about":[{"href":"https:\/\/nutrifitmax.co\/index.php\/wp-json\/wp\/v2\/types\/product"}],"replies":[{"embeddable":true,"href":"https:\/\/nutrifitmax.co\/index.php\/wp-json\/wp\/v2\/comments?post=14840"}],"wp:featuredmedia":[{"embeddable":true,"href":"https:\/\/nutrifitmax.co\/index.php\/wp-json\/wp\/v2\/media\/14841"}],"wp:attachment":[{"href":"https:\/\/nutrifitmax.co\/index.php\/wp-json\/wp\/v2\/media?parent=14840"}],"wp:term":[{"taxonomy":"product_brand","embeddable":true,"href":"https:\/\/nutrifitmax.co\/index.php\/wp-json\/wp\/v2\/product_brand?post=14840"},{"taxonomy":"product_cat","embeddable":true,"href":"https:\/\/nutrifitmax.co\/index.php\/wp-json\/wp\/v2\/product_cat?post=14840"},{"taxonomy":"product_tag","embeddable":true,"href":"https:\/\/nutrifitmax.co\/index.php\/wp-json\/wp\/v2\/product_tag?post=14840"}],"curies":[{"name":"wp","href":"https:\/\/api.w.org\/{rel}","templated":true}]}}