{"id":14838,"date":"2026-01-22T18:48:39","date_gmt":"2026-01-22T18:48:39","guid":{"rendered":"https:\/\/nutrifitmax.co\/?post_type=product&#038;p=14838"},"modified":"2026-03-18T20:34:16","modified_gmt":"2026-03-18T20:34:16","slug":"titan-army-5-lb-y-creatina-100-ser-vitanas","status":"publish","type":"product","link":"https:\/\/nutrifitmax.co\/index.php\/product\/titan-army-5-lb-y-creatina-100-ser-vitanas\/","title":{"rendered":"TITAN ARMY 5 LB Y CREATINA 100 SER VITANAS"},"content":{"rendered":"<p><strong>DESCRIPCION\u00a0<\/strong><\/p>\n<p>este combo contiene una proteina titan\u00a0 army 5 lb\u00a0 y una creatina vitanas 100 servicios<\/p>\n<ol>\n<li><strong>TIT\u00c1N ARMY<\/strong><\/li>\n<\/ol>\n<p>es una f\u00f3rmula completa con prote\u00ednas concentradas de suero l\u00e1cteo, carbohidratos y una combinacion de BCAAs, glutamina, probioticos, enriquecida con vitamina C, vitamina D3 y una premezcla de vitaminas escenciales<\/p>\n<h5><strong>Cada servicio contiene:<\/strong><\/h5>\n<ul>\n<li>40 g de prote\u00edna.<\/li>\n<li>197 g de carbohidratos.<\/li>\n<li>8 g de grasa totales.<\/li>\n<li>0 az\u00facares a\u00f1adidos.<\/li>\n<li>Nutraflora\u00ae (prebi\u00f3ticos) y Lactospore\u00ae (probi\u00f3ticos).<\/li>\n<li>Con BCAA\u00b4S y Glutamina.<\/li>\n<\/ul>\n<p><strong>Tama\u00f1o de la porci\u00f3n<\/strong>: 260 gr (6 Scoops \/ 6 Cucharadas medidoras)\u00a0<strong>Contenido neto:\u00a0<\/strong>5 libras \/ 2270 gramos (9 servicios)\u00a0<strong>Sabor:\u00a0<\/strong>Vainilla<\/p>\n<p><b>Ingredientes:\u00a0<\/b>Mezcla de carbohidratos (Maltodextrina (Almid\u00f3n hidrolizado de ma\u00edz) almid\u00f3n de ma\u00edz), Prote\u00edna concentrada de suero l\u00e1cteo, Prote\u00edna de soya, Crema no l\u00e1ctea (jarabe de glucosa, aceite de palma, prote\u00edna, saborizante, emulsificante y agente anticompactante), sabor natural y\/o artificial a vainilla, mezcla de gomas (gomas guar y goma xantana) (espesantes), Prebi\u00f3ticos, Di\u00f3xido de silicio (anticompactante), Sucralosa (educorante artificial), Vitamina C, Amino\u00e1cidos de cadena ramificada (l-leucina, l-isoleucina y l-valina), Glutamina, Probi\u00f3ticos, Premezclas de vitamina (niacinamida, zinc, tiamina monohidrato, riboflavina, cianocobalamina), Vitamina D3.<\/p>\n<p><b>M\u00e9todo de conservaci\u00f3n:<\/b>\u00a0El producto debe estar almacenado en su empaque original a temperatura inferior a 30\u202f\u00b0C y a una humedad relativa inferior a 75%. No introducir elementos h\u00famedos, despu\u00e9s de abierto consumase en el menor tiempo posible.<\/p>\n<p><b>ADVERTENCIA:<\/b>\u00a0Este producto no pretende diagnosticar, tratar, curar, o prevenir enfermedades. Este producto es un alimento y no debe ser usado como sustituto de una dieta equilibrada.<\/p>\n<p><strong>Reg. San. INVIMA No. RSAD06|1505<\/strong><\/p>\n<p><strong>2. CREATINA VITANAS 100 SERVICIOS<\/strong><\/p>\n<p>Es una Creatina monohidratada y micronizada. Cumple con an\u00e1lisis USP y\u00a0 HPLC, lo que garantiza la m\u00e1s\u00a0<strong>alta calidad y pureza<\/strong>.\u00a0<b>Cada servicio contiene:<\/b><\/p>\n<ul>\n<li>3gr\u00a0de creatina monohidratada.<\/li>\n<li>100% pura.<\/li>\n<li>0 az\u00facar.<\/li>\n<li>Sin sabor.<\/li>\n<\/ul>\n<p><strong>Tama\u00f1o de la porci\u00f3n:<\/strong>\u00a03 gr (100 Servicios aprox.)\u00a0<strong>Contenido:<\/strong>\u00a0Neto 300g \/10.58 oz<\/p>\n<p><strong>Ingredientes:<\/strong>Creatina monohidratada micronizada.<\/p>\n<p>M\u00e9todo de conservaci\u00f3n:\u00a0El producto debe estar almacenado en su empaque original a temperatura inferior a 30\u00b0C y a una humedad relativa inferior a 75%. No introducir elementos h\u00famedos, despu\u00e9s de abierto consumase en el menor tiempo posible.<\/p>\n<p><strong>ADVERTENCIA:<\/strong>\u00a0Este producto es un suplemento dietario, no es un medicamento y no suple una alimentaci\u00f3n\u00a0equilibrada.<\/p>\n<p><strong>Reg. San. INVIMA No.\u00a0<\/strong>SD2019-0004347<\/p>\n","protected":false},"excerpt":{"rendered":"<p>DESCRIPCION\u00a0 este combo contiene una proteina titan\u00a0 army 5 lb\u00a0 y una creatina vitanas 100 servicios TIT\u00c1N ARMY es una f\u00f3rmula completa con prote\u00ednas concentradas de suero l\u00e1cteo, carbohidratos y una combinacion de BCAAs, glutamina, probioticos, enriquecida con vitamina C, vitamina D3 y una premezcla de vitaminas escenciales Cada servicio contiene: 40 g de prote\u00edna. [&hellip;]<\/p>\n","protected":false},"featured_media":14830,"comment_status":"open","ping_status":"closed","template":"","meta":{"inline_featured_image":false},"product_brand":[],"product_cat":[125,99,96,86,91,88,98,104],"product_tag":[],"class_list":{"0":"post-14838","1":"product","2":"type-product","3":"status-publish","4":"has-post-thumbnail","6":"product_cat-combos","7":"product_cat-creatinas","8":"product_cat-ganancia","9":"product_cat-marca","10":"product_cat-mas-vendidos","11":"product_cat-proteinas","12":"product_cat-proteinas-ganadoras-de-peso","13":"product_cat-vitanas","15":"first","16":"instock","17":"sale","18":"taxable","19":"shipping-taxable","20":"purchasable","21":"product-type-simple","22":"ebbe-col"},"_links":{"self":[{"href":"https:\/\/nutrifitmax.co\/index.php\/wp-json\/wp\/v2\/product\/14838","targetHints":{"allow":["GET"]}}],"collection":[{"href":"https:\/\/nutrifitmax.co\/index.php\/wp-json\/wp\/v2\/product"}],"about":[{"href":"https:\/\/nutrifitmax.co\/index.php\/wp-json\/wp\/v2\/types\/product"}],"replies":[{"embeddable":true,"href":"https:\/\/nutrifitmax.co\/index.php\/wp-json\/wp\/v2\/comments?post=14838"}],"wp:featuredmedia":[{"embeddable":true,"href":"https:\/\/nutrifitmax.co\/index.php\/wp-json\/wp\/v2\/media\/14830"}],"wp:attachment":[{"href":"https:\/\/nutrifitmax.co\/index.php\/wp-json\/wp\/v2\/media?parent=14838"}],"wp:term":[{"taxonomy":"product_brand","embeddable":true,"href":"https:\/\/nutrifitmax.co\/index.php\/wp-json\/wp\/v2\/product_brand?post=14838"},{"taxonomy":"product_cat","embeddable":true,"href":"https:\/\/nutrifitmax.co\/index.php\/wp-json\/wp\/v2\/product_cat?post=14838"},{"taxonomy":"product_tag","embeddable":true,"href":"https:\/\/nutrifitmax.co\/index.php\/wp-json\/wp\/v2\/product_tag?post=14838"}],"curies":[{"name":"wp","href":"https:\/\/api.w.org\/{rel}","templated":true}]}}