{"id":14832,"date":"2026-01-22T18:28:14","date_gmt":"2026-01-22T18:28:14","guid":{"rendered":"https:\/\/nutrifitmax.co\/?post_type=product&#038;p=14832"},"modified":"2026-03-18T19:15:34","modified_gmt":"2026-03-18T19:15:34","slug":"beef-isolate-5-lb-vainilla-vitanas","status":"publish","type":"product","link":"https:\/\/nutrifitmax.co\/index.php\/product\/beef-isolate-5-lb-vainilla-vitanas\/","title":{"rendered":"BEEF ISOLATE 5 LB VAINILLA VITANAS"},"content":{"rendered":"<p><strong>DESCRIPCION<\/strong><\/p>\n<p>Es una prote\u00edna\u00a0de carne\u00a0aislada e hidrolizada libre de lactosa.\u00a0<b>Cada servicio contiene:<\/b><\/p>\n<ul>\n<li>25 g de prote\u00edna de carne aislada e hidrolizada.<\/li>\n<li>1 g de carbohidratos.<\/li>\n<li>0 g de grasa totales.<\/li>\n<li>0 lactosa.<\/li>\n<li>0 gluten, gelatin, colesterol.<\/li>\n<li>0 az\u00facares.<\/li>\n<li>Contiene Nutraflora\u00ae (prebi\u00f3ticos) y Lactospore\u00ae (probi\u00f3ticos).<\/li>\n<\/ul>\n<p><strong>Tama\u00f1o de la porci\u00f3n<\/strong>: 30 gr (75 Servicios aprox.)\u00a0<strong data-sanitized-data-mce-fragment=\"1\">Contenido:<\/strong><span data-sanitized-data-mce-fragment=\"1\">\u00a05 Libras\/ Neto 2270 g\u00a0<\/span><strong>Sabor:<\/strong>\u00a0Vainilla<\/p>\n<p><strong>Ingredientes:<\/strong>\u00a0Aislado de prote\u00edna de res hidrolizada, Crema no l\u00e1ctea (Jarabe de glucosa, Aceite de palma, Prote\u00edna, Estabilizante, Emulsificante, y agente anticompactante), P\u00e9ptidos de col\u00e1geno, Sabores naturales y\/o artificiales, Prebi\u00f3ticos, Sucralosa (edulcorante artificial), Cloruro de sodio, Amino\u00e1cidos de cadena ramificada (L-Leucina, L-Valina e L-Isoleucina), Glutamina, Goma Xantana (espesante), Di\u00f3xido de silicio, Probi\u00f3ticos.<\/p>\n<p><strong>M\u00e9todo de conservaci\u00f3n:<\/strong>\u00a0El producto debe estar almacenado en su empaque original a temperatura inferior a 30\u00b0C y a una humedad relativa inferior a 75%. No introducir elementos h\u00famedos, despu\u00e9s de abierto consumase en el menor tiempo posible.<\/p>\n<p><strong>ADVERTENCIA:<\/strong>\u00a0Este producto no pretende diagnosticar , tratar, curar, o prevenir enfermedades. Este producto es un alimento y no debe ser usado como sustituto de una dieta equilibrada.<\/p>\n<p><strong>Informaci\u00f3n de al\u00e9rgenos:<\/strong>\u00a0El producto es fabricado en una planta donde se elaboran producto a base de soya, man\u00ed, nueces, y l\u00e1cteos.<\/p>\n<p><strong>Reg. San. INVIMA No.\u00a0RSAD05|26715<\/strong><\/p>\n","protected":false},"excerpt":{"rendered":"<p>DESCRIPCION Es una prote\u00edna\u00a0de carne\u00a0aislada e hidrolizada libre de lactosa.\u00a0Cada servicio contiene: 25 g de prote\u00edna de carne aislada e hidrolizada. 1 g de carbohidratos. 0 g de grasa totales. 0 lactosa. 0 gluten, gelatin, colesterol. 0 az\u00facares. Contiene Nutraflora\u00ae (prebi\u00f3ticos) y Lactospore\u00ae (probi\u00f3ticos). Tama\u00f1o de la porci\u00f3n: 30 gr (75 Servicios aprox.)\u00a0Contenido:\u00a05 Libras\/ Neto [&hellip;]<\/p>\n","protected":false},"featured_media":14833,"comment_status":"open","ping_status":"closed","template":"","meta":{"inline_featured_image":false},"product_brand":[],"product_cat":[85,86,88,89],"product_tag":[],"class_list":{"0":"post-14832","1":"product","2":"type-product","3":"status-publish","4":"has-post-thumbnail","6":"product_cat-definicion","7":"product_cat-marca","8":"product_cat-proteinas","9":"product_cat-proteinas-hipocaloricas","11":"first","12":"instock","13":"sale","14":"taxable","15":"shipping-taxable","16":"purchasable","17":"product-type-simple","18":"ebbe-col","19":"product-has-gallery"},"_links":{"self":[{"href":"https:\/\/nutrifitmax.co\/index.php\/wp-json\/wp\/v2\/product\/14832","targetHints":{"allow":["GET"]}}],"collection":[{"href":"https:\/\/nutrifitmax.co\/index.php\/wp-json\/wp\/v2\/product"}],"about":[{"href":"https:\/\/nutrifitmax.co\/index.php\/wp-json\/wp\/v2\/types\/product"}],"replies":[{"embeddable":true,"href":"https:\/\/nutrifitmax.co\/index.php\/wp-json\/wp\/v2\/comments?post=14832"}],"wp:featuredmedia":[{"embeddable":true,"href":"https:\/\/nutrifitmax.co\/index.php\/wp-json\/wp\/v2\/media\/14833"}],"wp:attachment":[{"href":"https:\/\/nutrifitmax.co\/index.php\/wp-json\/wp\/v2\/media?parent=14832"}],"wp:term":[{"taxonomy":"product_brand","embeddable":true,"href":"https:\/\/nutrifitmax.co\/index.php\/wp-json\/wp\/v2\/product_brand?post=14832"},{"taxonomy":"product_cat","embeddable":true,"href":"https:\/\/nutrifitmax.co\/index.php\/wp-json\/wp\/v2\/product_cat?post=14832"},{"taxonomy":"product_tag","embeddable":true,"href":"https:\/\/nutrifitmax.co\/index.php\/wp-json\/wp\/v2\/product_tag?post=14832"}],"curies":[{"name":"wp","href":"https:\/\/api.w.org\/{rel}","templated":true}]}}