{"id":14797,"date":"2026-01-21T15:48:38","date_gmt":"2026-01-21T15:48:38","guid":{"rendered":"https:\/\/nutrifitmax.co\/?post_type=product&#038;p=14797"},"modified":"2026-01-21T15:48:39","modified_gmt":"2026-01-21T15:48:39","slug":"bebida-amino-energy-lata","status":"publish","type":"product","link":"https:\/\/nutrifitmax.co\/index.php\/product\/bebida-amino-energy-lata\/","title":{"rendered":"BEBIDA AMINO ENERGY LATA"},"content":{"rendered":"<h4><strong>DESCRIPCION<\/strong><\/h4>\n<h4>Aumenta tu energ\u00eda en cualquier momento y lugar con Essential AmiN.O. Energy Lata. Esta refrescante bebida est\u00e1 formulada con 5 gramos de amino\u00e1cidos, 100 mg de cafe\u00edna de fuentes naturales y electrolitos para apoyar la hidrataci\u00f3n y un estilo de vida activo. Perfecta para esos momentos en los que necesitas un impulso, ya sea antes de tu entrenamiento o durante el d\u00eda.<\/h4>\n<ul>\n<li>Porci\u00f3n: 1 lata (355 mL)<\/li>\n<li>Amino\u00e1cidos: 5 g por porci\u00f3n<\/li>\n<li>Cafe\u00edna: 100 mg de fuentes naturales (grano de caf\u00e9, t\u00e9 verde)<\/li>\n<li>Electrolitos: ayuda a la hidrataci\u00f3n<\/li>\n<li>Sabores: variedad de sabores de frutas<\/li>\n<li>Modo de uso: consumir fr\u00edo en cualquier momento del d\u00eda<\/li>\n<li>Recomendaciones: no es un medicamento, mantener fuera del alcance de los ni\u00f1os<\/li>\n<\/ul>\n<p>\u00bfPor qu\u00e9 tomar Essential AmiN.O. Energy lata?<\/p>\n<p>Ayuda en el transporte de los amino\u00e1cidos esenciales, favorece la producci\u00f3n de \u00f3xido n\u00edtrico, acelera la recuperaci\u00f3n muscular, mejora la energ\u00eda y la concentraci\u00f3n.<\/p>\n<p>Eleva tu rendimiento y consigue los resultados deseados con\u00a0<a href=\"https:\/\/nutrifitmax.co\/?product_cat=on&amp;post_type=product&amp;s=\">nuestros suplementos de fuerza y resistencia<\/a>.<\/p>\n","protected":false},"excerpt":{"rendered":"<p>DESCRIPCION Aumenta tu energ\u00eda en cualquier momento y lugar con Essential AmiN.O. Energy Lata. Esta refrescante bebida est\u00e1 formulada con 5 gramos de amino\u00e1cidos, 100 mg de cafe\u00edna de fuentes naturales y electrolitos para apoyar la hidrataci\u00f3n y un estilo de vida activo. Perfecta para esos momentos en los que necesitas un impulso, ya sea [&hellip;]<\/p>\n","protected":false},"featured_media":14801,"comment_status":"open","ping_status":"closed","template":"","meta":{"inline_featured_image":false},"product_brand":[],"product_cat":[15],"product_tag":[],"class_list":{"0":"post-14797","1":"product","2":"type-product","3":"status-publish","4":"has-post-thumbnail","6":"product_cat-uncategorized","8":"first","9":"instock","10":"taxable","11":"shipping-taxable","12":"purchasable","13":"product-type-simple","14":"ebbe-col","15":"product-has-gallery"},"_links":{"self":[{"href":"https:\/\/nutrifitmax.co\/index.php\/wp-json\/wp\/v2\/product\/14797","targetHints":{"allow":["GET"]}}],"collection":[{"href":"https:\/\/nutrifitmax.co\/index.php\/wp-json\/wp\/v2\/product"}],"about":[{"href":"https:\/\/nutrifitmax.co\/index.php\/wp-json\/wp\/v2\/types\/product"}],"replies":[{"embeddable":true,"href":"https:\/\/nutrifitmax.co\/index.php\/wp-json\/wp\/v2\/comments?post=14797"}],"wp:featuredmedia":[{"embeddable":true,"href":"https:\/\/nutrifitmax.co\/index.php\/wp-json\/wp\/v2\/media\/14801"}],"wp:attachment":[{"href":"https:\/\/nutrifitmax.co\/index.php\/wp-json\/wp\/v2\/media?parent=14797"}],"wp:term":[{"taxonomy":"product_brand","embeddable":true,"href":"https:\/\/nutrifitmax.co\/index.php\/wp-json\/wp\/v2\/product_brand?post=14797"},{"taxonomy":"product_cat","embeddable":true,"href":"https:\/\/nutrifitmax.co\/index.php\/wp-json\/wp\/v2\/product_cat?post=14797"},{"taxonomy":"product_tag","embeddable":true,"href":"https:\/\/nutrifitmax.co\/index.php\/wp-json\/wp\/v2\/product_tag?post=14797"}],"curies":[{"name":"wp","href":"https:\/\/api.w.org\/{rel}","templated":true}]}}