{"id":14569,"date":"2026-01-14T00:58:37","date_gmt":"2026-01-14T00:58:37","guid":{"rendered":"https:\/\/nutrifitmax.co\/?post_type=product&#038;p=14569"},"modified":"2026-01-14T00:58:37","modified_gmt":"2026-01-14T00:58:37","slug":"whey-nutrex-2-lb-mas-creatina-60-servicios","status":"publish","type":"product","link":"https:\/\/nutrifitmax.co\/index.php\/product\/whey-nutrex-2-lb-mas-creatina-60-servicios\/","title":{"rendered":"WHEY NUTREX 2 LB MAS CREATINA 60 SERVICIOS"},"content":{"rendered":"<h4>Combo prote\u00edna nutrex 2 lb y creatina monohidrato por 60 servicios<\/h4>\n<h4>DESCRIPCION<\/h4>\n<h4>-100% WHEY es combustible puro para el desarrollo muscular y es perfecto para sus objetivos de desarrollo muscular. Contiene una mezcla premium de 24 g de concentrado de prote\u00edna de suero y aislado de prote\u00edna de suero por porci\u00f3n. Proporciona 11,3 g de EAA y 5,3 g de BCAA por cucharada. Se digiere f\u00e1cilmente. Tu cuerpo puede utilizarlo r\u00e1pidamente para apoyar el crecimiento muscular, la fuerza, el rendimiento y la recuperaci\u00f3n.<\/h4>\n<p>&#8211;<strong>Creatina Monohidrato de alta pureza; se toma a diario en cantidades de varios gramos durante un per\u00edodo bastante prolongado. Creatine Drive satisface incluso las demandas de calidad, seguridad y eficacia de los consumidores m\u00e1s exigentes.<\/strong><\/p>\n<ul>\n<li>5g de creatina monohidratada por scoop<\/li>\n<li>300g por envase (60 servicios)<\/li>\n<li>Alta calidad y pureza<\/li>\n<\/ul>\n","protected":false},"excerpt":{"rendered":"<p>Combo prote\u00edna nutrex 2 lb y creatina monohidrato por 60 servicios DESCRIPCION -100% WHEY es combustible puro para el desarrollo muscular y es perfecto para sus objetivos de desarrollo muscular. Contiene una mezcla premium de 24 g de concentrado de prote\u00edna de suero y aislado de prote\u00edna de suero por porci\u00f3n. Proporciona 11,3 g de [&hellip;]<\/p>\n","protected":false},"featured_media":14570,"comment_status":"open","ping_status":"closed","template":"","meta":{"inline_featured_image":false},"product_brand":[],"product_cat":[125,99,96,86,91,159,124,88],"product_tag":[],"class_list":{"0":"post-14569","1":"product","2":"type-product","3":"status-publish","4":"has-post-thumbnail","6":"product_cat-combos","7":"product_cat-creatinas","8":"product_cat-ganancia","9":"product_cat-marca","10":"product_cat-mas-vendidos","11":"product_cat-nutrex","12":"product_cat-ofertas","13":"product_cat-proteinas","15":"first","16":"instock","17":"sale","18":"taxable","19":"shipping-taxable","20":"purchasable","21":"product-type-simple","22":"ebbe-col"},"_links":{"self":[{"href":"https:\/\/nutrifitmax.co\/index.php\/wp-json\/wp\/v2\/product\/14569","targetHints":{"allow":["GET"]}}],"collection":[{"href":"https:\/\/nutrifitmax.co\/index.php\/wp-json\/wp\/v2\/product"}],"about":[{"href":"https:\/\/nutrifitmax.co\/index.php\/wp-json\/wp\/v2\/types\/product"}],"replies":[{"embeddable":true,"href":"https:\/\/nutrifitmax.co\/index.php\/wp-json\/wp\/v2\/comments?post=14569"}],"wp:featuredmedia":[{"embeddable":true,"href":"https:\/\/nutrifitmax.co\/index.php\/wp-json\/wp\/v2\/media\/14570"}],"wp:attachment":[{"href":"https:\/\/nutrifitmax.co\/index.php\/wp-json\/wp\/v2\/media?parent=14569"}],"wp:term":[{"taxonomy":"product_brand","embeddable":true,"href":"https:\/\/nutrifitmax.co\/index.php\/wp-json\/wp\/v2\/product_brand?post=14569"},{"taxonomy":"product_cat","embeddable":true,"href":"https:\/\/nutrifitmax.co\/index.php\/wp-json\/wp\/v2\/product_cat?post=14569"},{"taxonomy":"product_tag","embeddable":true,"href":"https:\/\/nutrifitmax.co\/index.php\/wp-json\/wp\/v2\/product_tag?post=14569"}],"curies":[{"name":"wp","href":"https:\/\/api.w.org\/{rel}","templated":true}]}}