{"id":14560,"date":"2026-01-14T00:27:20","date_gmt":"2026-01-14T00:27:20","guid":{"rendered":"https:\/\/nutrifitmax.co\/?post_type=product&#038;p=14560"},"modified":"2026-01-14T00:36:26","modified_gmt":"2026-01-14T00:36:26","slug":"mas-infusion-nutrex-12-lb","status":"publish","type":"product","link":"https:\/\/nutrifitmax.co\/index.php\/product\/mas-infusion-nutrex-12-lb\/","title":{"rendered":"MAS INFUSION NUTREX 12 LB"},"content":{"rendered":"<h2><strong>MASS INFUSION PROTE\u00cdNA<\/strong><\/h2>\n<p>Formulado expertamente para impulsar el r\u00e1pido aumento de peso y crecimiento muscular. Cada porci\u00f3n ofrece una colosal cantidad de 50 gramos de prote\u00edna y 1120 calor\u00edas, dise\u00f1adas para potenciar tu transformaci\u00f3n muscular.<\/p>\n<h4>Beneficios Principales<\/h4>\n<ul>\n<li><strong>50 Gramos de Prote\u00edna Premium por Servicio:<\/strong>\u00a0Apoya el crecimiento muscular y la s\u00edntesis proteica.<\/li>\n<li><strong>1120 Calor\u00edas por Servicio:<\/strong>\u00a0Proporciona una alta ingesta cal\u00f3rica para promover el aumento r\u00e1pido de peso y masa muscular.<\/li>\n<li><strong>Nutrientes Densos:<\/strong>\u00a0F\u00f3rmula rica en nutrientes perfecta para alcanzar tus objetivos de fuerza y peso.<\/li>\n<li><strong>EAAs y BCAAs:<\/strong>\u00a0Contiene una mezcla rica en amino\u00e1cidos esenciales y amino\u00e1cidos de cadena ramificada para apoyar la s\u00edntesis proteica y la recuperaci\u00f3n r\u00e1pida.<\/li>\n<\/ul>\n<p><strong>Somos distribuidores de NUTREX\u00a0 Si quieres m\u00e1s informaci\u00f3n o mejores precios comun\u00edcate con nosotros en nuestro <a href=\"https:\/\/www.instagram.com\/nutrifitmaxpereira\/?hl=es\">Instagram<\/a>\u00a0o en nuestro\u00a0<a href=\"https:\/\/api.whatsapp.com\/send?phone=573026673078\">WhatsApp<\/a><br \/>\nSi quieres ver m\u00e1s productos de la l\u00ednea ingresa a este\u00a0<a href=\"https:\/\/nutrifitmax.co\/index.php\/product-category\/marca\/nutrex\/\">link<\/a>\u00a0ahora.<br \/>\nLos mejores suplementos garantizados los encuentras en NUTRIFITMAX<\/strong><\/p>\n<p>&nbsp;<\/p>\n","protected":false},"excerpt":{"rendered":"<p>MASS INFUSION PROTE\u00cdNA Formulado expertamente para impulsar el r\u00e1pido aumento de peso y crecimiento muscular. Cada porci\u00f3n ofrece una colosal cantidad de 50 gramos de prote\u00edna y 1120 calor\u00edas, dise\u00f1adas para potenciar tu transformaci\u00f3n muscular. Beneficios Principales 50 Gramos de Prote\u00edna Premium por Servicio:\u00a0Apoya el crecimiento muscular y la s\u00edntesis proteica. 1120 Calor\u00edas por Servicio:\u00a0Proporciona [&hellip;]<\/p>\n","protected":false},"featured_media":14562,"comment_status":"open","ping_status":"closed","template":"","meta":{"inline_featured_image":false},"product_brand":[],"product_cat":[86,91,159,103],"product_tag":[],"class_list":{"0":"post-14560","1":"product","2":"type-product","3":"status-publish","4":"has-post-thumbnail","6":"product_cat-marca","7":"product_cat-mas-vendidos","8":"product_cat-nutrex","9":"product_cat-proteinas-concentradas","11":"first","12":"instock","13":"taxable","14":"shipping-taxable","15":"purchasable","16":"product-type-simple","17":"ebbe-col","18":"product-has-gallery"},"_links":{"self":[{"href":"https:\/\/nutrifitmax.co\/index.php\/wp-json\/wp\/v2\/product\/14560","targetHints":{"allow":["GET"]}}],"collection":[{"href":"https:\/\/nutrifitmax.co\/index.php\/wp-json\/wp\/v2\/product"}],"about":[{"href":"https:\/\/nutrifitmax.co\/index.php\/wp-json\/wp\/v2\/types\/product"}],"replies":[{"embeddable":true,"href":"https:\/\/nutrifitmax.co\/index.php\/wp-json\/wp\/v2\/comments?post=14560"}],"wp:featuredmedia":[{"embeddable":true,"href":"https:\/\/nutrifitmax.co\/index.php\/wp-json\/wp\/v2\/media\/14562"}],"wp:attachment":[{"href":"https:\/\/nutrifitmax.co\/index.php\/wp-json\/wp\/v2\/media?parent=14560"}],"wp:term":[{"taxonomy":"product_brand","embeddable":true,"href":"https:\/\/nutrifitmax.co\/index.php\/wp-json\/wp\/v2\/product_brand?post=14560"},{"taxonomy":"product_cat","embeddable":true,"href":"https:\/\/nutrifitmax.co\/index.php\/wp-json\/wp\/v2\/product_cat?post=14560"},{"taxonomy":"product_tag","embeddable":true,"href":"https:\/\/nutrifitmax.co\/index.php\/wp-json\/wp\/v2\/product_tag?post=14560"}],"curies":[{"name":"wp","href":"https:\/\/api.w.org\/{rel}","templated":true}]}}