{"id":14556,"date":"2026-01-14T00:16:06","date_gmt":"2026-01-14T00:16:06","guid":{"rendered":"https:\/\/nutrifitmax.co\/?post_type=product&#038;p=14556"},"modified":"2026-03-26T19:55:47","modified_gmt":"2026-03-26T19:55:47","slug":"whey-nutrex-2-lb","status":"publish","type":"product","link":"https:\/\/nutrifitmax.co\/index.php\/product\/whey-nutrex-2-lb\/","title":{"rendered":"WHEY NUTREX 2 LB"},"content":{"rendered":"<h4>DESCRIPCION<\/h4>\n<h4>100% WHEY es combustible puro para el desarrollo muscular y es perfecto para sus objetivos de desarrollo muscular. Contiene una mezcla premium de 24 g de concentrado de prote\u00edna de suero y aislado de prote\u00edna de suero por porci\u00f3n. Proporciona 11,3 g de EAA y 5,3 g de BCAA por cucharada. Se digiere f\u00e1cilmente. Tu cuerpo puede utilizarlo r\u00e1pidamente para apoyar el crecimiento muscular, la fuerza, el rendimiento y la recuperaci\u00f3n.<\/h4>\n<h4>Calidad y sabor premium<\/h4>\n<h4>100% WHEY es exactamente lo que buscas: \u00a1Prote\u00edna de suero premium con un sabor excepcional! \u00a1Est\u00e1 instant\u00e1neo para una mezcla s\u00faper f\u00e1cil, contiene todos los amino\u00e1cidos esenciales para el desarrollo muscular y es extremadamente vers\u00e1til de usar!<\/h4>\n<h4>Para obtener los mejores resultados, mezcle 1 cucharada (1 porci\u00f3n) en 6 a 8 onzas de agua, leche o cualquier otra bebida de su elecci\u00f3n. Consuma 30 minutos despu\u00e9s de su entrenamiento, a primera hora de la ma\u00f1ana o en cualquier momento del d\u00eda como una bebida rica en prote\u00ednas de r\u00e1pida absorci\u00f3n.<\/h4>\n<p><strong>Somos distribuidores de NUTREX\u00a0 Si quieres m\u00e1s informaci\u00f3n o mejores precios comun\u00edcate con nosotros en nuestro <a href=\"https:\/\/www.instagram.com\/nutrifitmaxpereira\/?hl=es\">Instagram<\/a>\u00a0o en nuestro\u00a0<a href=\"https:\/\/api.whatsapp.com\/send?phone=573026673078\">WhatsApp<\/a><br \/>\nSi quieres ver m\u00e1s productos de la l\u00ednea ingresa a este\u00a0<a href=\"https:\/\/nutrifitmax.co\/index.php\/product-category\/marca\/nutrex\/\">link<\/a>\u00a0ahora.<br \/>\nLos mejores suplementos garantizados los encuentras en NUTRIFITMAX<\/strong><\/p>\n<p>&nbsp;<\/p>\n","protected":false},"excerpt":{"rendered":"<p>DESCRIPCION 100% WHEY es combustible puro para el desarrollo muscular y es perfecto para sus objetivos de desarrollo muscular. Contiene una mezcla premium de 24 g de concentrado de prote\u00edna de suero y aislado de prote\u00edna de suero por porci\u00f3n. Proporciona 11,3 g de EAA y 5,3 g de BCAA por cucharada. Se digiere f\u00e1cilmente. [&hellip;]<\/p>\n","protected":false},"featured_media":14557,"comment_status":"open","ping_status":"closed","template":"","meta":{"inline_featured_image":false},"product_brand":[],"product_cat":[86,91,159,88,103,89],"product_tag":[],"class_list":{"0":"post-14556","1":"product","2":"type-product","3":"status-publish","4":"has-post-thumbnail","6":"product_cat-marca","7":"product_cat-mas-vendidos","8":"product_cat-nutrex","9":"product_cat-proteinas","10":"product_cat-proteinas-concentradas","11":"product_cat-proteinas-hipocaloricas","13":"first","14":"instock","15":"taxable","16":"shipping-taxable","17":"purchasable","18":"product-type-simple","19":"ebbe-col"},"_links":{"self":[{"href":"https:\/\/nutrifitmax.co\/index.php\/wp-json\/wp\/v2\/product\/14556","targetHints":{"allow":["GET"]}}],"collection":[{"href":"https:\/\/nutrifitmax.co\/index.php\/wp-json\/wp\/v2\/product"}],"about":[{"href":"https:\/\/nutrifitmax.co\/index.php\/wp-json\/wp\/v2\/types\/product"}],"replies":[{"embeddable":true,"href":"https:\/\/nutrifitmax.co\/index.php\/wp-json\/wp\/v2\/comments?post=14556"}],"wp:featuredmedia":[{"embeddable":true,"href":"https:\/\/nutrifitmax.co\/index.php\/wp-json\/wp\/v2\/media\/14557"}],"wp:attachment":[{"href":"https:\/\/nutrifitmax.co\/index.php\/wp-json\/wp\/v2\/media?parent=14556"}],"wp:term":[{"taxonomy":"product_brand","embeddable":true,"href":"https:\/\/nutrifitmax.co\/index.php\/wp-json\/wp\/v2\/product_brand?post=14556"},{"taxonomy":"product_cat","embeddable":true,"href":"https:\/\/nutrifitmax.co\/index.php\/wp-json\/wp\/v2\/product_cat?post=14556"},{"taxonomy":"product_tag","embeddable":true,"href":"https:\/\/nutrifitmax.co\/index.php\/wp-json\/wp\/v2\/product_tag?post=14556"}],"curies":[{"name":"wp","href":"https:\/\/api.w.org\/{rel}","templated":true}]}}