{"id":14554,"date":"2026-01-14T00:12:58","date_gmt":"2026-01-14T00:12:58","guid":{"rendered":"https:\/\/nutrifitmax.co\/?post_type=product&#038;p=14554"},"modified":"2026-01-14T00:28:35","modified_gmt":"2026-01-14T00:28:35","slug":"precision-2-lb-vainilla","status":"publish","type":"product","link":"https:\/\/nutrifitmax.co\/index.php\/product\/precision-2-lb-vainilla\/","title":{"rendered":"PRECISION 2 LB VAINILLA"},"content":{"rendered":"<p><strong>DESCRIPCION\u00a0<\/strong><\/p>\n<ul>\n<li>\u00a1Prote\u00edna de suero 100% hidrolizada!<\/li>\n<li>\u00a125 gramos de prote\u00edna Ultra-Premium por raci\u00f3n!<\/li>\n<li>\u00a1Solo 2 gramos de grasa y 2 gramos de carbohidratos por raci\u00f3n!<\/li>\n<li>Sin gluten<\/li>\n<\/ul>\n<p>Hi-Tech Pharmaceuticals se enorgullece de anunciar el \u00faltimo avance en la tecnolog\u00eda de suplementos de prote\u00edna de suero con el lanzamiento de Precision Protein\u00ae. Con la innovadora y revolucionaria Tecnolog\u00eda\u2122 de Enzimas Embebidas (EET), este nuevo avance mejora la tasa de liberaci\u00f3n y la biodisponibilidad de los p\u00e9ptidos de leucina para un anabolismo y crecimiento muscular inauditos.\u2020<\/p>\n<p>Precision Protein\u00ae es la primera de su tipo y ofrece numerosos beneficios, que no se encuentran en ning\u00fan otro lugar:<\/p>\n<ul>\n<li>Prote\u00edna de suero 100% hidrolizada para la absorci\u00f3n inmediata de amino\u00e1cidos\u2020<\/li>\n<li>Tecnolog\u00eda\u2122 enzim\u00e1tica incrustada (EET) para un aumento del anabolismo inducido por p\u00e9ptidos de leucina\u2020<\/li>\n<li>Aumento del crecimiento hipertr\u00f3fico y la s\u00edntesis de prote\u00ednas\u2020<\/li>\n<li>\u00bfRegulaci\u00f3n al alza de la v\u00eda de construcci\u00f3n muscular de se\u00f1alizaci\u00f3n mTOR\u2020<\/li>\n<li>Mejora de la biodisponibilidad y absorci\u00f3n de BCAAs y EAAs\u2020<\/li>\n<\/ul>\n<p>El polvo de prote\u00edna promedio funciona proporcion\u00e1ndote largas cadenas de amino\u00e1cidos que el cuerpo debe descomponer en amino\u00e1cidos individuales mediante un proceso conocido como hidr\u00f3lisis. Cuando el cuerpo hidroliza la prote\u00edna que bebes, se reduce a numerosos amino\u00e1cidos y p\u00e9ptidos diferentes dependiendo de lo que necesite en ese momento. Sin embargo, Precision Protein\u00ae cambia completamente la suplementaci\u00f3n proteica al realizar el trabajo de hidr\u00f3lisis antes de que llegue siquiera a tu est\u00f3mago\u2020<\/p>\n<p>La Tecnolog\u00eda\u00ae de Enzimas Embebidas es lo que impulsa las acciones altamente anab\u00f3licas de la Prote\u00edna\u2122 de Precisi\u00f3n. Este sistema de entrega bif\u00e1sica pendiente de patente funciona mediante dos acciones de hidr\u00f3lisis separadas; primero en la producci\u00f3n del polvo de prote\u00edna en s\u00ed, y luego de nuevo cuando est\u00e9s listo para consumirlo\u2020<\/p>\n<p>Desde el momento en que a\u00f1ades l\u00edquido a tu raci\u00f3n de Precision Protein\u00ae, se activa una matriz especializada incrustada en prote\u00ednas que comienza a hidrolizar la prote\u00edna en los lugares identificados. La EET\u2122 ofrece un mayor crecimiento muscular que la prote\u00edna tradicional del suero debido a su capacidad para descomponer la prote\u00edna de forma especializada, liberando niveles significativamente m\u00e1s altos de p\u00e9ptidos de leucina y otros agentes anab\u00f3licos cl\u00ednicamente probados.\u2020<\/p>\n<p>Precision Protein\u00ae toma el generador muscular m\u00e1s probado de todos los tiempos, la prote\u00edna, e incorpora los procesos cient\u00edficos m\u00e1s avanzados para hacerlo m\u00e1s biodisponible, m\u00e1s anab\u00f3lico y m\u00e1s f\u00e1cil de digerir. Tu cuerpo merece la MEJOR fuente de prote\u00edna posible.<\/p>\n","protected":false},"excerpt":{"rendered":"<p>DESCRIPCION\u00a0 \u00a1Prote\u00edna de suero 100% hidrolizada! \u00a125 gramos de prote\u00edna Ultra-Premium por raci\u00f3n! \u00a1Solo 2 gramos de grasa y 2 gramos de carbohidratos por raci\u00f3n! Sin gluten Hi-Tech Pharmaceuticals se enorgullece de anunciar el \u00faltimo avance en la tecnolog\u00eda de suplementos de prote\u00edna de suero con el lanzamiento de Precision Protein\u00ae. Con la innovadora y [&hellip;]<\/p>\n","protected":false},"featured_media":14555,"comment_status":"open","ping_status":"closed","template":"","meta":{"inline_featured_image":false},"product_brand":[],"product_cat":[85,96,160,86,89],"product_tag":[],"class_list":{"0":"post-14554","1":"product","2":"type-product","3":"status-publish","4":"has-post-thumbnail","6":"product_cat-definicion","7":"product_cat-ganancia","8":"product_cat-hi-tech","9":"product_cat-marca","10":"product_cat-proteinas-hipocaloricas","12":"first","13":"instock","14":"taxable","15":"shipping-taxable","16":"purchasable","17":"product-type-simple","18":"ebbe-col","19":"product-has-gallery"},"_links":{"self":[{"href":"https:\/\/nutrifitmax.co\/index.php\/wp-json\/wp\/v2\/product\/14554","targetHints":{"allow":["GET"]}}],"collection":[{"href":"https:\/\/nutrifitmax.co\/index.php\/wp-json\/wp\/v2\/product"}],"about":[{"href":"https:\/\/nutrifitmax.co\/index.php\/wp-json\/wp\/v2\/types\/product"}],"replies":[{"embeddable":true,"href":"https:\/\/nutrifitmax.co\/index.php\/wp-json\/wp\/v2\/comments?post=14554"}],"wp:featuredmedia":[{"embeddable":true,"href":"https:\/\/nutrifitmax.co\/index.php\/wp-json\/wp\/v2\/media\/14555"}],"wp:attachment":[{"href":"https:\/\/nutrifitmax.co\/index.php\/wp-json\/wp\/v2\/media?parent=14554"}],"wp:term":[{"taxonomy":"product_brand","embeddable":true,"href":"https:\/\/nutrifitmax.co\/index.php\/wp-json\/wp\/v2\/product_brand?post=14554"},{"taxonomy":"product_cat","embeddable":true,"href":"https:\/\/nutrifitmax.co\/index.php\/wp-json\/wp\/v2\/product_cat?post=14554"},{"taxonomy":"product_tag","embeddable":true,"href":"https:\/\/nutrifitmax.co\/index.php\/wp-json\/wp\/v2\/product_tag?post=14554"}],"curies":[{"name":"wp","href":"https:\/\/api.w.org\/{rel}","templated":true}]}}