{"id":14550,"date":"2026-01-13T23:41:08","date_gmt":"2026-01-13T23:41:08","guid":{"rendered":"https:\/\/nutrifitmax.co\/?post_type=product&#038;p=14550"},"modified":"2026-01-13T23:41:51","modified_gmt":"2026-01-13T23:41:51","slug":"creatina-animal-500-gramos","status":"publish","type":"product","link":"https:\/\/nutrifitmax.co\/index.php\/product\/creatina-animal-500-gramos\/","title":{"rendered":"CREATINA ANIMAL 500 GRAMOS"},"content":{"rendered":"<h4>CARACTERISTICAS<\/h4>\n<h4>La Animal Creatine 100 Servicios Micronizada Monohidratada de Universal es un suplemento de primera calidad que ha sido dise\u00f1ado para proporcionar resultados excepcionales en el aumento de la fuerza y el rendimiento f\u00edsico. Con un impresionante tama\u00f1o de 500 Gramos y 100 servicios, este producto ofrece una soluci\u00f3n duradera y efectiva para los atletas y entusiastas del fitness que buscan maximizar su potencial.<\/h4>\n<h4>Esta creatina micronizada monohidratada ha sido cuidadosamente procesada para garantizar una absorci\u00f3n y una entrega \u00f3ptimas. La micronizaci\u00f3n mejora la solubilidad del polvo, lo que significa que cada servicio proporciona una dosis concentrada de creatina de alta calidad para apoyar el crecimiento muscular, la resistencia y la recuperaci\u00f3n post-entrenamiento. La f\u00f3rmula se ha desarrollado para disolverse f\u00e1cilmente en l\u00edquidos, lo que permite una ingesti\u00f3n r\u00e1pida y conveniente.<\/h4>\n<h4>Universal es una marca l\u00edder en la industria de la nutrici\u00f3n deportiva, reconocida por su compromiso con la excelencia y la calidad en cada uno de sus productos.<\/h4>\n<h3><strong>Descripci\u00f3n<\/strong><\/h3>\n<ul>\n<li class=\"gs_p\">\n<h4><span style=\"color: #333333;\"><a class=\"gs_mdlink\" style=\"color: #333333;\" tabindex=\"0\" href=\"https:\/\/nutrifitmax.co\/index.php\/product\/animal-pak-44-packs\/\" target=\"_blank\" rel=\"noopener\"><span class=\"gs_cit_txt\" tabindex=\"-1\" data-sups=\"1\" data-hover-id=\"1\"><strong><span class=\"gs_tkn\">5\u00a0<\/span><span class=\"gs_tkn\">gramos\u00a0<\/span><span class=\"gs_tkn\">de\u00a0<\/span><span class=\"gs_tkn\">creatina\u00a0<\/span><span class=\"gs_tkn\">por\u00a0<\/span><span class=\"gs_tkn\">porci\u00f3n<\/span><\/strong><span class=\"gs_tkn\">:\u00a0<\/span><span class=\"gs_tkn\">Mejora\u00a0<\/span><span class=\"gs_tkn\">la\u00a0<\/span><span class=\"gs_tkn\">producci\u00f3n\u00a0<\/span><span class=\"gs_tkn\">de\u00a0<\/span><span class=\"gs_tkn\">ATP\u00a0<\/span><span class=\"gs_tkn\">en\u00a0<\/span><span class=\"gs_tkn\">el\u00a0<\/span><span class=\"gs_tkn\">cuerpo,\u00a0<\/span><span class=\"gs_tkn\">proporcionando\u00a0<\/span><span class=\"gs_tkn\">energ\u00eda\u00a0<\/span><span class=\"gs_tkn\">para\u00a0<\/span><span class=\"gs_tkn\">entrenar\u00a0<\/span><span class=\"gs_tkn\">m\u00e1s\u00a0<\/span><span class=\"gs_tkn\">duro\u00a0<\/span><span class=\"gs_tkn\">y\u00a0<\/span><span class=\"gs_tkn\">por\u00a0<\/span><span class=\"gs_tkn\">m\u00e1s\u00a0<\/span><span class=\"gs_tkn\">tiempo.\u00a0<\/span><\/span><\/a><\/span><\/h4>\n<\/li>\n<li class=\"gs_p\">\n<h4><span style=\"color: #333333;\"><a class=\"gs_mdlink\" style=\"color: #333333;\" tabindex=\"0\" href=\"https:\/\/nutrifitmax.co\/index.php\/product\/animal-pak-44-packs\/\" target=\"_blank\" rel=\"noopener\"><span class=\"gs_cit_txt\" tabindex=\"-1\" data-sups=\"2\" data-hover-id=\"2\"><strong><span class=\"gs_tkn\">Sin\u00a0<\/span><span class=\"gs_tkn\">sabor\u00a0<\/span><span class=\"gs_tkn\">y\u00a0<\/span><span class=\"gs_tkn\">sin\u00a0<\/span><span class=\"gs_tkn\">aditivos<\/span><\/strong><span class=\"gs_tkn\">:\u00a0<\/span><span class=\"gs_tkn\">F\u00e1cil\u00a0<\/span><span class=\"gs_tkn\">de\u00a0<\/span><span class=\"gs_tkn\">mezclar\u00a0<\/span><span class=\"gs_tkn\">con\u00a0<\/span><span class=\"gs_tkn\">bebidas\u00a0<\/span><span class=\"gs_tkn\">favoritas,\u00a0<\/span><span class=\"gs_tkn\">sin\u00a0<\/span><span class=\"gs_tkn\">sabores\u00a0<\/span><span class=\"gs_tkn\">artificiales,\u00a0<\/span><span class=\"gs_tkn\">edulcorantes\u00a0<\/span><span class=\"gs_tkn\">ni\u00a0<\/span><span class=\"gs_tkn\">aditivos.\u00a0<\/span><\/span><\/a><\/span><\/h4>\n<\/li>\n<li class=\"gs_p\">\n<h4><span style=\"color: #333333;\"><a class=\"gs_mdlink\" style=\"color: #333333;\" tabindex=\"0\" href=\"https:\/\/nutrifitmax.co\/index.php\/product\/animal-pak-44-packs\/\" target=\"_blank\" rel=\"noopener\"><span class=\"gs_cit_txt\" tabindex=\"-1\" data-sups=\"2\" data-hover-id=\"3\"><strong><span class=\"gs_tkn\">Sin\u00a0<\/span><span class=\"gs_tkn\">gluten,\u00a0<\/span><span class=\"gs_tkn\">lactosa\u00a0<\/span><span class=\"gs_tkn\">ni\u00a0<\/span><span class=\"gs_tkn\">soja<\/span><\/strong><span class=\"gs_tkn\">:\u00a0<\/span><span class=\"gs_tkn\">Adecuado\u00a0<\/span><span class=\"gs_tkn\">para\u00a0<\/span><span class=\"gs_tkn\">personas\u00a0<\/span><span class=\"gs_tkn\">con\u00a0<\/span><span class=\"gs_tkn\">intolerancias\u00a0<\/span><span class=\"gs_tkn\">o\u00a0<\/span><span class=\"gs_tkn\">alergias\u00a0<\/span><span class=\"gs_tkn\">alimentarias.\u00a0<\/span><\/span><\/a><\/span><\/h4>\n<\/li>\n<li>\n<h4><span style=\"color: #333333;\"><a class=\"gs_mdlink\" style=\"color: #333333;\" tabindex=\"0\" href=\"https:\/\/nutrifitmax.co\/index.php\/product\/animal-pak-44-packs\/\" target=\"_blank\" rel=\"noopener\"><span class=\"gs_cit_txt\" tabindex=\"-1\" data-sups=\"2\" data-hover-id=\"4\"><strong><span class=\"gs_tkn\">Mejora\u00a0<\/span><span class=\"gs_tkn\">la\u00a0<\/span><span class=\"gs_tkn\">funci\u00f3n\u00a0<\/span><span class=\"gs_tkn\">cognitiva<\/span><\/strong><span class=\"gs_tkn\">:\u00a0<\/span><span class=\"gs_tkn\">Puede\u00a0<\/span><span class=\"gs_tkn\">ayudar\u00a0<\/span><span class=\"gs_tkn\">a\u00a0<\/span><span class=\"gs_tkn\">mejorar\u00a0<\/span><span class=\"gs_tkn\">la\u00a0<\/span><span class=\"gs_tkn\">concentraci\u00f3n,\u00a0<\/span><span class=\"gs_tkn\">memoria\u00a0<\/span><span class=\"gs_tkn\">y\u00a0<\/span><span class=\"gs_tkn\">atenci\u00f3n.\u00a0<\/span><\/span><\/a><\/span><\/h4>\n<\/li>\n<li>\n<h4><span style=\"color: #333333;\"><a class=\"gs_mdlink\" style=\"color: #333333;\" tabindex=\"0\" href=\"https:\/\/nutrifitmax.co\/index.php\/product\/animal-pak-44-packs\/\" target=\"_blank\" rel=\"noopener\"><span class=\"gs_cit_txt\" tabindex=\"-1\" data-sups=\"2\" data-hover-id=\"6\"><span class=\"gs_tkn\">La\u00a0<\/span><span class=\"gs_tkn\">creatina\u00a0<\/span><span class=\"gs_tkn\">animal\u00a0<\/span><span class=\"gs_tkn\">micronizada\u00a0<\/span><span class=\"gs_tkn\">es\u00a0<\/span><span class=\"gs_tkn\">un\u00a0<\/span><span class=\"gs_tkn\">suplemento\u00a0<\/span><span class=\"gs_tkn\">b\u00e1sico\u00a0<\/span><span class=\"gs_tkn\">para\u00a0<\/span><span class=\"gs_tkn\">cualquier\u00a0<\/span><span class=\"gs_tkn\">r\u00e9gimen\u00a0<\/span><span class=\"gs_tkn\">de\u00a0<\/span><span class=\"gs_tkn\">entrenamiento\u00a0<\/span><span class=\"gs_tkn\">que\u00a0<\/span><span class=\"gs_tkn\">busque\u00a0<\/span><span class=\"gs_tkn\">maximizar\u00a0<\/span><span class=\"gs_tkn\">el\u00a0<\/span><span class=\"gs_tkn\">crecimiento\u00a0<\/span><span class=\"gs_tkn\">muscular,\u00a0<\/span><span class=\"gs_tkn\">aumentar\u00a0<\/span><span class=\"gs_tkn\">la\u00a0<\/span><span class=\"gs_tkn\">fuerza\u00a0<\/span><span class=\"gs_tkn\">y\u00a0<\/span><span class=\"gs_tkn\">mejorar\u00a0<\/span><span class=\"gs_tkn\">el\u00a0<\/span><span class=\"gs_tkn\">rendimiento\u00a0<\/span><span class=\"gs_tkn\">deportivo.\u00a0<\/span><\/span><\/a><\/span><\/h4>\n<\/li>\n<\/ul>\n<div class=\"gs_tkn gs_sup_cit gs_sup_cit2\" tabindex=\"0\" data-priority=\"2\" data-hover-id=\"6\">\n<h4 class=\"gs_sm_cit\" tabindex=\"-1\" role=\"button\" aria-label=\"1 citation\"><\/h4>\n<\/div>\n","protected":false},"excerpt":{"rendered":"<p>CARACTERISTICAS La Animal Creatine 100 Servicios Micronizada Monohidratada de Universal es un suplemento de primera calidad que ha sido dise\u00f1ado para proporcionar resultados excepcionales en el aumento de la fuerza y el rendimiento f\u00edsico. Con un impresionante tama\u00f1o de 500 Gramos y 100 servicios, este producto ofrece una soluci\u00f3n duradera y efectiva para los atletas [&hellip;]<\/p>\n","protected":false},"featured_media":14551,"comment_status":"open","ping_status":"closed","template":"","meta":{"inline_featured_image":false},"product_brand":[],"product_cat":[99,86,95,115],"product_tag":[],"class_list":{"0":"post-14550","1":"product","2":"type-product","3":"status-publish","4":"has-post-thumbnail","6":"product_cat-creatinas","7":"product_cat-marca","8":"product_cat-recuperacion","9":"product_cat-universal","11":"first","12":"instock","13":"taxable","14":"shipping-taxable","15":"purchasable","16":"product-type-simple","17":"ebbe-col"},"_links":{"self":[{"href":"https:\/\/nutrifitmax.co\/index.php\/wp-json\/wp\/v2\/product\/14550","targetHints":{"allow":["GET"]}}],"collection":[{"href":"https:\/\/nutrifitmax.co\/index.php\/wp-json\/wp\/v2\/product"}],"about":[{"href":"https:\/\/nutrifitmax.co\/index.php\/wp-json\/wp\/v2\/types\/product"}],"replies":[{"embeddable":true,"href":"https:\/\/nutrifitmax.co\/index.php\/wp-json\/wp\/v2\/comments?post=14550"}],"wp:featuredmedia":[{"embeddable":true,"href":"https:\/\/nutrifitmax.co\/index.php\/wp-json\/wp\/v2\/media\/14551"}],"wp:attachment":[{"href":"https:\/\/nutrifitmax.co\/index.php\/wp-json\/wp\/v2\/media?parent=14550"}],"wp:term":[{"taxonomy":"product_brand","embeddable":true,"href":"https:\/\/nutrifitmax.co\/index.php\/wp-json\/wp\/v2\/product_brand?post=14550"},{"taxonomy":"product_cat","embeddable":true,"href":"https:\/\/nutrifitmax.co\/index.php\/wp-json\/wp\/v2\/product_cat?post=14550"},{"taxonomy":"product_tag","embeddable":true,"href":"https:\/\/nutrifitmax.co\/index.php\/wp-json\/wp\/v2\/product_tag?post=14550"}],"curies":[{"name":"wp","href":"https:\/\/api.w.org\/{rel}","templated":true}]}}