{"id":14543,"date":"2026-01-13T23:18:04","date_gmt":"2026-01-13T23:18:04","guid":{"rendered":"https:\/\/nutrifitmax.co\/?post_type=product&#038;p=14543"},"modified":"2026-02-18T14:00:42","modified_gmt":"2026-02-18T14:00:42","slug":"creatina-nutrex-400-gramos","status":"publish","type":"product","link":"https:\/\/nutrifitmax.co\/index.php\/product\/creatina-nutrex-400-gramos\/","title":{"rendered":"CREATINA NUTREX 400 GRAMOS"},"content":{"rendered":"<h4><strong>Caracter\u00edsticas:<\/strong><\/h4>\n<ul>\n<li>Aumenta fuerza muscular, rendimiento f\u00edsico y velocidad.<\/li>\n<li>Desarrollo muscular y volumen celular.<\/li>\n<li>Recuperaci\u00f3n entre esfuerzos de alta intensidad y corta duraci\u00f3n.<\/li>\n<li>Favorece s\u00edntesis proteica y protege la musculatura<\/li>\n<li>No contiene saborizantes ni edulcorantes.<\/li>\n<li>Contiene 80 servicios<\/li>\n<\/ul>\n<p>Modo de Empleo: Tomar de 1 a 2 servidas por d\u00eda.<\/p>\n<p><strong>Somos distribuidores de NUTREX\u00a0 Si quieres m\u00e1s informaci\u00f3n o mejores precios comun\u00edcate con nosotros en nuestro<span style=\"color: #ff0000;\"> <a style=\"color: #ff0000;\" href=\"https:\/\/www.instagram.com\/nutrifitmaxpereira\/?hl=es\">Instagram<\/a><\/span>\u00a0o en nuestro\u00a0<span style=\"color: #ff0000;\"><a style=\"color: #ff0000;\" href=\"https:\/\/api.whatsapp.com\/send?phone=573026673078\">WhatsApp<\/a><\/span><br \/>\nSi quieres ver m\u00e1s productos de la l\u00ednea ingresa a este\u00a0<span style=\"color: #ff0000;\"><a style=\"color: #ff0000;\" href=\"https:\/\/nutrifitmax.co\/index.php\/product-category\/marca\/nutrex\/\">link<\/a><\/span>\u00a0ahora.<br \/>\nLos mejores suplementos garantizados los encuentras en NUTRIFITMAX<\/strong><\/p>\n<p>&nbsp;<\/p>\n","protected":false},"excerpt":{"rendered":"<p>Caracter\u00edsticas: Aumenta fuerza muscular, rendimiento f\u00edsico y velocidad. Desarrollo muscular y volumen celular. Recuperaci\u00f3n entre esfuerzos de alta intensidad y corta duraci\u00f3n. Favorece s\u00edntesis proteica y protege la musculatura No contiene saborizantes ni edulcorantes. Contiene 80 servicios Modo de Empleo: Tomar de 1 a 2 servidas por d\u00eda. Somos distribuidores de NUTREX\u00a0 Si quieres m\u00e1s [&hellip;]<\/p>\n","protected":false},"featured_media":14544,"comment_status":"open","ping_status":"closed","template":"","meta":{"inline_featured_image":false},"product_brand":[],"product_cat":[99,86,159,95],"product_tag":[],"class_list":{"0":"post-14543","1":"product","2":"type-product","3":"status-publish","4":"has-post-thumbnail","6":"product_cat-creatinas","7":"product_cat-marca","8":"product_cat-nutrex","9":"product_cat-recuperacion","11":"first","12":"instock","13":"taxable","14":"shipping-taxable","15":"purchasable","16":"product-type-simple","17":"ebbe-col","18":"product-has-gallery"},"_links":{"self":[{"href":"https:\/\/nutrifitmax.co\/index.php\/wp-json\/wp\/v2\/product\/14543","targetHints":{"allow":["GET"]}}],"collection":[{"href":"https:\/\/nutrifitmax.co\/index.php\/wp-json\/wp\/v2\/product"}],"about":[{"href":"https:\/\/nutrifitmax.co\/index.php\/wp-json\/wp\/v2\/types\/product"}],"replies":[{"embeddable":true,"href":"https:\/\/nutrifitmax.co\/index.php\/wp-json\/wp\/v2\/comments?post=14543"}],"wp:featuredmedia":[{"embeddable":true,"href":"https:\/\/nutrifitmax.co\/index.php\/wp-json\/wp\/v2\/media\/14544"}],"wp:attachment":[{"href":"https:\/\/nutrifitmax.co\/index.php\/wp-json\/wp\/v2\/media?parent=14543"}],"wp:term":[{"taxonomy":"product_brand","embeddable":true,"href":"https:\/\/nutrifitmax.co\/index.php\/wp-json\/wp\/v2\/product_brand?post=14543"},{"taxonomy":"product_cat","embeddable":true,"href":"https:\/\/nutrifitmax.co\/index.php\/wp-json\/wp\/v2\/product_cat?post=14543"},{"taxonomy":"product_tag","embeddable":true,"href":"https:\/\/nutrifitmax.co\/index.php\/wp-json\/wp\/v2\/product_tag?post=14543"}],"curies":[{"name":"wp","href":"https:\/\/api.w.org\/{rel}","templated":true}]}}