{"id":14537,"date":"2026-01-13T22:47:11","date_gmt":"2026-01-13T22:47:11","guid":{"rendered":"https:\/\/nutrifitmax.co\/?post_type=product&#038;p=14537"},"modified":"2026-01-13T23:09:03","modified_gmt":"2026-01-13T23:09:03","slug":"rage-level-pro-30-ser","status":"publish","type":"product","link":"https:\/\/nutrifitmax.co\/index.php\/product\/rage-level-pro-30-ser\/","title":{"rendered":"RAGE LEVEL PRO 30 SER"},"content":{"rendered":"<h4><strong>DESCRIPCION:<\/strong><\/h4>\n<p>PRE WORKOUT DE ALTO IMPACTO \ud83d\udd25<br \/>\nNo es energ\u00eda\u2026 es CONTROL + POTENCIA \ud83d\udca5<\/p>\n<p>Dise\u00f1ado para entrenamientos intensos, enfoque total y rendimiento m\u00e1ximo \ud83e\udde0\ud83c\udfcb\ufe0f\u200d\u2642\ufe0f<\/p>\n<p>\u26a1 F\u00f3rmula avanzada por servicio:<br \/>\n\ud83d\udd39 6 g Citrulina \u2192 mayor bombeo y resistencia<br \/>\n\ud83d\udd39 6 g Beta Alanina \u2192 m\u00e1s repeticiones, menos fatiga<br \/>\n\ud83d\udd39 3 g Taurina \u2192 fuerza y enfoque muscular<br \/>\n\ud83d\udd39 3 g Arginina \u2192 vascularizaci\u00f3n extrema<br \/>\n\ud83d\udd39 400 mg Cafe\u00edna \u2192 energ\u00eda explosiva<br \/>\n\ud83d\udd39 50 mg Yohimbina \u2192 activaci\u00f3n total \ud83d\udd25<\/p>\n<p>Entrena m\u00e1s fuerte. M\u00e1s r\u00e1pido. M\u00e1s enfocado.<br \/>\nEste no es para cualquiera\u2026 es para los que van en serio.<\/p>\n<h4><\/h4>\n<h4><strong>\u00a0<\/strong><\/h4>\n","protected":false},"excerpt":{"rendered":"<p>DESCRIPCION: PRE WORKOUT DE ALTO IMPACTO \ud83d\udd25 No es energ\u00eda\u2026 es CONTROL + POTENCIA \ud83d\udca5 Dise\u00f1ado para entrenamientos intensos, enfoque total y rendimiento m\u00e1ximo \ud83e\udde0\ud83c\udfcb\ufe0f\u200d\u2642\ufe0f \u26a1 F\u00f3rmula avanzada por servicio: \ud83d\udd39 6 g Citrulina \u2192 mayor bombeo y resistencia \ud83d\udd39 6 g Beta Alanina \u2192 m\u00e1s repeticiones, menos fatiga \ud83d\udd39 3 g Taurina \u2192 fuerza [&hellip;]<\/p>\n","protected":false},"featured_media":14541,"comment_status":"open","ping_status":"closed","template":"","meta":{"inline_featured_image":false},"product_brand":[],"product_cat":[128,86,109],"product_tag":[],"class_list":{"0":"post-14537","1":"product","2":"type-product","3":"status-publish","4":"has-post-thumbnail","6":"product_cat-level-pro-supplements","7":"product_cat-marca","8":"product_cat-pre-entrenos","10":"first","11":"instock","12":"taxable","13":"shipping-taxable","14":"purchasable","15":"product-type-simple","16":"ebbe-col"},"_links":{"self":[{"href":"https:\/\/nutrifitmax.co\/index.php\/wp-json\/wp\/v2\/product\/14537","targetHints":{"allow":["GET"]}}],"collection":[{"href":"https:\/\/nutrifitmax.co\/index.php\/wp-json\/wp\/v2\/product"}],"about":[{"href":"https:\/\/nutrifitmax.co\/index.php\/wp-json\/wp\/v2\/types\/product"}],"replies":[{"embeddable":true,"href":"https:\/\/nutrifitmax.co\/index.php\/wp-json\/wp\/v2\/comments?post=14537"}],"wp:featuredmedia":[{"embeddable":true,"href":"https:\/\/nutrifitmax.co\/index.php\/wp-json\/wp\/v2\/media\/14541"}],"wp:attachment":[{"href":"https:\/\/nutrifitmax.co\/index.php\/wp-json\/wp\/v2\/media?parent=14537"}],"wp:term":[{"taxonomy":"product_brand","embeddable":true,"href":"https:\/\/nutrifitmax.co\/index.php\/wp-json\/wp\/v2\/product_brand?post=14537"},{"taxonomy":"product_cat","embeddable":true,"href":"https:\/\/nutrifitmax.co\/index.php\/wp-json\/wp\/v2\/product_cat?post=14537"},{"taxonomy":"product_tag","embeddable":true,"href":"https:\/\/nutrifitmax.co\/index.php\/wp-json\/wp\/v2\/product_tag?post=14537"}],"curies":[{"name":"wp","href":"https:\/\/api.w.org\/{rel}","templated":true}]}}