{"id":14495,"date":"2025-12-02T02:19:13","date_gmt":"2025-12-02T02:19:13","guid":{"rendered":"https:\/\/nutrifitmax.co\/?post_type=product&#038;p=14495"},"modified":"2026-01-14T00:49:33","modified_gmt":"2026-01-14T00:49:33","slug":"creatina-nutrex-200-servicios","status":"publish","type":"product","link":"https:\/\/nutrifitmax.co\/index.php\/product\/creatina-nutrex-200-servicios\/","title":{"rendered":"CREATINA NUTREX 200 SERVICIOS"},"content":{"rendered":"<h2>Creatina Nutrex<\/h2>\n<p>Creatina Monohidrato de alta pureza; se toma a diario en cantidades de varios gramos durante un per\u00edodo bastante prolongado. Creatine Drive satisface incluso las demandas de calidad, seguridad y eficacia de los consumidores m\u00e1s exigentes.<\/p>\n<h2>CREATINA MONOHYDRATE NUTREX CARACTERISTICAS<\/h2>\n<ul>\n<li>5g de creatina monohidratada por scoop<\/li>\n<li>1 Kilo por envase (200 servicios)<\/li>\n<li>Alta calidad y pureza<\/li>\n<\/ul>\n<p><strong>Somos distribuidores de NUTREX\u00a0 Si quieres m\u00e1s informaci\u00f3n o mejores precios comun\u00edcate con nosotros en nuestro<span style=\"color: #ff0000;\"> <a style=\"color: #ff0000;\" href=\"https:\/\/www.instagram.com\/nutrifitmaxpereira\/?hl=es\">Instagram<\/a><\/span>\u00a0o en nuestro\u00a0<span style=\"color: #ff0000;\"><a style=\"color: #ff0000;\" href=\"https:\/\/api.whatsapp.com\/send?phone=573026673078\">WhatsApp<\/a><\/span><br \/>\nSi quieres ver m\u00e1s productos de la l\u00ednea ingresa a este\u00a0<span style=\"color: #ff0000;\"><a style=\"color: #ff0000;\" href=\"https:\/\/nutrifitmax.co\/index.php\/product-category\/marca\/nutrex\/\">link<\/a><\/span>\u00a0ahora.<br \/>\nLos mejores suplementos garantizados los encuentras en NUTRIFITMAX<\/strong><\/p>\n","protected":false},"excerpt":{"rendered":"<p>Creatina Nutrex Creatina Monohidrato de alta pureza; se toma a diario en cantidades de varios gramos durante un per\u00edodo bastante prolongado. Creatine Drive satisface incluso las demandas de calidad, seguridad y eficacia de los consumidores m\u00e1s exigentes. CREATINA MONOHYDRATE NUTREX CARACTERISTICAS 5g de creatina monohidratada por scoop 1 Kilo por envase (200 servicios) Alta calidad [&hellip;]<\/p>\n","protected":false},"featured_media":14501,"comment_status":"open","ping_status":"closed","template":"","meta":{"inline_featured_image":false},"product_brand":[],"product_cat":[99,86,91,159,124],"product_tag":[149,161,162],"class_list":{"0":"post-14495","1":"product","2":"type-product","3":"status-publish","4":"has-post-thumbnail","6":"product_cat-creatinas","7":"product_cat-marca","8":"product_cat-mas-vendidos","9":"product_cat-nutrex","10":"product_cat-ofertas","11":"product_tag-creatina","12":"product_tag-creatina-monohidrato","13":"product_tag-nutrex","15":"first","16":"instock","17":"sale","18":"taxable","19":"shipping-taxable","20":"purchasable","21":"product-type-simple","22":"ebbe-col"},"_links":{"self":[{"href":"https:\/\/nutrifitmax.co\/index.php\/wp-json\/wp\/v2\/product\/14495","targetHints":{"allow":["GET"]}}],"collection":[{"href":"https:\/\/nutrifitmax.co\/index.php\/wp-json\/wp\/v2\/product"}],"about":[{"href":"https:\/\/nutrifitmax.co\/index.php\/wp-json\/wp\/v2\/types\/product"}],"replies":[{"embeddable":true,"href":"https:\/\/nutrifitmax.co\/index.php\/wp-json\/wp\/v2\/comments?post=14495"}],"wp:featuredmedia":[{"embeddable":true,"href":"https:\/\/nutrifitmax.co\/index.php\/wp-json\/wp\/v2\/media\/14501"}],"wp:attachment":[{"href":"https:\/\/nutrifitmax.co\/index.php\/wp-json\/wp\/v2\/media?parent=14495"}],"wp:term":[{"taxonomy":"product_brand","embeddable":true,"href":"https:\/\/nutrifitmax.co\/index.php\/wp-json\/wp\/v2\/product_brand?post=14495"},{"taxonomy":"product_cat","embeddable":true,"href":"https:\/\/nutrifitmax.co\/index.php\/wp-json\/wp\/v2\/product_cat?post=14495"},{"taxonomy":"product_tag","embeddable":true,"href":"https:\/\/nutrifitmax.co\/index.php\/wp-json\/wp\/v2\/product_tag?post=14495"}],"curies":[{"name":"wp","href":"https:\/\/api.w.org\/{rel}","templated":true}]}}