{"id":14160,"date":"2025-09-17T17:22:32","date_gmt":"2025-09-17T17:22:32","guid":{"rendered":"https:\/\/nutrifitmax.co\/?post_type=product&#038;p=14160"},"modified":"2026-03-18T19:23:42","modified_gmt":"2026-03-18T19:23:42","slug":"whey-army-2-lb","status":"publish","type":"product","link":"https:\/\/nutrifitmax.co\/index.php\/product\/whey-army-2-lb\/","title":{"rendered":"WHEY ARMY 2 LB VAINILLA"},"content":{"rendered":"<h4>WHEY ARMY es una f\u00f3rmula avanzada que combina prote\u00edna concentrada de suero l\u00e1cteo con p\u00e9ptidos de col\u00e1geno hidrolizado (Peptinex\u00ae).<\/h4>\n<h3><b>Cada servicio contiene:<\/b><\/h3>\n<ul>\n<li>22 g de prote\u00edna<\/li>\n<li>4 g de carbohidratos.<\/li>\n<li>1 g de grasas totales.<\/li>\n<li>0 az\u00facares a\u00f1adidos.<\/li>\n<li>Peptinex\u00ae (P\u00e9ptidos de col\u00e1geno hidrolizado)<\/li>\n<\/ul>\n<h4><strong>Tama\u00f1o de la porci\u00f3n<\/strong>: 30 gr (30 Servicios aprox.)\u00a0<strong data-sanitized-data-mce-fragment=\"1\">Contenido:<\/strong><span data-sanitized-data-mce-fragment=\"1\">\u00a02 Libras\/ Neto 908 g<\/span>\u00a0<strong>Sabor:<\/strong>\u00a0Vainilla Irlandesa<\/h4>\n<p><strong>Ingredientes:<\/strong>\u00a0Prote\u00edna concentrada de suero l\u00e1cteo (contiene beta-lactoglobulina, alpha-lactoglobulina, glicomacrop\u00e9ptidos) P\u00e9ptidos de col\u00e1geno (Col\u00e1geno hidrolizado), crema no l\u00e1ctea (jarabe de glucosa), Aceite de palma, prote\u00ednas, estabilizante, emulsificantes y agente anticompactante, sabor natural y\/o artificial (vainilla irlandesa), goma xantana (espesante), sucralosa (edulcorante).<\/p>\n<p><strong>Modo de uso:<\/strong>\u00a0Adultos, mezclar 1 servicio de WHEY ARMY en 8 oz. (240ml) de agua en un vaso o shaker.<br \/>\nAgitar hasta obtener una mezcla homog\u00e9nea.<\/p>\n<p><strong>TOMAR WHEY ARMY\u00a0<\/strong><\/p>\n<ul>\n<li>Antes y\/o despu\u00e9s del entrenamiento.<\/li>\n<li>En cualquier momento: Consumir entre las comidas principales, como un snack saludable.<\/li>\n<\/ul>\n<p><strong>M\u00e9todo de conservaci\u00f3n:<\/strong>\u00a0El producto debe estar almacenado en su empaque original a temperatura inferior a 30\u00b0C y a una humedad relativa inferior a 75%. No introducir elementos h\u00famedos, despu\u00e9s de abierto consumase en el menor tiempo posible.<\/p>\n<p><strong>ADVERTENCIA:<\/strong>\u00a0Este producto no pretende diagnosticar , tratar, curar, o prevenir enfermedades. Este producto es un alimento y no debe ser usado como sustituto de una dieta equilibrada.<\/p>\n<p><strong>Informaci\u00f3n de al\u00e9rgenos:<\/strong>\u00a0El producto es fabricado en una planta donde se elaboran producto a base de soya, man\u00ed, nueces, y l\u00e1cteos.<\/p>\n<p><strong>Reg. San. INVIMA No. RSA-0030493-2024<\/strong><\/p>\n","protected":false},"excerpt":{"rendered":"<p>Prueba la nueva Whey Army, prote\u00edna concentrada de suero l\u00e1cteo con p\u00e9ptidos de col\u00e1geno hidrolizado (Peptinex\u00ae)<\/p>\n<p>Para quienes entrenan con prop\u00f3sito y piensan en grande. Desc\u00fabrela ya y prueba su delicioso sabor a vainilla irlandesa!<\/p>\n<p><strong>Somos distribuidores de VITANAS\u00ae\u00a0 Si quieres m\u00e1s informaci\u00f3n o mejores precios comun\u00edcate con nosotros en nuestro <a href=\"https:\/\/www.instagram.com\/nutrifitmaxpereira\/?hl=es\">Instagram<\/a>\u00a0o en nuestro\u00a0<a href=\"https:\/\/api.whatsapp.com\/send?phone=573026673078\">WhatsApp<\/a><br \/>\nSi quieres ver m\u00e1s productos de la l\u00ednea ingresa a este\u00a0<a href=\"https:\/\/nutrifitmax.co\/index.php\/product-category\/marca\/proscience\/\">link<\/a> ahora.<br \/>\nLos mejores suplementos garantizados los encuentras en NUTRIFITMAX<\/strong><\/p>\n","protected":false},"featured_media":14162,"comment_status":"open","ping_status":"closed","template":"","meta":{"inline_featured_image":false},"product_brand":[],"product_cat":[86,91,89,104],"product_tag":[],"class_list":{"0":"post-14160","1":"product","2":"type-product","3":"status-publish","4":"has-post-thumbnail","6":"product_cat-marca","7":"product_cat-mas-vendidos","8":"product_cat-proteinas-hipocaloricas","9":"product_cat-vitanas","11":"first","12":"instock","13":"sale","14":"taxable","15":"shipping-taxable","16":"purchasable","17":"product-type-simple","18":"ebbe-col","19":"product-has-gallery"},"_links":{"self":[{"href":"https:\/\/nutrifitmax.co\/index.php\/wp-json\/wp\/v2\/product\/14160","targetHints":{"allow":["GET"]}}],"collection":[{"href":"https:\/\/nutrifitmax.co\/index.php\/wp-json\/wp\/v2\/product"}],"about":[{"href":"https:\/\/nutrifitmax.co\/index.php\/wp-json\/wp\/v2\/types\/product"}],"replies":[{"embeddable":true,"href":"https:\/\/nutrifitmax.co\/index.php\/wp-json\/wp\/v2\/comments?post=14160"}],"wp:featuredmedia":[{"embeddable":true,"href":"https:\/\/nutrifitmax.co\/index.php\/wp-json\/wp\/v2\/media\/14162"}],"wp:attachment":[{"href":"https:\/\/nutrifitmax.co\/index.php\/wp-json\/wp\/v2\/media?parent=14160"}],"wp:term":[{"taxonomy":"product_brand","embeddable":true,"href":"https:\/\/nutrifitmax.co\/index.php\/wp-json\/wp\/v2\/product_brand?post=14160"},{"taxonomy":"product_cat","embeddable":true,"href":"https:\/\/nutrifitmax.co\/index.php\/wp-json\/wp\/v2\/product_cat?post=14160"},{"taxonomy":"product_tag","embeddable":true,"href":"https:\/\/nutrifitmax.co\/index.php\/wp-json\/wp\/v2\/product_tag?post=14160"}],"curies":[{"name":"wp","href":"https:\/\/api.w.org\/{rel}","templated":true}]}}