{"id":13610,"date":"2025-04-07T20:02:40","date_gmt":"2025-04-07T20:02:40","guid":{"rendered":"https:\/\/nutrifitmax.co\/?post_type=product&#038;p=13610"},"modified":"2026-01-21T18:24:56","modified_gmt":"2026-01-21T18:24:56","slug":"smart-gainer-6-lb-vainilla-chocolate","status":"publish","type":"product","link":"https:\/\/nutrifitmax.co\/index.php\/product\/smart-gainer-6-lb-vainilla-chocolate\/","title":{"rendered":"SMART GAINER 6 LBS CHOCOLATE"},"content":{"rendered":"<p>Informaci\u00f3n del Producto<\/p>\n<p><strong>Ingredientes:<\/strong>\u00a0Prote\u00edna Concentrada de Suero de Leche, Prote\u00edna Aislada de Suero de Leche, Saborizante Id\u00e9ntico al Natural, Di\u00f3xido de Silicio (Anticompactante), Goma Xanthan (Espesante), Carboximetilcelulosa (Estabilizante), Lecitina de Soya (Estabilizante), Citrato de Sodio (Estabilizante), Lactasa en Polvo, Citrato de Zinc, Stevia (Edulcorante), Piridoxina (Vitamina B6).<\/p>\n<p><strong>Presentaci\u00f3n Comercial:<\/strong>\u00a0Envase y Liners interno de seguridad.<\/p>\n<p><strong>Material de Empaque:<\/strong>\u00a0Envase pl\u00e1stico.<\/p>\n<p><strong>M\u00e9todo de Conservaci\u00f3n:<\/strong>\u00a0Almacenar bien cerrado en su empaque original, en un lugar fresco a temperatura inferior a 30\u00b0C y humedad relativa inferior a 75%. No introducir elementos h\u00famedos, despu\u00e9s de abierto cons\u00famase en el menor tiempo posible.<\/p>\n<p><strong>Contenido:<\/strong>\u00a0Neto 924g \/ 2,04 Lb \/ 32,6Oz.<\/p>\n<p><strong>Servicios:<\/strong>\u00a028 Porciones por envase.<\/p>\n<p><strong>Sabor:<\/strong>\u00a0Vainilla Gourmet \/ Arequipe.<\/p>\n<p><strong>Modo o M\u00e9todo de Consumo o Preparaci\u00f3n:<\/strong>\u00a0Mezclar 1 cuchara medidora (33 g) incluida en el empaque del producto en un vaso de agua (200 mL), ag\u00edtese hasta obtener un producto homog\u00e9neo, cons\u00famase una vez preparado.<\/p>\n<p><strong>Formato de Venta:<\/strong>\u00a0Polvo.<\/p>\n<p><strong>Registro Sanitario:<\/strong>\u00a0RSA-0025453-2023.<\/p>\n","protected":false},"excerpt":{"rendered":"<p>Best Whey\u00a0es un producto alimenticio basado en la combinaci\u00f3n de dos prote\u00ednas de suero de leche (aislada y concentrada).<\/p>\n<p>Esta combinaci\u00f3n de prote\u00ednas en la\u00a0Best Whey\u00a0es ideal para lograr el requerimiento cal\u00f3rico en aquellas poblaciones que a base de su alimentaci\u00f3n no logran obtenerla, su exquisitez en el sabor logra obtener el contenido proteico y cal\u00f3rico adecuado d\u00e1ndole un verdadero placer a tu paladar.<\/p>\n<p>En deportistas recreativos y de competencias que requieran un contenido proteico mayor,\u00a0Best Whey\u00a0es una excelente opci\u00f3n gracias al valor biol\u00f3gico tan alto de sus prote\u00ednas, que aporta una gran cantidad de amino\u00e1cidos esenciales.<\/p>\n<p>Best Whey\u00a0puedes consumirla a cualquier hora del d\u00eda como un complemento a tu alimentaci\u00f3n y\/o para lograr un mayor requerimiento proteico. Si realizas actividad f\u00edsica puedes utilizarla posterior al entrenamiento, mezcl\u00e1ndola con agua o si deseas aumentar su contenido cal\u00f3rico la puedes preparar en leche.<\/p>\n<p><strong>Somos distribuidores de PROSCIENCE\u00a0 Si quieres m\u00e1s informaci\u00f3n o mejores precios comun\u00edcate con nosotros en nuestro <a href=\"https:\/\/www.instagram.com\/nutrifitmaxpereira\/?hl=es\">Instagram<\/a>\u00a0o en nuestro\u00a0<a href=\"https:\/\/api.whatsapp.com\/send?phone=573026673078\">WhatsApp<\/a><br \/>\nSi quieres ver m\u00e1s productos de la l\u00ednea ingresa a este\u00a0<a href=\"https:\/\/nutrifitmax.co\/index.php\/product-category\/marca\/proscience\/\">link<\/a> ahora.<br \/>\nLos mejores suplementos garantizados los encuentras en NUTRIFITMAX<\/strong><\/p>\n","protected":false},"featured_media":13465,"comment_status":"open","ping_status":"closed","template":"","meta":{"inline_featured_image":false},"product_brand":[],"product_cat":[96,101,88,103,98],"product_tag":[],"class_list":{"0":"post-13610","1":"product","2":"type-product","3":"status-publish","4":"has-post-thumbnail","6":"product_cat-ganancia","7":"product_cat-proscience","8":"product_cat-proteinas","9":"product_cat-proteinas-concentradas","10":"product_cat-proteinas-ganadoras-de-peso","12":"first","13":"instock","14":"sale","15":"taxable","16":"shipping-taxable","17":"purchasable","18":"product-type-simple","19":"ebbe-col"},"_links":{"self":[{"href":"https:\/\/nutrifitmax.co\/index.php\/wp-json\/wp\/v2\/product\/13610","targetHints":{"allow":["GET"]}}],"collection":[{"href":"https:\/\/nutrifitmax.co\/index.php\/wp-json\/wp\/v2\/product"}],"about":[{"href":"https:\/\/nutrifitmax.co\/index.php\/wp-json\/wp\/v2\/types\/product"}],"replies":[{"embeddable":true,"href":"https:\/\/nutrifitmax.co\/index.php\/wp-json\/wp\/v2\/comments?post=13610"}],"wp:featuredmedia":[{"embeddable":true,"href":"https:\/\/nutrifitmax.co\/index.php\/wp-json\/wp\/v2\/media\/13465"}],"wp:attachment":[{"href":"https:\/\/nutrifitmax.co\/index.php\/wp-json\/wp\/v2\/media?parent=13610"}],"wp:term":[{"taxonomy":"product_brand","embeddable":true,"href":"https:\/\/nutrifitmax.co\/index.php\/wp-json\/wp\/v2\/product_brand?post=13610"},{"taxonomy":"product_cat","embeddable":true,"href":"https:\/\/nutrifitmax.co\/index.php\/wp-json\/wp\/v2\/product_cat?post=13610"},{"taxonomy":"product_tag","embeddable":true,"href":"https:\/\/nutrifitmax.co\/index.php\/wp-json\/wp\/v2\/product_tag?post=13610"}],"curies":[{"name":"wp","href":"https:\/\/api.w.org\/{rel}","templated":true}]}}