{"id":13601,"date":"2025-04-07T20:02:39","date_gmt":"2025-04-07T20:02:39","guid":{"rendered":"https:\/\/nutrifitmax.co\/?post_type=product&#038;p=13601"},"modified":"2026-01-13T14:12:21","modified_gmt":"2026-01-13T14:12:21","slug":"madness-pine-apple","status":"publish","type":"product","link":"https:\/\/nutrifitmax.co\/index.php\/product\/madness-pine-apple\/","title":{"rendered":"MADNESS PINEAPPLE"},"content":{"rendered":"<p>515 mg de cafe\u00edna y complejo energ\u00e9tico | El complejo de cafe\u00edna y energ\u00eda de Madness ofrece una mezcla sin complejos de cafe\u00edna anhidra pura + citrato de cafe\u00edna de primera calidad.<\/p>\n<p>4000 mg de mezcla para el rendimiento y el bombeo | L-citrulina, beta-alanina, taurina, L-tirosina. Juntas, proporcionan una potente mezcla que maximiza el rendimiento del entrenamiento.<\/p>\n<p>Vitaminas y electrolitos | Una combinaci\u00f3n de vitaminas y electrolitos completa la genial f\u00f3rmula de Madness. El niacina, la vitamina B12 y la vitamina B6 ayudan a impulsar la energ\u00eda en todo momento.<\/p>\n<p>Rid\u00edculamente delicioso | \u00bfExiste realmente la frambuesa azul? En cualquier caso, es rid\u00edculamente refrescante y delicioso, y adem\u00e1s es muy f\u00e1cil de mezclar. \u00a1T\u00f3mate uno hoy y arrasa en tu entrenamiento!<\/p>\n<p>Comb\u00ednalo con | Recomendamos encarecidamente combinar MUTANT MADNESS con un amino\u00e1cido en polvo como Mutant Geaar o BCAA 9.7. Tambi\u00e9n es una gran idea a\u00f1adir una raci\u00f3n de Mutant Creakong.<\/p>\n","protected":false},"excerpt":{"rendered":"<p>Madness de Mutant es un suplemento energ\u00e9tico ultra concentrado dise\u00f1ado para aumentar tu rendimiento, enfoque y energ\u00eda.<\/p>\n<p>Con un sabor a Pi\u00f1a, Madness no solo es efectivo, sino que tambi\u00e9n es delicioso. Este producto est\u00e1 formulado espec\u00edficamente para proporcionarte la energ\u00eda y el enfoque necesarios para llevar tus entrenamientos al siguiente nivel.<\/p>\n<p>Presentaci\u00f3n: 285 gramos Neto \/ 10.1 oz \/ 30 Servicios<\/p>\n<p><strong>Si quieres m\u00e1s informaci\u00f3n o mejores precios comun\u00edcate con nosotros en nuestro <\/strong><a href=\"https:\/\/www.instagram.com\/nutrifitmaxpereira\/?hl=es\"><strong>Instagram<\/strong><\/a><strong>\u00a0o en nuestro\u00a0<\/strong><a href=\"https:\/\/api.whatsapp.com\/send?phone=573026673078\"><strong>WhatsApp<\/strong><\/a><strong><br \/>\nSi quieres ver m\u00e1s productos de la l\u00ednea ingresa a este\u00a0<\/strong><a href=\"https:\/\/nutrifitmax.co\/index.php\/product-category\/marca\/proscience\/\"><strong>link<\/strong><\/a><strong> ahora.<br \/>\nLos mejores suplementos garantizados los encuentras en NUTRIFITMAX<\/strong><\/p>\n","protected":false},"featured_media":13627,"comment_status":"open","ping_status":"closed","template":"","meta":{"inline_featured_image":false},"product_brand":[],"product_cat":[141,95],"product_tag":[],"class_list":{"0":"post-13601","1":"product","2":"type-product","3":"status-publish","4":"has-post-thumbnail","6":"product_cat-mutant","7":"product_cat-recuperacion","9":"first","10":"outofstock","11":"taxable","12":"shipping-taxable","13":"purchasable","14":"product-type-simple","15":"ebbe-col"},"_links":{"self":[{"href":"https:\/\/nutrifitmax.co\/index.php\/wp-json\/wp\/v2\/product\/13601","targetHints":{"allow":["GET"]}}],"collection":[{"href":"https:\/\/nutrifitmax.co\/index.php\/wp-json\/wp\/v2\/product"}],"about":[{"href":"https:\/\/nutrifitmax.co\/index.php\/wp-json\/wp\/v2\/types\/product"}],"replies":[{"embeddable":true,"href":"https:\/\/nutrifitmax.co\/index.php\/wp-json\/wp\/v2\/comments?post=13601"}],"wp:featuredmedia":[{"embeddable":true,"href":"https:\/\/nutrifitmax.co\/index.php\/wp-json\/wp\/v2\/media\/13627"}],"wp:attachment":[{"href":"https:\/\/nutrifitmax.co\/index.php\/wp-json\/wp\/v2\/media?parent=13601"}],"wp:term":[{"taxonomy":"product_brand","embeddable":true,"href":"https:\/\/nutrifitmax.co\/index.php\/wp-json\/wp\/v2\/product_brand?post=13601"},{"taxonomy":"product_cat","embeddable":true,"href":"https:\/\/nutrifitmax.co\/index.php\/wp-json\/wp\/v2\/product_cat?post=13601"},{"taxonomy":"product_tag","embeddable":true,"href":"https:\/\/nutrifitmax.co\/index.php\/wp-json\/wp\/v2\/product_tag?post=13601"}],"curies":[{"name":"wp","href":"https:\/\/api.w.org\/{rel}","templated":true}]}}