{"id":13599,"date":"2025-04-07T20:02:39","date_gmt":"2025-04-07T20:02:39","guid":{"rendered":"https:\/\/nutrifitmax.co\/?post_type=product&#038;p=13599"},"modified":"2026-03-10T22:29:56","modified_gmt":"2026-03-10T22:29:56","slug":"madness","status":"publish","type":"product","link":"https:\/\/nutrifitmax.co\/index.php\/product\/madness\/","title":{"rendered":"MADNESS"},"content":{"rendered":"<h4>MADNESS<br \/>\nFormula de pre-entreno con m\u00e1s de 20 ingredientes investigados.<br \/>\nCada servicio contiene:<\/h4>\n<h4>\u25cf 400 mg de cafeina.<br \/>\n\u25cf 1600 mg de Beta-Alanine.<br \/>\n\u25cf 1500 mg de L-citrulina.<br \/>\n\u25cf 750 mg de Taurina.<br \/>\n\u25cf 5 mg de BioPerine\u00ae (95% Extracto de Pimienta negra)<br \/>\n\u25cf 0 Az\u00facar.<\/h4>\n<h4><img fetchpriority=\"high\" decoding=\"async\" class=\"alignnone size-medium wp-image-7155\" src=\"https:\/\/nutrifitmax.co\/wp-content\/uploads\/2024\/11\/madness-fruit-punch-285g-frontal-NUTRIFITMAX-300x300.webp\" alt=\"\" width=\"300\" height=\"300\" \/><img decoding=\"async\" class=\"alignnone size-medium wp-image-7156\" src=\"https:\/\/nutrifitmax.co\/wp-content\/uploads\/2024\/11\/MADNESSTABLA-300x300.webp\" alt=\"\" width=\"300\" height=\"300\" \/><br \/>\nModo de uso:\u00a0\u00a0Adultos, Tomar 1 cucharada medidora en 10 oz. de agua.<br \/>\nTama\u00f1o de la porci\u00f3n:\u00a09.5 gr (30 Servicios aprox)<br \/>\nContenido:\u00a0Neto 285g<br \/>\nSabor:\u00a0Fruit puchs &#8211; Blue raspberry.<br \/>\nIngredientes:\u00a0Maltodextrina,\u00a0L-citrulina malato, L-arginina HCl, CarnoSyn\u00ae<br \/>\nbeta-alanina, taurina, amino\u00e1cido (L-tirosina), \u00e1cidos (\u00e1cido m\u00e1lico, \u00e1cido<br \/>\nc\u00edtrico), mezcla de cafe\u00edna (extracto de frijol de caf\u00e9 ar\u00e1bica, hoja de t\u00e9 verde,<br \/>\nextracto de hoja de t\u00e9 blanco, t\u00e9 negro<\/h4>\n<h4>M\u00e9todo de conservaci\u00f3n:\u00a0El producto debe estar almacenado en su empaque<br \/>\noriginal a temperatura inferior a 30\u00b0C y a una humedad relativa inferior a 75%.<br \/>\nNo introducir elementos h\u00famedos, despu\u00e9s de abierto consumase en el menor<br \/>\ntiempo posible.<br \/>\nADVERTENCIA:\u00a0Este producto no pretende diagnosticar , tratar, curar, o<br \/>\nprevenir enfermedades. Este producto es un alimento y no debe ser usado<br \/>\ncomo sustituto de una dieta equilibrada.<br \/>\nReg. San. INVIMA No.\u00a0RSA-0025740-2023<\/h4>\n<h4><strong>Somos distribuidores de MUTANT Si quieres mas informaci\u00f3n o mejores precios comun\u00edcate con nosotros en nuestro<\/strong><a href=\"https:\/\/www.instagram.com\/nutrifitmaxpereira\/?hl=es\"><strong>\u00a0instagram\u00a0\u00a0<\/strong><\/a><strong>O Si quieres Ver m\u00e1s productos de la l\u00ednea ingresa a este <\/strong><a href=\"https:\/\/nutrifitmax.co\/product\/madness\/\"><strong>link ahora.<\/strong><\/a><\/h4>\n<h4><strong>Los mejores suplementos garantizados los encuentras en <a href=\"https:\/\/nutrifitmax.co\/\">NUTRIFITMAX<\/a><\/strong><\/h4>\n","protected":false},"excerpt":{"rendered":"<h4>MADNESS<br \/>\nFormula de pre-entreno con m\u00e1s de 20 ingredientes investigados.<br \/>\nCada servicio contiene:<\/h4>\n<h4>\u25cf 400 mg de cafeina.<br \/>\n\u25cf 1600 mg de Beta-Alanine.<br \/>\n\u25cf 1500 mg de L-citrulina.<br \/>\n\u25cf 750 mg de Taurina.<br \/>\n\u25cf 5 mg de BioPerine\u00ae (95% Extracto de Pimienta negra)<br \/>\n\u25cf 0 Az\u00facar.<\/h4>\n<p><a href=\"https:\/\/nutrifitmax.co\/product\/madness\/\"><img decoding=\"async\" class=\"alignnone size-medium wp-image-7154\" src=\"https:\/\/nutrifitmax.co\/wp-content\/uploads\/2024\/11\/madness-blue-rasberry-285g-frontal-NUTRIFITMAX-300x300.webp\" alt=\"\" width=\"300\" height=\"300\" \/><\/a><\/p>\n","protected":false},"featured_media":13625,"comment_status":"open","ping_status":"closed","template":"","meta":{"inline_featured_image":false},"product_brand":[],"product_cat":[86,141,109],"product_tag":[],"class_list":{"0":"post-13599","1":"product","2":"type-product","3":"status-publish","4":"has-post-thumbnail","6":"product_cat-marca","7":"product_cat-mutant","8":"product_cat-pre-entrenos","10":"first","11":"outofstock","12":"taxable","13":"shipping-taxable","14":"purchasable","15":"product-type-simple","16":"ebbe-col","17":"product-has-gallery"},"_links":{"self":[{"href":"https:\/\/nutrifitmax.co\/index.php\/wp-json\/wp\/v2\/product\/13599","targetHints":{"allow":["GET"]}}],"collection":[{"href":"https:\/\/nutrifitmax.co\/index.php\/wp-json\/wp\/v2\/product"}],"about":[{"href":"https:\/\/nutrifitmax.co\/index.php\/wp-json\/wp\/v2\/types\/product"}],"replies":[{"embeddable":true,"href":"https:\/\/nutrifitmax.co\/index.php\/wp-json\/wp\/v2\/comments?post=13599"}],"wp:featuredmedia":[{"embeddable":true,"href":"https:\/\/nutrifitmax.co\/index.php\/wp-json\/wp\/v2\/media\/13625"}],"wp:attachment":[{"href":"https:\/\/nutrifitmax.co\/index.php\/wp-json\/wp\/v2\/media?parent=13599"}],"wp:term":[{"taxonomy":"product_brand","embeddable":true,"href":"https:\/\/nutrifitmax.co\/index.php\/wp-json\/wp\/v2\/product_brand?post=13599"},{"taxonomy":"product_cat","embeddable":true,"href":"https:\/\/nutrifitmax.co\/index.php\/wp-json\/wp\/v2\/product_cat?post=13599"},{"taxonomy":"product_tag","embeddable":true,"href":"https:\/\/nutrifitmax.co\/index.php\/wp-json\/wp\/v2\/product_tag?post=13599"}],"curies":[{"name":"wp","href":"https:\/\/api.w.org\/{rel}","templated":true}]}}