{"id":13598,"date":"2025-04-07T20:02:39","date_gmt":"2025-04-07T20:02:39","guid":{"rendered":"https:\/\/nutrifitmax.co\/?post_type=product&#038;p=13598"},"modified":"2025-11-10T18:48:47","modified_gmt":"2025-11-10T18:48:47","slug":"mutant-whey-2-lbs-vainilla","status":"publish","type":"product","link":"https:\/\/nutrifitmax.co\/index.php\/product\/mutant-whey-2-lbs-vainilla\/","title":{"rendered":"MUTANT WHEY 2 LB VAINILLA"},"content":{"rendered":"<p><strong>Cada servicio contiene:<br \/>\n<\/strong><\/p>\n<ul>\n<li>22 gr de\u00a0Prote\u00edna de suero concentrada, prote\u00edna de suero aislada, prote\u00edna de suero hidrolizada y concentrado de fosfol\u00edpidos proteicos.<\/li>\n<li>Con enzimas digestivas<\/li>\n<li>F\u00e1cil de mezclar.<\/li>\n<li>100 % Gourmet<\/li>\n<\/ul>\n<p><strong>Modo de uso:\u00a0<\/strong>Disolver un servicio (1 cuchara medidora) en 180 ml de agua.<\/p>\n<p><strong>Tama\u00f1o de la porci\u00f3n:<\/strong>\u00a037g (25 Servicios aprox)<\/p>\n<p><strong>Contenido:\u00a0<\/strong>Neto 2 LB (1.8 Kg)<\/p>\n<p><strong>Ingredientes:<\/strong>\u00a0Prote\u00edna concentrada de suero de leche, caseinato de calcio, prote\u00edna aislada de suero, case\u00edna micelar, prote\u00edna hidrolizada de suero, maltrodextrina, sabores naturales y\/o artificiales, aceite de girasol, jarabe de solidos de ma\u00edz (endulcorante),caseinato de sodio (agente espesante), fosfato dipot\u00e1sico (agente leudante), fosfatos tric\u00e1lcico\u00a0\u00a0(agente leudante), lecitina de soya (emulgentes), mono y diglic\u00e9ridos\u00a0 de \u00e1cidos grasos (emulsionantes), sal yodada y fluorizida de apta para consumo humano, agentes espesantes (goma de celulosa, goma xantanas, carragenina), sucralosa y\/o acesulfame de potasio (endulcorantes artificiales), mezcla de vitaminas y minerales (palmitato, vitamina A, \u00e1cido asc\u00f3rbico, betacaroteno, tiamina, riboflavina, niacina, piridoxina, \u00e1cido f\u00f3lico, biotina, carbonato de calcio, fosfato f\u00e9rrico , fosfato de yodo, oxido de magnesio, oxido de zinc, selenito de sodio, sulfato). Fabricado en una plata que tambi\u00e9n procesa ingredientes a base de trigo, huevo, nueces, man\u00ed y pescado.<\/p>\n<p><strong>M\u00e9todo de conservaci\u00f3n:<\/strong>\u00a0El producto debe estar almacenado en su empaque original a temperatura inferior a 30\u00b0C y a una humedad relativa inferior a 75%. No introducir elementos h\u00famedos, despu\u00e9s de abierto consumase en el menor tiempo posible.<\/p>\n<p><strong>ADVERTENCIA:<\/strong>\u00a0Este producto no pretende diagnosticar, tratar, curar, o prevenir enfermedades. Este producto es un alimento y no debe ser usado como sustituto de una dieta equilibrada.<\/p>\n<p><strong>Reg. San. INVIMA No.<\/strong>\u00a0RSA-0024691-2023.<\/p>\n","protected":false},"excerpt":{"rendered":"<p>F\u00f3rmula de combinaci\u00f3n de 3 tipos de prote\u00edna de suero para obtener un producto final con un alto contenido en p\u00e9ptidos bioactivos.<\/p>\n<p><strong>Si quieres m\u00e1s informaci\u00f3n o mejores precios comun\u00edcate con nosotros en nuestro <\/strong><a href=\"https:\/\/www.instagram.com\/nutrifitmaxpereira\/?hl=es\"><strong>Instagram<\/strong><\/a><strong>\u00a0o en nuestro\u00a0<\/strong><a href=\"https:\/\/api.whatsapp.com\/send?phone=573026673078\"><strong>WhatsApp<\/strong><\/a><strong><br \/>\nSi quieres ver m\u00e1s productos de la l\u00ednea ingresa a este\u00a0<\/strong><a href=\"https:\/\/nutrifitmax.co\/index.php\/product-category\/marca\/proscience\/\"><strong>link<\/strong><\/a><strong> ahora.<br \/>\nLos mejores suplementos garantizados los encuentras en NUTRIFITMAX<\/strong><\/p>\n","protected":false},"featured_media":13622,"comment_status":"open","ping_status":"closed","template":"","meta":{"inline_featured_image":false},"product_brand":[],"product_cat":[141,88,103,89],"product_tag":[],"class_list":{"0":"post-13598","1":"product","2":"type-product","3":"status-publish","4":"has-post-thumbnail","6":"product_cat-mutant","7":"product_cat-proteinas","8":"product_cat-proteinas-concentradas","9":"product_cat-proteinas-hipocaloricas","11":"first","12":"instock","13":"taxable","14":"shipping-taxable","15":"purchasable","16":"product-type-simple","17":"ebbe-col"},"_links":{"self":[{"href":"https:\/\/nutrifitmax.co\/index.php\/wp-json\/wp\/v2\/product\/13598","targetHints":{"allow":["GET"]}}],"collection":[{"href":"https:\/\/nutrifitmax.co\/index.php\/wp-json\/wp\/v2\/product"}],"about":[{"href":"https:\/\/nutrifitmax.co\/index.php\/wp-json\/wp\/v2\/types\/product"}],"replies":[{"embeddable":true,"href":"https:\/\/nutrifitmax.co\/index.php\/wp-json\/wp\/v2\/comments?post=13598"}],"wp:featuredmedia":[{"embeddable":true,"href":"https:\/\/nutrifitmax.co\/index.php\/wp-json\/wp\/v2\/media\/13622"}],"wp:attachment":[{"href":"https:\/\/nutrifitmax.co\/index.php\/wp-json\/wp\/v2\/media?parent=13598"}],"wp:term":[{"taxonomy":"product_brand","embeddable":true,"href":"https:\/\/nutrifitmax.co\/index.php\/wp-json\/wp\/v2\/product_brand?post=13598"},{"taxonomy":"product_cat","embeddable":true,"href":"https:\/\/nutrifitmax.co\/index.php\/wp-json\/wp\/v2\/product_cat?post=13598"},{"taxonomy":"product_tag","embeddable":true,"href":"https:\/\/nutrifitmax.co\/index.php\/wp-json\/wp\/v2\/product_tag?post=13598"}],"curies":[{"name":"wp","href":"https:\/\/api.w.org\/{rel}","templated":true}]}}