{"id":13575,"date":"2025-04-07T20:02:18","date_gmt":"2025-04-07T20:02:18","guid":{"rendered":"https:\/\/nutrifitmax.co\/?post_type=product&#038;p=13575"},"modified":"2026-01-13T14:14:53","modified_gmt":"2026-01-13T14:14:53","slug":"mass-extreme-25000-20-lbs-chocolate","status":"publish","type":"product","link":"https:\/\/nutrifitmax.co\/index.php\/product\/mass-extreme-25000-20-lbs-chocolate\/","title":{"rendered":"MASS EXTREME 25000 20 LBS CHOCOLATE"},"content":{"rendered":"<p class=\"a-size-large a-spacing-none\"><span class=\"a-size-large product-title-word-break\">Formula de\u00a0carbohidratos limpios, alimentos enteros, prote\u00edna de suero 100% pura y \u00e1cidos grasos esenciales (EFA) para un m\u00e1ximo impacto.<br \/>\n<\/span><\/p>\n<p><strong>Cada servicio contiene:\u00a0<\/strong><\/p>\n<ul>\n<li>Con enzimas digestivas<\/li>\n<li>F\u00e1cil de mezclar.<\/li>\n<li>100 % Gourmet.<\/li>\n<li>Fabricado con alimentos enteros naturales: cebada, batata, avena enrollada, aguacate, aceite de coco, semillas de calabaza.<\/li>\n<\/ul>\n<p><strong>Modo de uso:\u00a0<\/strong>\u00a0Disolver un servicio (1 cuchara medidora) en 15,9 onzas de agua.<\/p>\n<p><strong>Tama\u00f1o de la porci\u00f3n:<\/strong>\u00a0: 285g (32 Servicios aprox)<br \/>\n<strong>Contenido:\u00a0<\/strong>Neto 20 LB (9.07 Kg)<br \/>\n<strong>Sabores:\u00a0<\/strong>Vainilla ice cream, Triple chocolate y cookie &amp; cream.<strong>\u00a0<\/strong><\/p>\n<p><strong>Ingredientes:<\/strong>\u00a0Mezcla de carbohidratos maltodextrina, ma\u00edz ceroso [almid\u00f3n de ma\u00edz], batata), mezcla de prote\u00edna de 3 sueros (concentrado de prote\u00edna de suero, aislado de prote\u00edna de suero, prote\u00edna de suero hidrolizada: de leche), alimentos l\u00edpidos.<\/p>\n<p><strong>M\u00e9todo de conservaci\u00f3n:<\/strong>\u00a0El producto debe estar almacenado en su empaque original a temperatura inferior a 30\u00b0C y a una humedad relativa inferior a 75%. No introducir elementos h\u00famedos, despu\u00e9s de abierto consumase en el menor tiempo posible.<\/p>\n<p><strong>ADVERTENCIA:<\/strong>\u00a0Este producto no pretende diagnosticar , tratar, curar, o prevenir enfermedades. Este producto es un alimento y no debe ser usado como sustituto de una dieta equilibrada.<\/p>\n<p><strong>Reg. San. INVIMA No.<\/strong>\u00a0RSA-0025740-2023.<\/p>\n","protected":false},"excerpt":{"rendered":"<p>M\u00e9todo de conservaci\u00f3n: El producto debe estar almacenado en su empaque original a temperatura inferior a 30\u00b0C y a una humedad relativa inferior a 75%. No introducir elementos h\u00famedos, despu\u00e9s de abierto consumase en el menor tiempo posible.<\/p>\n<p>ADVERTENCIA: Este producto no pretende diagnosticar , tratar, curar, o prevenir enfermedades. Este producto es un alimento y no debe ser usado como sustituto de una dieta equilibrada.<\/p>\n<p><strong>Si quieres m\u00e1s informaci\u00f3n o mejores precios comun\u00edcate con nosotros en nuestro <a href=\"https:\/\/www.instagram.com\/nutrifitmaxpereira\/?hl=es\">Instagram<\/a>\u00a0o en nuestro\u00a0<a href=\"https:\/\/api.whatsapp.com\/send?phone=573026673078\">WhatsApp<\/a><br \/>\nSi quieres ver m\u00e1s productos de la l\u00ednea ingresa a este\u00a0<a href=\"https:\/\/nutrifitmax.co\/index.php\/product-category\/marca\/proscience\/\">link<\/a> ahora.<br \/>\nLos mejores suplementos garantizados los encuentras en NUTRIFITMAX<\/strong><\/p>\n","protected":false},"featured_media":13617,"comment_status":"open","ping_status":"closed","template":"","meta":{"inline_featured_image":false},"product_brand":[],"product_cat":[86,141,88,103,98],"product_tag":[],"class_list":{"0":"post-13575","1":"product","2":"type-product","3":"status-publish","4":"has-post-thumbnail","6":"product_cat-marca","7":"product_cat-mutant","8":"product_cat-proteinas","9":"product_cat-proteinas-concentradas","10":"product_cat-proteinas-ganadoras-de-peso","12":"first","13":"outofstock","14":"taxable","15":"shipping-taxable","16":"purchasable","17":"product-type-simple","18":"ebbe-col"},"_links":{"self":[{"href":"https:\/\/nutrifitmax.co\/index.php\/wp-json\/wp\/v2\/product\/13575","targetHints":{"allow":["GET"]}}],"collection":[{"href":"https:\/\/nutrifitmax.co\/index.php\/wp-json\/wp\/v2\/product"}],"about":[{"href":"https:\/\/nutrifitmax.co\/index.php\/wp-json\/wp\/v2\/types\/product"}],"replies":[{"embeddable":true,"href":"https:\/\/nutrifitmax.co\/index.php\/wp-json\/wp\/v2\/comments?post=13575"}],"wp:featuredmedia":[{"embeddable":true,"href":"https:\/\/nutrifitmax.co\/index.php\/wp-json\/wp\/v2\/media\/13617"}],"wp:attachment":[{"href":"https:\/\/nutrifitmax.co\/index.php\/wp-json\/wp\/v2\/media?parent=13575"}],"wp:term":[{"taxonomy":"product_brand","embeddable":true,"href":"https:\/\/nutrifitmax.co\/index.php\/wp-json\/wp\/v2\/product_brand?post=13575"},{"taxonomy":"product_cat","embeddable":true,"href":"https:\/\/nutrifitmax.co\/index.php\/wp-json\/wp\/v2\/product_cat?post=13575"},{"taxonomy":"product_tag","embeddable":true,"href":"https:\/\/nutrifitmax.co\/index.php\/wp-json\/wp\/v2\/product_tag?post=13575"}],"curies":[{"name":"wp","href":"https:\/\/api.w.org\/{rel}","templated":true}]}}