{"id":13570,"date":"2025-04-07T20:02:17","date_gmt":"2025-04-07T20:02:17","guid":{"rendered":"https:\/\/nutrifitmax.co\/?post_type=product&#038;p=13570"},"modified":"2025-11-06T19:24:17","modified_gmt":"2025-11-06T19:24:17","slug":"proteina-iso-surge-5-lbs-mutant-vainilla","status":"publish","type":"product","link":"https:\/\/nutrifitmax.co\/index.php\/product\/proteina-iso-surge-5-lbs-mutant-vainilla\/","title":{"rendered":"PROTEINA ISO SURGE 5 LBS MUTANT VAINILLA"},"content":{"rendered":"<p><strong>F\u00f3rmula de prote\u00edna aislada y hidrolizada de suero de m\u00e1xima calidad:<\/strong><\/p>\n<ul>\n<li>25 g de prote\u00edna aislada y hidrolizada de suero por servicio<\/li>\n<li>16,3 g de EAA + glutamina<\/li>\n<li>F\u00e1cil de mezclar<\/li>\n<li>Apto para Keto<\/li>\n<li>100% Gourmet: Sabores deliciosos que te encantar\u00e1n.<\/li>\n<\/ul>\n<p><strong>Modo de uso:<\/strong><\/p>\n<ol>\n<li>Mezclar 1 servicio (1 cuchara medidora) con 5 onzas de agua fr\u00eda o tu bebida favorita.<\/li>\n<li>Ajustar la cantidad de l\u00edquido seg\u00fan la consistencia deseada.<\/li>\n<li>Consumir antes, durante o despu\u00e9s del entrenamiento, o como un refrigerio alto en prote\u00ednas.<\/li>\n<\/ol>\n<p><strong>Cada envase contiene:<\/strong><\/p>\n<ul>\n<li>32 g por porci\u00f3n<\/li>\n<li>71 servicios aprox.<\/li>\n<li>5 lb (2.27 kg) de contenido neto<\/li>\n<\/ul>\n<p><strong>Sabores disponibles:<\/strong><\/p>\n<ul>\n<li>Vainilla ice cream<\/li>\n<li>Triple chocolate<\/li>\n<li>Cookie &amp; cream<\/li>\n<\/ul>\n<p><strong>Ingredientes:\u00a0<\/strong>Prote\u00edna de suero aislada, prote\u00edna de suero hidrolizada, goma guar, citrato de potasio, sucralosa, lecitina de soya, di\u00f3xido de silicio, cacao, chips de chocolate, sabor natural y artificial.<\/p>\n<p><strong>M\u00e9todo de conservaci\u00f3n:\u00a0<\/strong>Almacenar en su empaque original a temperatura inferior a 30\u00b0C y humedad relativa inferior a 75%. No introducir elementos h\u00famedos. Consumir en el menor tiempo posible despu\u00e9s de abrir.<\/p>\n<p><strong>ADVERTENCIA:\u00a0<\/strong>ESTE ES UN SUPLEMENTO DIETARIO, NO ES UN MEDICAMENTO Y NO SUPLE UNA ALIMENTACI\u00d3N EQUILIBRADA<strong>.<\/strong><\/p>\n<p><strong>Reg. San. INVIMA No.\u00a0<\/strong>RSA-0024691-2023.<\/p>\n","protected":false},"excerpt":{"rendered":"<p>M\u00e9todo de conservaci\u00f3n: El producto debe estar almacenado en su empaque original a temperatura inferior a 30\u00b0C y a una humedad relativa inferior a 75%. No introducir elementos h\u00famedos, despu\u00e9s de abierto consumase en el menor tiempo posible.<\/p>\n<p>ADVERTENCIA: Este producto no pretende diagnosticar , tratar, curar, o prevenir enfermedades. Este producto es un alimento y no debe ser usado como sustituto de una dieta equilibrada.<\/p>\n<p><strong>PROSCIENCE\u00a0 Si quieres m\u00e1s informaci\u00f3n o mejores precios comun\u00edcate con nosotros en nuestro <a href=\"https:\/\/www.instagram.com\/nutrifitmaxpereira\/?hl=es\">Instagram<\/a>\u00a0o en nuestro\u00a0<a href=\"https:\/\/api.whatsapp.com\/send?phone=573026673078\">WhatsApp<\/a><br \/>\nSi quieres ver m\u00e1s productos de la l\u00ednea ingresa a este\u00a0<a href=\"https:\/\/nutrifitmax.co\/index.php\/product-category\/marca\/proscience\/\">link<\/a> ahora.<br \/>\nLos mejores suplementos garantizados los encuentras en NUTRIFITMAX<\/strong><\/p>\n","protected":false},"featured_media":13613,"comment_status":"open","ping_status":"closed","template":"","meta":{"inline_featured_image":false},"product_brand":[],"product_cat":[86,141,88,89],"product_tag":[],"class_list":{"0":"post-13570","1":"product","2":"type-product","3":"status-publish","4":"has-post-thumbnail","6":"product_cat-marca","7":"product_cat-mutant","8":"product_cat-proteinas","9":"product_cat-proteinas-hipocaloricas","11":"first","12":"instock","13":"taxable","14":"shipping-taxable","15":"purchasable","16":"product-type-simple","17":"ebbe-col"},"_links":{"self":[{"href":"https:\/\/nutrifitmax.co\/index.php\/wp-json\/wp\/v2\/product\/13570","targetHints":{"allow":["GET"]}}],"collection":[{"href":"https:\/\/nutrifitmax.co\/index.php\/wp-json\/wp\/v2\/product"}],"about":[{"href":"https:\/\/nutrifitmax.co\/index.php\/wp-json\/wp\/v2\/types\/product"}],"replies":[{"embeddable":true,"href":"https:\/\/nutrifitmax.co\/index.php\/wp-json\/wp\/v2\/comments?post=13570"}],"wp:featuredmedia":[{"embeddable":true,"href":"https:\/\/nutrifitmax.co\/index.php\/wp-json\/wp\/v2\/media\/13613"}],"wp:attachment":[{"href":"https:\/\/nutrifitmax.co\/index.php\/wp-json\/wp\/v2\/media?parent=13570"}],"wp:term":[{"taxonomy":"product_brand","embeddable":true,"href":"https:\/\/nutrifitmax.co\/index.php\/wp-json\/wp\/v2\/product_brand?post=13570"},{"taxonomy":"product_cat","embeddable":true,"href":"https:\/\/nutrifitmax.co\/index.php\/wp-json\/wp\/v2\/product_cat?post=13570"},{"taxonomy":"product_tag","embeddable":true,"href":"https:\/\/nutrifitmax.co\/index.php\/wp-json\/wp\/v2\/product_tag?post=13570"}],"curies":[{"name":"wp","href":"https:\/\/api.w.org\/{rel}","templated":true}]}}