{"id":13555,"date":"2025-04-07T20:01:54","date_gmt":"2025-04-07T20:01:54","guid":{"rendered":"https:\/\/nutrifitmax.co\/?post_type=product&#038;p=13555"},"modified":"2025-11-06T19:40:00","modified_gmt":"2025-11-06T19:40:00","slug":"iso-surge-1-6-lbs-mutant-vainilla","status":"publish","type":"product","link":"https:\/\/nutrifitmax.co\/index.php\/product\/iso-surge-1-6-lbs-mutant-vainilla\/","title":{"rendered":"ISO SURGE 1.6 LBS MUTANT VAINILLA"},"content":{"rendered":"<p>Formula de prote\u00edna aislada y hidrolizada de suero.<\/p>\n<p>Cada servicio contiene:<\/p>\n<ul>\n<li>25 gr de Prote\u00cdna asilada y hidrolizada.<\/li>\n<li>16.3 gr de EAAs + glutamina.<\/li>\n<li>F\u00e1cil de mezclar.<\/li>\n<li>Apto para Keto.<\/li>\n<li>100 % Gourmet.<\/li>\n<\/ul>\n<p>Modo de uso:\u00a0 Disolver un servicio (1 cuchara medidora) en 5 onzas de agua.<\/p>\n<p>Tama\u00f1o de la porci\u00f3n: : 32g (23 Servicios aprox)<\/p>\n<p>Contenido: Neto 1.6 LB ( 737 g)<\/p>\n<p>Sabor: Triple chocolate<\/p>\n<p>Ingredientes: Prote\u00edna de suero aislada, prote\u00edna de suero hidrolizada, goma guar, citrato de potasio, sucralosa, lecitina de soya, di\u00f3xido de silicio, sabor natural y artificial.<\/p>\n<p>M\u00e9todo de conservaci\u00f3n: El producto debe estar almacenado en su empaque original a temperatura inferior a 30\u00b0C y a una humedad relativa inferior a 75%. No introducir elementos h\u00famedos, despu\u00e9s de abierto consumase en el menor tiempo posible.<\/p>\n<p>ADVERTENCIA:\u00a0 Este producto es un alimento y no debe ser usado como sustituto de una dieta equilibrada.<\/p>\n<p>Reg. San. INVIMA No. RSA-0024691-2023.<\/p>\n","protected":false},"excerpt":{"rendered":"<p><strong>PROSCIENCE\u00a0 Si quieres m\u00e1s informaci\u00f3n o mejores precios comun\u00edcate con nosotros en nuestro <a href=\"https:\/\/www.instagram.com\/nutrifitmaxpereira\/?hl=es\">Instagram<\/a>\u00a0o en nuestro\u00a0<a href=\"https:\/\/api.whatsapp.com\/send?phone=573026673078\">WhatsApp<\/a><br \/>\nSi quieres ver m\u00e1s productos de la l\u00ednea ingresa a este\u00a0<a href=\"https:\/\/nutrifitmax.co\/index.php\/product-category\/marca\/proscience\/\">link<\/a> ahora.<br \/>\nLos mejores suplementos garantizados los encuentras en NUTRIFITMAX<\/strong><\/p>\n","protected":false},"featured_media":13592,"comment_status":"open","ping_status":"closed","template":"","meta":{"inline_featured_image":false},"product_brand":[],"product_cat":[86,141,88,89],"product_tag":[],"class_list":{"0":"post-13555","1":"product","2":"type-product","3":"status-publish","4":"has-post-thumbnail","6":"product_cat-marca","7":"product_cat-mutant","8":"product_cat-proteinas","9":"product_cat-proteinas-hipocaloricas","11":"first","12":"instock","13":"taxable","14":"shipping-taxable","15":"purchasable","16":"product-type-simple","17":"ebbe-col"},"_links":{"self":[{"href":"https:\/\/nutrifitmax.co\/index.php\/wp-json\/wp\/v2\/product\/13555","targetHints":{"allow":["GET"]}}],"collection":[{"href":"https:\/\/nutrifitmax.co\/index.php\/wp-json\/wp\/v2\/product"}],"about":[{"href":"https:\/\/nutrifitmax.co\/index.php\/wp-json\/wp\/v2\/types\/product"}],"replies":[{"embeddable":true,"href":"https:\/\/nutrifitmax.co\/index.php\/wp-json\/wp\/v2\/comments?post=13555"}],"wp:featuredmedia":[{"embeddable":true,"href":"https:\/\/nutrifitmax.co\/index.php\/wp-json\/wp\/v2\/media\/13592"}],"wp:attachment":[{"href":"https:\/\/nutrifitmax.co\/index.php\/wp-json\/wp\/v2\/media?parent=13555"}],"wp:term":[{"taxonomy":"product_brand","embeddable":true,"href":"https:\/\/nutrifitmax.co\/index.php\/wp-json\/wp\/v2\/product_brand?post=13555"},{"taxonomy":"product_cat","embeddable":true,"href":"https:\/\/nutrifitmax.co\/index.php\/wp-json\/wp\/v2\/product_cat?post=13555"},{"taxonomy":"product_tag","embeddable":true,"href":"https:\/\/nutrifitmax.co\/index.php\/wp-json\/wp\/v2\/product_tag?post=13555"}],"curies":[{"name":"wp","href":"https:\/\/api.w.org\/{rel}","templated":true}]}}