{"id":13550,"date":"2025-04-07T20:01:53","date_gmt":"2025-04-07T20:01:53","guid":{"rendered":"https:\/\/nutrifitmax.co\/?post_type=product&#038;p=13550"},"modified":"2025-11-10T18:51:30","modified_gmt":"2025-11-10T18:51:30","slug":"aminoacidos-bcaa-9-7-mutant-pine-apple","status":"publish","type":"product","link":"https:\/\/nutrifitmax.co\/index.php\/product\/aminoacidos-bcaa-9-7-mutant-pine-apple\/","title":{"rendered":"AMINOACIDOS BCAA 9.7 MUTANT PINE APPLE"},"content":{"rendered":"<p>Formula de\u00a0amino\u00e1cidos de cadena ramificada de alta calidad (BCAA)\u00a02:1:1 y\u00a08 Mezcla de electrolitos.<\/p>\n<p>Cada servicio contiene:<\/p>\n<ul>\n<li>9.7 gr BCAA Blend.<\/li>\n<li>8 gr de electrolitos.<\/li>\n<li>0 Az\u00facar<\/li>\n<li>F\u00e1cil de mezclar.<\/li>\n<\/ul>\n<p>Modo de uso:\u00a0\u00a0Adultos, Tomar 1 cucharada medidora en 8 oz. de agua.<\/p>\n<p>Tama\u00f1o de la porci\u00f3n:\u00a011.6 gr (30 Servicios aprox)<br \/>\nContenido:\u00a0Neto 348g<br \/>\nSabor:\u00a0Fruit puchs &#8211; B<span class=\"Y2IQFc\" lang=\"en\">lue raspberry.<br \/>\n<\/span><br \/>\nIngredientes:\u00a0Maltodextrina, mezcla de amino\u00e1cidos (L-leucina, L-Valina, L-isoleucina), \u00e1cido c\u00edtrico (regulador de \u00e1cidez), taurina, glicina, Lglutamina, L-arginina, L-tirosina, oxido de magnesio (regulador de \u00e1cidez), citrato de potasio, fosfato tric\u00e1lcico (emulsionante), lactato de calcio, bicarbonato de sodio, citrato de calcio, cloruro de sodio, aceite MCT, extracto de pimienta negra, acesulfame de potasio (Acentuador de sabor), sucralosa (edulcorante), di\u00f3xido de silicio, lecitina de soya, sabor natural y artificial, color (polvo de remolacha roja).<\/p>\n<p>M\u00e9todo de conservaci\u00f3n:\u00a0El producto debe estar almacenado en su empaque original a temperatura inferior a 30\u00b0C y a una humedad relativa inferior a 75%. No introducir elementos h\u00famedos, despu\u00e9s de abierto consumase en el menor tiempo posible.<\/p>\n<p>ADVERTENCIA:\u00a0Este producto es un alimento y no debe ser usado como sustituto de una dieta equilibrada.<\/p>\n<p>Reg. San. INVIMA No.\u00a0RSA-0025740-2023<\/p>\n","protected":false},"excerpt":{"rendered":"<p>BCAA 9.7 de Mutant es un mix de bebida en polvo dise\u00f1ado para ayudar a iniciar la s\u00edntesis de prote\u00ednas y mejorar tus resultados en el gimnasio. Este producto es el aliado perfecto para maximizar tus entrenamientos y optimizar la recuperaci\u00f3n muscular.<\/p>\n<p>Con un refrescante sabor a frambuesa azul, este suplemento es una opci\u00f3n deliciosa para mantener tu cuerpo en un estado anab\u00f3lico y apoyar el desarrollo muscular. Contiene una f\u00f3rmula avanzada que incluye una mezcla de amino\u00e1cidos de cadena ramificada (BCAA) en una proporci\u00f3n de 9.7.<\/p>\n<p><strong>Si quieres m\u00e1s informaci\u00f3n o mejores precios comun\u00edcate con nosotros en nuestro <\/strong><a href=\"https:\/\/www.instagram.com\/nutrifitmaxpereira\/?hl=es\"><strong>Instagram<\/strong><\/a><strong>\u00a0o en nuestro\u00a0<\/strong><a href=\"https:\/\/api.whatsapp.com\/send?phone=573026673078\"><strong>WhatsApp<\/strong><\/a><strong><br \/>\nSi quieres ver m\u00e1s productos de la l\u00ednea ingresa a este\u00a0<\/strong><a href=\"https:\/\/nutrifitmax.co\/index.php\/product-category\/marca\/proscience\/\"><strong>link<\/strong><\/a><strong> ahora.<br \/>\nLos mejores suplementos garantizados los encuentras en NUTRIFITMAX<\/strong><\/p>\n","protected":false},"featured_media":13587,"comment_status":"open","ping_status":"closed","template":"","meta":{"inline_featured_image":false},"product_brand":[],"product_cat":[93,91,141,95],"product_tag":[],"class_list":{"0":"post-13550","1":"product","2":"type-product","3":"status-publish","4":"has-post-thumbnail","6":"product_cat-aminoacidos","7":"product_cat-mas-vendidos","8":"product_cat-mutant","9":"product_cat-recuperacion","11":"first","12":"instock","13":"taxable","14":"shipping-taxable","15":"purchasable","16":"product-type-simple","17":"ebbe-col"},"_links":{"self":[{"href":"https:\/\/nutrifitmax.co\/index.php\/wp-json\/wp\/v2\/product\/13550","targetHints":{"allow":["GET"]}}],"collection":[{"href":"https:\/\/nutrifitmax.co\/index.php\/wp-json\/wp\/v2\/product"}],"about":[{"href":"https:\/\/nutrifitmax.co\/index.php\/wp-json\/wp\/v2\/types\/product"}],"replies":[{"embeddable":true,"href":"https:\/\/nutrifitmax.co\/index.php\/wp-json\/wp\/v2\/comments?post=13550"}],"wp:featuredmedia":[{"embeddable":true,"href":"https:\/\/nutrifitmax.co\/index.php\/wp-json\/wp\/v2\/media\/13587"}],"wp:attachment":[{"href":"https:\/\/nutrifitmax.co\/index.php\/wp-json\/wp\/v2\/media?parent=13550"}],"wp:term":[{"taxonomy":"product_brand","embeddable":true,"href":"https:\/\/nutrifitmax.co\/index.php\/wp-json\/wp\/v2\/product_brand?post=13550"},{"taxonomy":"product_cat","embeddable":true,"href":"https:\/\/nutrifitmax.co\/index.php\/wp-json\/wp\/v2\/product_cat?post=13550"},{"taxonomy":"product_tag","embeddable":true,"href":"https:\/\/nutrifitmax.co\/index.php\/wp-json\/wp\/v2\/product_tag?post=13550"}],"curies":[{"name":"wp","href":"https:\/\/api.w.org\/{rel}","templated":true}]}}