{"id":13540,"date":"2025-04-07T20:01:52","date_gmt":"2025-04-07T20:01:52","guid":{"rendered":"https:\/\/nutrifitmax.co\/?post_type=product&#038;p=13540"},"modified":"2026-01-13T14:30:15","modified_gmt":"2026-01-13T14:30:15","slug":"vitamina-d3-2-000-i-u","status":"publish","type":"product","link":"https:\/\/nutrifitmax.co\/index.php\/product\/vitamina-d3-2-000-i-u\/","title":{"rendered":"VITAMINA D3 + k2"},"content":{"rendered":"<h4>DESCRIPCION:<\/h4>\n<h4>La pareja perfecta: las vitaminas K2 y D3 simplemente estaban destinadas a estar juntas. La mayor\u00eda de la gente conoce los beneficios de la vitamina D, pero muchos no se dan cuenta de que la vitamina D necesita vitamina K2 para maximizar sus beneficios. Nuestras c\u00e1psulas de vitamina D3 K2, f\u00e1ciles de tragar, son una forma sencilla de a\u00f1adir estas dos vitaminas micronutrientes esenciales a tu dieta.<\/h4>\n<h4>Salud \u00f3sea, cardiovascular e inmune: Nuestra vitamina D3+K2 aporta vitamina K2 en forma de MK-7, que promueve una mejor absorci\u00f3n en comparaci\u00f3n con otras formas de vitamina K. La vitamina K2 + D3 ayuda a mantener huesos fuertes, la salud cardiovascular y la funci\u00f3n inmunitaria.<\/h4>\n<h4>C\u00e1psulas vegetarianas de calidad superior: analizadas en laboratorio, no transg\u00e9nicas, sin gluten y sin soja<\/h4>\n<h4>C\u00f3mo consumir: Dos c\u00e1psulas al d\u00eda, una despu\u00e9s de comer y otra de cena<\/h4>\n<h4><strong>Recomendaciones:<\/strong>\u00a0 Mant\u00e9ngase fuera del alcance de los ni\u00f1os. Mant\u00e9ngase en su envase original protegido de la luz y del calor.<\/h4>\n","protected":false},"excerpt":{"rendered":"<p>DESCRIPCION: La pareja perfecta: las vitaminas K2 y D3 simplemente estaban destinadas a estar juntas. La mayor\u00eda de la gente conoce los beneficios de la vitamina D, pero muchos no se dan cuenta de que la vitamina D necesita vitamina K2 para maximizar sus beneficios. Nuestras c\u00e1psulas de vitamina D3 K2, f\u00e1ciles de tragar, son [&hellip;]<\/p>\n","protected":false},"featured_media":14517,"comment_status":"open","ping_status":"closed","template":"","meta":{"inline_featured_image":false},"product_brand":[],"product_cat":[86,132,112],"product_tag":[],"class_list":{"0":"post-13540","1":"product","2":"type-product","3":"status-publish","4":"has-post-thumbnail","6":"product_cat-marca","7":"product_cat-productos-saludables","8":"product_cat-suplementos-naturales","10":"first","11":"instock","12":"taxable","13":"shipping-taxable","14":"purchasable","15":"product-type-simple","16":"ebbe-col"},"_links":{"self":[{"href":"https:\/\/nutrifitmax.co\/index.php\/wp-json\/wp\/v2\/product\/13540","targetHints":{"allow":["GET"]}}],"collection":[{"href":"https:\/\/nutrifitmax.co\/index.php\/wp-json\/wp\/v2\/product"}],"about":[{"href":"https:\/\/nutrifitmax.co\/index.php\/wp-json\/wp\/v2\/types\/product"}],"replies":[{"embeddable":true,"href":"https:\/\/nutrifitmax.co\/index.php\/wp-json\/wp\/v2\/comments?post=13540"}],"wp:featuredmedia":[{"embeddable":true,"href":"https:\/\/nutrifitmax.co\/index.php\/wp-json\/wp\/v2\/media\/14517"}],"wp:attachment":[{"href":"https:\/\/nutrifitmax.co\/index.php\/wp-json\/wp\/v2\/media?parent=13540"}],"wp:term":[{"taxonomy":"product_brand","embeddable":true,"href":"https:\/\/nutrifitmax.co\/index.php\/wp-json\/wp\/v2\/product_brand?post=13540"},{"taxonomy":"product_cat","embeddable":true,"href":"https:\/\/nutrifitmax.co\/index.php\/wp-json\/wp\/v2\/product_cat?post=13540"},{"taxonomy":"product_tag","embeddable":true,"href":"https:\/\/nutrifitmax.co\/index.php\/wp-json\/wp\/v2\/product_tag?post=13540"}],"curies":[{"name":"wp","href":"https:\/\/api.w.org\/{rel}","templated":true}]}}