{"id":13514,"date":"2025-04-07T20:01:31","date_gmt":"2025-04-07T20:01:31","guid":{"rendered":"https:\/\/nutrifitmax.co\/?post_type=product&#038;p=13514"},"modified":"2025-04-07T20:02:07","modified_gmt":"2025-04-07T20:02:07","slug":"nutra-c-nutramerican","status":"publish","type":"product","link":"https:\/\/nutrifitmax.co\/index.php\/product\/nutra-c-nutramerican\/","title":{"rendered":"NUTRA C NUTRAMERICAN"},"content":{"rendered":"<h4>DESCRIPCION:<\/h4>\n<h4>Nutra-C contiene 200g de \u00c1cido Asc\u00f3rbico, equivalente a 400 tabletas de Vitamina C de 500mg, ultra concentraci\u00f3n ideal para personas que buscan aumentar la ingesta de Vitamina C en su dieta. La vitamina C es el mayor antiinflamatorio natural, aumenta la actividad de las c\u00e9lulas fagoc\u00edticas: c\u00e9lulas inmunitarias que pueden ingerir material extra\u00f1o y eliminar c\u00e9lulas muertas, estimulan la respuesta inmunitaria.<\/h4>\n<h4><strong>Modo de uso:<\/strong><\/h4>\n<h4>Mezcle Nutra C 225 mg (1\/2) cuchara peque\u00f1a de Nutra-C (225mg- dosificador incluido) en su bebida favorita. Nutra-C que aporta el 150% de la recomendaci\u00f3n diaria de Vitamina C. Si desea aumentar el consumo de Vitamina C a un nivel superior de lo recomendado, por favor consulte a su m\u00e9dico o nutricionista (La cuchara grande aporta 2000mg de Vitamina C, diluir en 250ml de agua).<\/h4>\n<h4><strong>Recomendaciones:<\/strong>\u00a0 Guarde en un lugar seco y fresco, despu\u00e9s de preparado consumase en el menor tiempo posible.<\/h4>\n<h4>Registro Invima RSA-0009863-2020<\/h4>\n","protected":false},"excerpt":{"rendered":"<p>DESCRIPCION: Nutra-C contiene 200g de \u00c1cido Asc\u00f3rbico, equivalente a 400 tabletas de Vitamina C de 500mg, ultra concentraci\u00f3n ideal para personas que buscan aumentar la ingesta de Vitamina C en su dieta. La vitamina C es el mayor antiinflamatorio natural, aumenta la actividad de las c\u00e9lulas fagoc\u00edticas: c\u00e9lulas inmunitarias que pueden ingerir material extra\u00f1o y [&hellip;]<\/p>\n","protected":false},"featured_media":13562,"comment_status":"open","ping_status":"closed","template":"","meta":{"inline_featured_image":false},"product_brand":[],"product_cat":[100,132,112],"product_tag":[],"class_list":{"0":"post-13514","1":"product","2":"type-product","3":"status-publish","4":"has-post-thumbnail","6":"product_cat-nutramerican","7":"product_cat-productos-saludables","8":"product_cat-suplementos-naturales","10":"first","11":"instock","12":"taxable","13":"shipping-taxable","14":"purchasable","15":"product-type-simple","16":"ebbe-col"},"_links":{"self":[{"href":"https:\/\/nutrifitmax.co\/index.php\/wp-json\/wp\/v2\/product\/13514","targetHints":{"allow":["GET"]}}],"collection":[{"href":"https:\/\/nutrifitmax.co\/index.php\/wp-json\/wp\/v2\/product"}],"about":[{"href":"https:\/\/nutrifitmax.co\/index.php\/wp-json\/wp\/v2\/types\/product"}],"replies":[{"embeddable":true,"href":"https:\/\/nutrifitmax.co\/index.php\/wp-json\/wp\/v2\/comments?post=13514"}],"wp:featuredmedia":[{"embeddable":true,"href":"https:\/\/nutrifitmax.co\/index.php\/wp-json\/wp\/v2\/media\/13562"}],"wp:attachment":[{"href":"https:\/\/nutrifitmax.co\/index.php\/wp-json\/wp\/v2\/media?parent=13514"}],"wp:term":[{"taxonomy":"product_brand","embeddable":true,"href":"https:\/\/nutrifitmax.co\/index.php\/wp-json\/wp\/v2\/product_brand?post=13514"},{"taxonomy":"product_cat","embeddable":true,"href":"https:\/\/nutrifitmax.co\/index.php\/wp-json\/wp\/v2\/product_cat?post=13514"},{"taxonomy":"product_tag","embeddable":true,"href":"https:\/\/nutrifitmax.co\/index.php\/wp-json\/wp\/v2\/product_tag?post=13514"}],"curies":[{"name":"wp","href":"https:\/\/api.w.org\/{rel}","templated":true}]}}