{"id":13513,"date":"2025-04-07T20:01:31","date_gmt":"2025-04-07T20:01:31","guid":{"rendered":"https:\/\/nutrifitmax.co\/?post_type=product&#038;p=13513"},"modified":"2026-04-23T00:50:31","modified_gmt":"2026-04-23T00:50:31","slug":"elite-caseine-2lb-dymatize","status":"publish","type":"product","link":"https:\/\/nutrifitmax.co\/index.php\/product\/elite-caseine-2lb-dymatize\/","title":{"rendered":"ELITE CASEINE 2LB DYMATIZE"},"content":{"rendered":"<p>DESCRIPCION:<\/p>\n<p>Fortal\u00e9cete con la prote\u00edna que nunca duerme. Opta por la case\u00edna Elite para favorecer la recuperaci\u00f3n muscular antes de irte a la cama. Esta prote\u00edna de digesti\u00f3n lenta y absorci\u00f3n lenta libera amino\u00e1cidos gradualmente, dando a tus m\u00fasculos lo que necesitan, incluso mientras descansas. Te empujaste m\u00e1s all\u00e1 de los l\u00edmites. No pierdas esas ganancias.<\/p>\n<p>Modo de uso: Mezcla\u00a0dos cucharadas\u00a0(incluidas) de\u00a0Dymatize Elite Casein\u00a0con\u00a010-12 fl. onz.\u00a0(200-240 ml) de tu bebida favorita.<\/p>\n<p>&nbsp;<\/p>\n<p>&nbsp;<\/p>\n","protected":false},"excerpt":{"rendered":"<p>DESCRIPCION: Fortal\u00e9cete con la prote\u00edna que nunca duerme. Opta por la case\u00edna Elite para favorecer la recuperaci\u00f3n muscular antes de irte a la cama. Esta prote\u00edna de digesti\u00f3n lenta y absorci\u00f3n lenta libera amino\u00e1cidos gradualmente, dando a tus m\u00fasculos lo que necesitan, incluso mientras descansas. Te empujaste m\u00e1s all\u00e1 de los l\u00edmites. No pierdas esas [&hellip;]<\/p>\n","protected":false},"featured_media":13561,"comment_status":"open","ping_status":"closed","template":"","meta":{"inline_featured_image":false},"product_brand":[],"product_cat":[110,102,96,86,88],"product_tag":[],"class_list":{"0":"post-13513","1":"product","2":"type-product","3":"status-publish","4":"has-post-thumbnail","6":"product_cat-caseinas","7":"product_cat-dymatize","8":"product_cat-ganancia","9":"product_cat-marca","10":"product_cat-proteinas","12":"first","13":"outofstock","14":"taxable","15":"shipping-taxable","16":"purchasable","17":"product-type-simple","18":"ebbe-col"},"_links":{"self":[{"href":"https:\/\/nutrifitmax.co\/index.php\/wp-json\/wp\/v2\/product\/13513","targetHints":{"allow":["GET"]}}],"collection":[{"href":"https:\/\/nutrifitmax.co\/index.php\/wp-json\/wp\/v2\/product"}],"about":[{"href":"https:\/\/nutrifitmax.co\/index.php\/wp-json\/wp\/v2\/types\/product"}],"replies":[{"embeddable":true,"href":"https:\/\/nutrifitmax.co\/index.php\/wp-json\/wp\/v2\/comments?post=13513"}],"wp:featuredmedia":[{"embeddable":true,"href":"https:\/\/nutrifitmax.co\/index.php\/wp-json\/wp\/v2\/media\/13561"}],"wp:attachment":[{"href":"https:\/\/nutrifitmax.co\/index.php\/wp-json\/wp\/v2\/media?parent=13513"}],"wp:term":[{"taxonomy":"product_brand","embeddable":true,"href":"https:\/\/nutrifitmax.co\/index.php\/wp-json\/wp\/v2\/product_brand?post=13513"},{"taxonomy":"product_cat","embeddable":true,"href":"https:\/\/nutrifitmax.co\/index.php\/wp-json\/wp\/v2\/product_cat?post=13513"},{"taxonomy":"product_tag","embeddable":true,"href":"https:\/\/nutrifitmax.co\/index.php\/wp-json\/wp\/v2\/product_tag?post=13513"}],"curies":[{"name":"wp","href":"https:\/\/api.w.org\/{rel}","templated":true}]}}