{"id":13512,"date":"2025-04-07T20:01:31","date_gmt":"2025-04-07T20:01:31","guid":{"rendered":"https:\/\/nutrifitmax.co\/?post_type=product&#038;p=13512"},"modified":"2025-12-01T18:31:44","modified_gmt":"2025-12-01T18:31:44","slug":"creatina-monohidrata-dymatize","status":"publish","type":"product","link":"https:\/\/nutrifitmax.co\/index.php\/product\/creatina-monohidrata-dymatize\/","title":{"rendered":"CREATINA MONOHIDRATA DYMATIZE"},"content":{"rendered":"<h4>DESCRIPCION:<\/h4>\n<h4>La creatina dymatize es un suplemento de\u00a0monohidrato de creatina micronizado que ayuda a aumentar la masa muscular, la fuerza, la energ\u00eda y el rendimiento deportivo.\u00a0La creatina micronizada es una forma de creatina m\u00e1s fina y f\u00e1cil de disolver que la creatina normal.\u00a0La creatina dymatize est\u00e1 formulada para suministrar 3 g de creatina por porci\u00f3n y no contiene gluten.<\/h4>\n<h4><strong>Modo de uso:\u00a0<\/strong><\/h4>\n<h4>M\u00e1ximo 1 porci\u00f3n por d\u00eda. No para ni\u00f1os y adolescentes. Para adultos: uso exclusivo durante los per\u00edodos de entrenamiento intensivo<\/h4>\n","protected":false},"excerpt":{"rendered":"<p>DESCRIPCION: La creatina dymatize es un suplemento de\u00a0monohidrato de creatina micronizado que ayuda a aumentar la masa muscular, la fuerza, la energ\u00eda y el rendimiento deportivo.\u00a0La creatina micronizada es una forma de creatina m\u00e1s fina y f\u00e1cil de disolver que la creatina normal.\u00a0La creatina dymatize est\u00e1 formulada para suministrar 3 g de creatina por porci\u00f3n [&hellip;]<\/p>\n","protected":false},"featured_media":13560,"comment_status":"open","ping_status":"closed","template":"","meta":{"inline_featured_image":false},"product_brand":[],"product_cat":[99,102,96,86,95],"product_tag":[],"class_list":{"0":"post-13512","1":"product","2":"type-product","3":"status-publish","4":"has-post-thumbnail","6":"product_cat-creatinas","7":"product_cat-dymatize","8":"product_cat-ganancia","9":"product_cat-marca","10":"product_cat-recuperacion","12":"first","13":"outofstock","14":"taxable","15":"shipping-taxable","16":"purchasable","17":"product-type-simple","18":"ebbe-col"},"_links":{"self":[{"href":"https:\/\/nutrifitmax.co\/index.php\/wp-json\/wp\/v2\/product\/13512","targetHints":{"allow":["GET"]}}],"collection":[{"href":"https:\/\/nutrifitmax.co\/index.php\/wp-json\/wp\/v2\/product"}],"about":[{"href":"https:\/\/nutrifitmax.co\/index.php\/wp-json\/wp\/v2\/types\/product"}],"replies":[{"embeddable":true,"href":"https:\/\/nutrifitmax.co\/index.php\/wp-json\/wp\/v2\/comments?post=13512"}],"wp:featuredmedia":[{"embeddable":true,"href":"https:\/\/nutrifitmax.co\/index.php\/wp-json\/wp\/v2\/media\/13560"}],"wp:attachment":[{"href":"https:\/\/nutrifitmax.co\/index.php\/wp-json\/wp\/v2\/media?parent=13512"}],"wp:term":[{"taxonomy":"product_brand","embeddable":true,"href":"https:\/\/nutrifitmax.co\/index.php\/wp-json\/wp\/v2\/product_brand?post=13512"},{"taxonomy":"product_cat","embeddable":true,"href":"https:\/\/nutrifitmax.co\/index.php\/wp-json\/wp\/v2\/product_cat?post=13512"},{"taxonomy":"product_tag","embeddable":true,"href":"https:\/\/nutrifitmax.co\/index.php\/wp-json\/wp\/v2\/product_tag?post=13512"}],"curies":[{"name":"wp","href":"https:\/\/api.w.org\/{rel}","templated":true}]}}