{"id":13504,"date":"2025-04-07T20:01:30","date_gmt":"2025-04-07T20:01:30","guid":{"rendered":"https:\/\/nutrifitmax.co\/?post_type=product&#038;p=13504"},"modified":"2026-02-05T20:37:39","modified_gmt":"2026-02-05T20:37:39","slug":"great-day-lemon-gingerine-savy","status":"publish","type":"product","link":"https:\/\/nutrifitmax.co\/index.php\/product\/great-day-lemon-gingerine-savy\/","title":{"rendered":"GREAT DAY LEMON GINGERINE SAVY"},"content":{"rendered":"<h4>DESCRIPCION:<\/h4>\n<h4>lemon gingerine es una mezcla con citrato de magnesio y citrato de potasio en polvo, de f\u00e1cil absorci\u00f3n.Great Day Lemon Gingerine contiene jengibre en polvo, evaluado en nuestros laboratorios para certificar la presencia de componentes activos como el 6-gingerol y el 6-shogaol.<\/h4>\n<h4><strong>Modo de uso:<\/strong><\/h4>\n<h4>Mezclar en una cuchara medidora (6g) en un vaso de agua (250ml)y agitar hasta disolver. Se recomienda usar shaker.<\/h4>\n<h4><strong>Recomendaciones:<\/strong> Ajuste bien la tapa en el envase despu\u00e9s de cada uso, gu\u00e1rdelo en un lugar fresco, seco, alejado de fuentes de luz, calor y focos de contaminaci\u00f3n.<\/h4>\n<h4>Contenido neto 210g<\/h4>\n<h4>35 servicios<\/h4>\n<h4>Registro Invima<\/h4>\n<h4>NSA-0008543-2020<\/h4>\n","protected":false},"excerpt":{"rendered":"<p>DESCRIPCION: lemon gingerine es una mezcla con citrato de magnesio y citrato de potasio en polvo, de f\u00e1cil absorci\u00f3n.Great Day Lemon Gingerine contiene jengibre en polvo, evaluado en nuestros laboratorios para certificar la presencia de componentes activos como el 6-gingerol y el 6-shogaol. Modo de uso: Mezclar en una cuchara medidora (6g) en un vaso [&hellip;]<\/p>\n","protected":false},"featured_media":14864,"comment_status":"open","ping_status":"closed","template":"","meta":{"inline_featured_image":false},"product_brand":[],"product_cat":[86,131,112],"product_tag":[],"class_list":{"0":"post-13504","1":"product","2":"type-product","3":"status-publish","4":"has-post-thumbnail","6":"product_cat-marca","7":"product_cat-savy","8":"product_cat-suplementos-naturales","10":"first","11":"instock","12":"taxable","13":"shipping-taxable","14":"purchasable","15":"product-type-simple","16":"ebbe-col","17":"product-has-gallery"},"_links":{"self":[{"href":"https:\/\/nutrifitmax.co\/index.php\/wp-json\/wp\/v2\/product\/13504","targetHints":{"allow":["GET"]}}],"collection":[{"href":"https:\/\/nutrifitmax.co\/index.php\/wp-json\/wp\/v2\/product"}],"about":[{"href":"https:\/\/nutrifitmax.co\/index.php\/wp-json\/wp\/v2\/types\/product"}],"replies":[{"embeddable":true,"href":"https:\/\/nutrifitmax.co\/index.php\/wp-json\/wp\/v2\/comments?post=13504"}],"wp:featuredmedia":[{"embeddable":true,"href":"https:\/\/nutrifitmax.co\/index.php\/wp-json\/wp\/v2\/media\/14864"}],"wp:attachment":[{"href":"https:\/\/nutrifitmax.co\/index.php\/wp-json\/wp\/v2\/media?parent=13504"}],"wp:term":[{"taxonomy":"product_brand","embeddable":true,"href":"https:\/\/nutrifitmax.co\/index.php\/wp-json\/wp\/v2\/product_brand?post=13504"},{"taxonomy":"product_cat","embeddable":true,"href":"https:\/\/nutrifitmax.co\/index.php\/wp-json\/wp\/v2\/product_cat?post=13504"},{"taxonomy":"product_tag","embeddable":true,"href":"https:\/\/nutrifitmax.co\/index.php\/wp-json\/wp\/v2\/product_tag?post=13504"}],"curies":[{"name":"wp","href":"https:\/\/api.w.org\/{rel}","templated":true}]}}