{"id":13503,"date":"2025-04-07T20:01:30","date_gmt":"2025-04-07T20:01:30","guid":{"rendered":"https:\/\/nutrifitmax.co\/?post_type=product&#038;p=13503"},"modified":"2026-02-05T20:35:41","modified_gmt":"2026-02-05T20:35:41","slug":"great-day-limonada-de-coco-savy","status":"publish","type":"product","link":"https:\/\/nutrifitmax.co\/index.php\/product\/great-day-limonada-de-coco-savy\/","title":{"rendered":"GREAT DAY LIMONADA DE COCO SAVY"},"content":{"rendered":"<h4>DESCRIPCION:<\/h4>\n<h4>\u00a0limonada de coco es una mezcla en polvo alta en citrato de magnesio y citrato de potasio cuya fuente es de f\u00e1cil absorci\u00f3n e ideal para mejorar el aporte de este mineral en tu cuerpo.<\/h4>\n<h4><strong>Modo de uso:<\/strong><\/h4>\n<h4>Mezclar en una cuchara medidora (6g) en un vaso de agua (250ml)y agitar hasta disolver. Se recomienda usar shaker.<\/h4>\n<h4><strong>Recomendaciones:<\/strong> Ajuste bien la tapa en el envase despu\u00e9s de cada uso, gu\u00e1rdelo en un lugar fresco, seco, alejado de fuentes de luz, calor y focos de contaminaci\u00f3n.<\/h4>\n<h4>Contenido neto 210g<\/h4>\n<h4>35 servicios<\/h4>\n<h4>Registro Invima<\/h4>\n<h4>NSA-0008543-2020<\/h4>\n","protected":false},"excerpt":{"rendered":"<p>DESCRIPCION: \u00a0limonada de coco es una mezcla en polvo alta en citrato de magnesio y citrato de potasio cuya fuente es de f\u00e1cil absorci\u00f3n e ideal para mejorar el aporte de este mineral en tu cuerpo. Modo de uso: Mezclar en una cuchara medidora (6g) en un vaso de agua (250ml)y agitar hasta disolver. Se [&hellip;]<\/p>\n","protected":false},"featured_media":14862,"comment_status":"open","ping_status":"closed","template":"","meta":{"inline_featured_image":false},"product_brand":[],"product_cat":[86,132,131,112],"product_tag":[],"class_list":{"0":"post-13503","1":"product","2":"type-product","3":"status-publish","4":"has-post-thumbnail","6":"product_cat-marca","7":"product_cat-productos-saludables","8":"product_cat-savy","9":"product_cat-suplementos-naturales","11":"first","12":"instock","13":"taxable","14":"shipping-taxable","15":"purchasable","16":"product-type-simple","17":"ebbe-col","18":"product-has-gallery"},"_links":{"self":[{"href":"https:\/\/nutrifitmax.co\/index.php\/wp-json\/wp\/v2\/product\/13503","targetHints":{"allow":["GET"]}}],"collection":[{"href":"https:\/\/nutrifitmax.co\/index.php\/wp-json\/wp\/v2\/product"}],"about":[{"href":"https:\/\/nutrifitmax.co\/index.php\/wp-json\/wp\/v2\/types\/product"}],"replies":[{"embeddable":true,"href":"https:\/\/nutrifitmax.co\/index.php\/wp-json\/wp\/v2\/comments?post=13503"}],"wp:featuredmedia":[{"embeddable":true,"href":"https:\/\/nutrifitmax.co\/index.php\/wp-json\/wp\/v2\/media\/14862"}],"wp:attachment":[{"href":"https:\/\/nutrifitmax.co\/index.php\/wp-json\/wp\/v2\/media?parent=13503"}],"wp:term":[{"taxonomy":"product_brand","embeddable":true,"href":"https:\/\/nutrifitmax.co\/index.php\/wp-json\/wp\/v2\/product_brand?post=13503"},{"taxonomy":"product_cat","embeddable":true,"href":"https:\/\/nutrifitmax.co\/index.php\/wp-json\/wp\/v2\/product_cat?post=13503"},{"taxonomy":"product_tag","embeddable":true,"href":"https:\/\/nutrifitmax.co\/index.php\/wp-json\/wp\/v2\/product_tag?post=13503"}],"curies":[{"name":"wp","href":"https:\/\/api.w.org\/{rel}","templated":true}]}}