{"id":13434,"date":"2025-04-07T20:00:24","date_gmt":"2025-04-07T20:00:24","guid":{"rendered":"https:\/\/nutrifitmax.co\/?post_type=product&#038;p=13434"},"modified":"2026-01-20T17:29:00","modified_gmt":"2026-01-20T17:29:00","slug":"smart-bar-barras-de-proteinas","status":"publish","type":"product","link":"https:\/\/nutrifitmax.co\/index.php\/product\/smart-bar-barras-de-proteinas\/","title":{"rendered":"SMART BAR BARRAS DE PROTEINAS"},"content":{"rendered":"<p><img fetchpriority=\"high\" decoding=\"async\" class=\"\" src=\"https:\/\/www.nutriciononline.com.co\/wp-content\/uploads\/2019\/04\/smart-bar.jpg\" alt=\"Barras de Proteina Smart Bar Smart Nutrition Colombia Nutricion Online\" width=\"528\" height=\"307\" \/>SABORES VAINILLA CHOCOLATE Y FRESA SMART BAR BARRAS DE PROTEINAS<\/p>\n<p>Las barras de prote\u00ednas son unas aliadas de las personas que siempre realizan ejercicios. Tambi\u00e9n de los que quieren cuidar su figura y buscan mantener su peso.<\/p>\n<p>La\u00a0<strong>SmartBar<\/strong>\u00a0es una barra a base de suero de leche (<strong>prote\u00edna whey pure<\/strong>) usada como sustituto de snack durante o despu\u00e9s de la actividad f\u00edsica, proporciona los nutrientes de la prote\u00edna, ideal para despu\u00e9s de entrenar o durante el d\u00eda para esos momentos en que tienes hambre pero quieres algo que no necesites preparar.<\/p>\n<p><strong>SmartBar<\/strong>\u00a0te ayuda a recuperar energ\u00eda, est\u00e1 dise\u00f1ada para ofrecer las cantidades necesarias de prote\u00edna ayudando a frenar el consumo total de calor\u00edas, sentirte m\u00e1s satisfecho sin disminuir tu masa muscular y ayudando a desaparecer la grasa acumulada en nuestro cuerpo, ya que las prote\u00ednas son m\u00e1s saciantes que los carbohidratos y grasas. Otro beneficio de consumir barras de prote\u00edna es que te puede ayudar a disminuir los niveles de az\u00facar en la sangre.<\/p>\n<h3><\/h3>\n<p><strong>Modo de uso:\u00a0<\/strong><\/p>\n<ul>\n<li>Puede comer una barra entre comidas como snack, para suplir una media ma\u00f1ana o media tarde.<\/li>\n<li>Tambi\u00e9n puede consumirlas cuando no tenga prote\u00edna cerca para suplementarse despu\u00e9s del entreno o actividad f\u00edsica.<\/li>\n<\/ul>\n","protected":false},"excerpt":{"rendered":"<p><img decoding=\"async\" src=\"https:\/\/www.nutriciononline.com.co\/wp-content\/uploads\/2019\/04\/smart-bar.jpg\" alt=\"Barras de Proteina Smart Bar Smart Nutrition Colombia Nutricion Online\" \/><\/p>\n<p>SMART BAR BARRAS DE PROTEINAS<\/p>\n","protected":false},"featured_media":13485,"comment_status":"open","ping_status":"closed","template":"","meta":{"inline_featured_image":false},"product_brand":[],"product_cat":[86,88,106,107],"product_tag":[],"class_list":{"0":"post-13434","1":"product","2":"type-product","3":"status-publish","4":"has-post-thumbnail","6":"product_cat-marca","7":"product_cat-proteinas","8":"product_cat-smart","9":"product_cat-snacks","11":"first","12":"instock","13":"taxable","14":"shipping-taxable","15":"purchasable","16":"product-type-simple","17":"ebbe-col","18":"product-has-gallery"},"_links":{"self":[{"href":"https:\/\/nutrifitmax.co\/index.php\/wp-json\/wp\/v2\/product\/13434","targetHints":{"allow":["GET"]}}],"collection":[{"href":"https:\/\/nutrifitmax.co\/index.php\/wp-json\/wp\/v2\/product"}],"about":[{"href":"https:\/\/nutrifitmax.co\/index.php\/wp-json\/wp\/v2\/types\/product"}],"replies":[{"embeddable":true,"href":"https:\/\/nutrifitmax.co\/index.php\/wp-json\/wp\/v2\/comments?post=13434"}],"wp:featuredmedia":[{"embeddable":true,"href":"https:\/\/nutrifitmax.co\/index.php\/wp-json\/wp\/v2\/media\/13485"}],"wp:attachment":[{"href":"https:\/\/nutrifitmax.co\/index.php\/wp-json\/wp\/v2\/media?parent=13434"}],"wp:term":[{"taxonomy":"product_brand","embeddable":true,"href":"https:\/\/nutrifitmax.co\/index.php\/wp-json\/wp\/v2\/product_brand?post=13434"},{"taxonomy":"product_cat","embeddable":true,"href":"https:\/\/nutrifitmax.co\/index.php\/wp-json\/wp\/v2\/product_cat?post=13434"},{"taxonomy":"product_tag","embeddable":true,"href":"https:\/\/nutrifitmax.co\/index.php\/wp-json\/wp\/v2\/product_tag?post=13434"}],"curies":[{"name":"wp","href":"https:\/\/api.w.org\/{rel}","templated":true}]}}