{"id":13421,"date":"2025-04-07T20:00:00","date_gmt":"2025-04-07T20:00:00","guid":{"rendered":"https:\/\/nutrifitmax.co\/?post_type=product&#038;p=13421"},"modified":"2025-12-02T01:50:45","modified_gmt":"2025-12-02T01:50:45","slug":"bns-no-xplode-30-serv-sandia","status":"publish","type":"product","link":"https:\/\/nutrifitmax.co\/index.php\/product\/bns-no-xplode-30-serv-sandia\/","title":{"rendered":"BNS NO XPLODE 30 SERV SANDIA"},"content":{"rendered":"<p>BNS NO XPLODE 60 SERV<\/p>\n<p><img fetchpriority=\"high\" decoding=\"async\" class=\"\" src=\"https:\/\/www.naturnetcolombia.com\/wp-content\/uploads\/2022\/09\/no-xplode-60.jpg\" width=\"293\" height=\"293\" \/><\/p>\n<p>En 2004\u00a0<strong>BSN\u00ae<\/strong>\u00a0cambi\u00f3 el panorama de la nutrici\u00f3n deportiva para siempre cuando introdujimos el primer suplemento pre-entrenamiento completo,\u00a0<strong>N.O.-XPLODE\u00ae<\/strong>. Pros\u00a0<strong>BSN\u00ae<\/strong>\u00a0ha estado trabajando duro durante el a\u00f1o pasado para ofrecer la pr\u00f3xima evoluci\u00f3n de los suplementos pre-entrenamiento.<\/p>\n<p>Hablamos con nuestros usuarios, o\u00edmos las votaciones, y elaboramos una f\u00f3rmula dise\u00f1ada para ayudar a entregar energ\u00eda explosiva, resistencia mejorada y el m\u00e1ximo rendimiento a trav\u00e9s de nuestra nueva f\u00f3rmula maestra de rendimiento. De hecho, m\u00e1s del 75% de los consumidores que probaron la f\u00f3rmula durante el proceso de desarrollo nos dijeron que el producto entrega el nivel adecuado de energ\u00eda, resistencia y el congesti\u00f3n m\u00fascular. Tambi\u00e9n dimos un paso m\u00e1s y mejoramos el sabor, lo que garantiza el nuevo\u00a0<strong>N.O.-XPLODE\u00ae<\/strong>\u00a0cumple la promesa BSN\u00ae de gran sabor y capacidad de mezcla superior.<\/p>\n<p>Con una f\u00f3rmula m\u00e1s concentrada (reducci\u00f3n de m\u00e1s del 17% en tama\u00f1o del servicio) y la tecnolog\u00eda avanzada de ingredientes,\u00a0<strong>N.O.-XPLODE\u00ae<\/strong>\u00a0ha sido redise\u00f1ado para ayudarlo a que usted lleve su entrenamiento m\u00e1s all\u00e1 de sus l\u00edmites.<\/p>\n<p>Esfu\u00e9rzate y su entrena hasta tus l\u00edmites.<\/p>\n<p>Prep\u00e1rate a levantar a\u00fan m\u00e1s peso.<\/p>\n<p>El Nuevo\u00a0<strong>N.O.-XPLODE\u00ae<\/strong>\u00a0de\u00a0<strong>BSN\u00ae<\/strong>.NO XPLODE 45 SER FRUIT<\/p>\n<p><strong>\u00bfC\u00f3mo va No EXPLODE\u00ae a mejorar mi entrenamiento?<\/strong><\/p>\n<p>Lograr la sesi\u00f3n de entrenamiento m\u00e1s eficaz, tanto la energ\u00eda mental y f\u00edsica es una necesidad. Entonces se necesita de un mejor enfoque para aprovechar esta energ\u00eda y conducirlo a usted a una fuerte conexi\u00f3n mente-m\u00fasculo. Esta conexi\u00f3n mente-m\u00fasculo le ayudar\u00e1 a lograr una mayor intensidad del entrenamiento y a llevar a su cuerpo m\u00e1s all\u00e1 de sus l\u00edmites. En\u00a0<strong>BSN\u00ae<\/strong>, sabemos que un suplemento de pre-entrenamiento debe apoyar todos estos beneficios. Dise\u00f1amos\u00a0<strong>N.O XPLODE\u00ae<\/strong>, nuestra completo pre-entrenador, para ayudar a entregar una mayor energ\u00eda y resistencia, apoyar la concentraci\u00f3n mental y la fuerza muscular , y proporcionar segundo a segundo la intensidad para ayudar a los atletas de todos los niveles a maximizar el rendimiento del entrenamiento.<\/p>\n<p><strong>Ingredientes con Tecnologia Avanzada<\/strong><\/p>\n<p><strong>BSN<sup>\u00ae<\/sup><\/strong>\u00a0Pros ha elaborado los ingredientes de\u00a0<strong>N.O-XPLODE\u00ae<\/strong>\u00a0para trabajar juntos y mejorar el rendimiento general del entrenamiento. La tecnolog\u00eda ingrediente innovador de\u00a0<strong>NO XPLODE\u00ae<\/strong>\u00a0cuenta con:<\/p>\n<p><strong>Energ\u00eda Explosiva<\/strong><\/p>\n<p>Para aumentar al m\u00e1ximo cada momento de su entrenamiento y alcanzar sus mejores resultados, se necesita energ\u00eda. Igual de importante es canalizar esa energ\u00eda, lo que garantiza una conexi\u00f3n mente-m\u00fasculo.<\/p>\n<p>Nuestra mezcla T\u00e9rmico Energy\u2122 ayuda a suministrar energ\u00eda explosiva mejorando la intensidad de su entrenamiento de principio a fin.<\/p>\n<p><strong>Resistencia mejorada<\/strong><\/p>\n<p>Su cuerpo responde a la cantidad de trabajo que usted hace en un per\u00edodo de tiempo. Si usted est\u00e1 en el gimnasio o en el campo, nuestra mezcla Endura Shot\u2122, que ofrece una mezcla de beta-alanina concentrada lo que ayuda a mejorar su capacidad de entrenamiento, y le da la oportunidad de ejercitase m\u00e1s tiempo.<\/p>\n<p><strong>M\u00e1ximo rendimiento<\/strong><\/p>\n<p>La fuerza muscular, potencia y resistencia son apoyados con creatina.<\/p>\n<p>La tecnolog\u00eda innovadora de nuestro ingrediente Miog\u00e9nica Matrix\u2122, que ofrece una mezcla de creatina avanzada, ayuda a todos los atletas a alcanzar su objetivo de maximizar el rendimiento.<\/p>\n<p><strong>El mejor sabor NO-XPLODE\u00ae desde siempre<\/strong><\/p>\n<p><strong>BSN<sup>\u00ae<\/sup><\/strong>\u00a0entendiende c\u00f3mo hacer un producto que es eficaz y con un gran sabor. Hemos aplicado este conocimiento para el nuevo\u00a0<strong>N.O.-XPLODE\u00ae<\/strong>, la creaci\u00f3n de 5 sabores sorprendentes: Fruit Punch, Blue Raz, Watermelon, Grape, and Green Apple.<\/p>\n<p><strong>Calidad y Seguridad<\/strong><\/p>\n<p>Calidad y seguridad es la piedra angular sobre la que todos los productos de\u00a0<strong>BSN<sup>\u00ae<\/sup><\/strong>\u00a0est\u00e1n formulados y fabricados. Nuestros estrictos requerimientos de ingredientes y de fabricaci\u00f3n son los mejores en su clase. Seleccionamos las mejores materias primas para nuestras formulas con tecnolog\u00eda de \u00faltima generaci\u00f3n, este compromiso implacable a una calidad superior garantiza la seguridad y la potencia de cada producto que fabricamos.<\/p>\n<p><strong>ADVERTENCIA:<\/strong>\u00a0CONSULTE A SU MEDICO ANTES DE USAR ESTE PRODUCTO si est\u00e1 tomando alg\u00fan medicamento o est\u00e1 bajo el cuidado de UN M\u00c9DICO PARA UNA CONDICI\u00d3N M\u00c9DICA. NO APTO PARA USO EN MENORES DE 18 A\u00d1OS, mujeres que est\u00e1n embarazadas o que est\u00e1n tratando de quedar embarazadas o en lactancia o aquellos que son sensibles a beta-alanina, la cafe\u00edna o niacina. NO CONSUMIR cafe\u00edna de otras fuentes mientras se toma este producto, la cafe\u00edna en exceso puede causar nerviosismo, irritabilidad, insomnio, y latidos del coraz\u00f3n OCASIONALMENTE RAPIDOS. La Beta-alanina y la niacina pueden causar un hormigueo TEMPORAL.<\/p>\n<p>No combinar con alcohol. Consumir como parte de un programa de dieta y ejercicio saludable, y beber al menos 100 onzas de agua por d\u00eda. El ejercicio puede aumentar su necesidad de consumo de l\u00edquidos adicionales. Mantener fuera del alcance de los ni\u00f1os. Almacene en un lugar fresco y seco lejos de la luz solar directa.<\/p>\n<p><strong>Modo de Empleo<\/strong><\/p>\n<p>Mezclar 1 cucharada con 4-6 onzas de agua fr\u00eda y consumir 20-30 minutos antes del entrenamiento. No tome m\u00e1s de 2 cucharadas a la vez o en 1 d\u00eda.<\/p>\n<p>Aproximadamente 200 mg de cafe\u00edna por porci\u00f3n. PARA MEZCLAR\u00a0<strong>N.O.-XPLODE<sup>\u00ae<\/sup><\/strong>, NO LO BATA NI LICUE. REVUELVA CON UN UTENCILLO.<\/p>\n<p>&nbsp;<\/p>\n","protected":false},"excerpt":{"rendered":"<p>BNS NO XPLODE 60 SERV<\/p>\n<p><img decoding=\"async\" src=\"https:\/\/www.naturnetcolombia.com\/wp-content\/uploads\/2022\/09\/no-xplode-60.jpg\" \/><\/p>\n","protected":false},"featured_media":13484,"comment_status":"open","ping_status":"closed","template":"","meta":{"inline_featured_image":false},"product_brand":[],"product_cat":[94,86,109],"product_tag":[],"class_list":{"0":"post-13421","1":"product","2":"type-product","3":"status-publish","4":"has-post-thumbnail","6":"product_cat-bsn","7":"product_cat-marca","8":"product_cat-pre-entrenos","10":"first","11":"instock","12":"taxable","13":"shipping-taxable","14":"purchasable","15":"product-type-simple","16":"ebbe-col"},"_links":{"self":[{"href":"https:\/\/nutrifitmax.co\/index.php\/wp-json\/wp\/v2\/product\/13421","targetHints":{"allow":["GET"]}}],"collection":[{"href":"https:\/\/nutrifitmax.co\/index.php\/wp-json\/wp\/v2\/product"}],"about":[{"href":"https:\/\/nutrifitmax.co\/index.php\/wp-json\/wp\/v2\/types\/product"}],"replies":[{"embeddable":true,"href":"https:\/\/nutrifitmax.co\/index.php\/wp-json\/wp\/v2\/comments?post=13421"}],"wp:featuredmedia":[{"embeddable":true,"href":"https:\/\/nutrifitmax.co\/index.php\/wp-json\/wp\/v2\/media\/13484"}],"wp:attachment":[{"href":"https:\/\/nutrifitmax.co\/index.php\/wp-json\/wp\/v2\/media?parent=13421"}],"wp:term":[{"taxonomy":"product_brand","embeddable":true,"href":"https:\/\/nutrifitmax.co\/index.php\/wp-json\/wp\/v2\/product_brand?post=13421"},{"taxonomy":"product_cat","embeddable":true,"href":"https:\/\/nutrifitmax.co\/index.php\/wp-json\/wp\/v2\/product_cat?post=13421"},{"taxonomy":"product_tag","embeddable":true,"href":"https:\/\/nutrifitmax.co\/index.php\/wp-json\/wp\/v2\/product_tag?post=13421"}],"curies":[{"name":"wp","href":"https:\/\/api.w.org\/{rel}","templated":true}]}}