{"id":13420,"date":"2025-04-07T20:00:00","date_gmt":"2025-04-07T20:00:00","guid":{"rendered":"https:\/\/nutrifitmax.co\/?post_type=product&#038;p=13420"},"modified":"2026-01-21T18:39:41","modified_gmt":"2026-01-21T18:39:41","slug":"syntha-6-10-lb-bsn","status":"publish","type":"product","link":"https:\/\/nutrifitmax.co\/index.php\/product\/syntha-6-10-lb-bsn\/","title":{"rendered":"SYNTHA 6 10 LB VAINILLA  BSN"},"content":{"rendered":"<h1 class=\"product-title product_title entry-title\">Descripcion<\/h1>\n<p>SABORES VAINILLA Y CHOCOLATE<\/p>\n<p><strong>SYNTHA-6\u00ae<\/strong>\u00a0es una prote\u00edna en polvo ultra-premium con el mejor sabor del mercado.\u00a0<strong>SYNTHA-6\u00ae<\/strong>\u00a0no s\u00f3lo incluye amino\u00e1cidos esenciales y \u00e1cidos grasos esenciales, tambi\u00e9n es una excelente fuente de fibra y contiene 6 g de grasa por porci\u00f3n, lo que hace que sea un suplemento de prote\u00edna nutritiva y multi-funcional.\u00a0<strong>SYNTHA-6\u00ae<\/strong>\u00a0es el refuerzo a la nutrici\u00f3n o para cualquier r\u00e9gimen de ejercicios, ya que est\u00e1 dise\u00f1ado para adaptarse a una variedad de estilos de vida activos y los planes de dieta. Y con\u00a0<strong>SYNTHA-6\u00ae<\/strong>, el alto nivel de prote\u00edna de calidad viene con sabor a la altura, gracias a la tecnolog\u00eda exclusiva en sabor de\u00a0<strong>BSN\u00ae.<\/strong><\/p>\n<p><strong>Caracter\u00edsticas<\/strong><\/p>\n<ul>\n<li>Scoop de 48 grs.<\/li>\n<li>Cantidad de servicios 48.<\/li>\n<li>5 grs de Fibra.<\/li>\n<li>180 grs de Sodio.<\/li>\n<li>22 grs de prote\u00edna por servicio.<\/li>\n<li>5 grs de Az\u00facar.<\/li>\n<li>10 grs de Carbohidratos.<\/li>\n<li>200 calor\u00edas.<\/li>\n<\/ul>\n<p><strong>Suplementaci\u00f3n de prote\u00ednas<\/strong><\/p>\n<p>Cubrir la ingesta diaria adecuada de prote\u00ednas es importante en cualquier r\u00e9gimen de ejercicio regular. Las prote\u00ednas son necesarias para ayudar a reparar los m\u00fasculos destrozados durante el ejercicio para construir m\u00fasculo nuevo. El uso de un polvo de prote\u00edna de calidad le ayudar\u00e1 a complementar la cantidad diaria de prote\u00edna requerida por su cuerpo y le ayudar\u00e1 a aprovechar los beneficios de cada sesi\u00f3n de entrenamiento. Si usted es nuevo en hacer ejercicio o si usted es un atleta competitivo, una prote\u00edna de calidad es esencial en su r\u00e9gimen de dieta.<\/p>\n<p><strong>Realmente delicioso<\/strong><\/p>\n<p><strong>BSN\u00ae<\/strong>\u00a0rompi\u00f3 la barrera de sabor prote\u00edna una vez por todas con la introducci\u00f3n de\u00a0<strong>SYNTHA-6\u00ae<\/strong>. Disponible en m\u00e1s de 10 sabores,\u00a0<strong>SYNTHA-6\u00ae<\/strong>\u00a0se mezcla como un delicioso batido y est\u00e1 dise\u00f1ado para cualquier persona que quiere complementar la ingesta diaria de prote\u00ednas para ayudar a alcanzar sus metas de nutrici\u00f3n y condici\u00f3n f\u00edsica.<\/p>\n<p><strong>Uso recomendado<\/strong><\/p>\n<p>Tome con NITRIX\u00ae 2.0, NO-XPLODE\u00ae y CELLMASS\u00ae 2.0 para el m\u00e1ximo rendimiento f\u00edsico.<\/p>\n<p><strong>Dise\u00f1ado para<\/strong><\/p>\n<p>Cualquier persona que quiere una prote\u00edna en polvo ultra-premium para ayudarle a alcanzar sus metas de nutrici\u00f3n y condici\u00f3n f\u00edsica.<\/p>\n<p><strong>Modo de empleo<\/strong><\/p>\n<p>Tomar 1 cucharada con 4-5 onzas de agua fr\u00eda o cualquier bebida de su elecci\u00f3n. Var\u00ede la cantidad de l\u00edquido para lograr un sabor agradable para usted y para lograr la consistencia deseada. Para aumentar su ingesta de prote\u00ednas por porci\u00f3n y para lograr un sabor batido incre\u00edble, utilizar con leche baja en grasa.<\/p>\n","protected":false},"excerpt":{"rendered":"<p>&nbsp;<\/p>\n<h1 class=\"product-title product_title entry-title\"><\/h1>\n","protected":false},"featured_media":14478,"comment_status":"open","ping_status":"closed","template":"","meta":{"inline_featured_image":false},"product_brand":[],"product_cat":[94,86,91,88,103],"product_tag":[158,146,157],"class_list":{"0":"post-13420","1":"product","2":"type-product","3":"status-publish","4":"has-post-thumbnail","6":"product_cat-bsn","7":"product_cat-marca","8":"product_cat-mas-vendidos","9":"product_cat-proteinas","10":"product_cat-proteinas-concentradas","11":"product_tag-bsn","12":"product_tag-proteina","13":"product_tag-syntha-6","15":"first","16":"instock","17":"taxable","18":"shipping-taxable","19":"purchasable","20":"product-type-simple","21":"ebbe-col","22":"product-has-gallery"},"_links":{"self":[{"href":"https:\/\/nutrifitmax.co\/index.php\/wp-json\/wp\/v2\/product\/13420","targetHints":{"allow":["GET"]}}],"collection":[{"href":"https:\/\/nutrifitmax.co\/index.php\/wp-json\/wp\/v2\/product"}],"about":[{"href":"https:\/\/nutrifitmax.co\/index.php\/wp-json\/wp\/v2\/types\/product"}],"replies":[{"embeddable":true,"href":"https:\/\/nutrifitmax.co\/index.php\/wp-json\/wp\/v2\/comments?post=13420"}],"wp:featuredmedia":[{"embeddable":true,"href":"https:\/\/nutrifitmax.co\/index.php\/wp-json\/wp\/v2\/media\/14478"}],"wp:attachment":[{"href":"https:\/\/nutrifitmax.co\/index.php\/wp-json\/wp\/v2\/media?parent=13420"}],"wp:term":[{"taxonomy":"product_brand","embeddable":true,"href":"https:\/\/nutrifitmax.co\/index.php\/wp-json\/wp\/v2\/product_brand?post=13420"},{"taxonomy":"product_cat","embeddable":true,"href":"https:\/\/nutrifitmax.co\/index.php\/wp-json\/wp\/v2\/product_cat?post=13420"},{"taxonomy":"product_tag","embeddable":true,"href":"https:\/\/nutrifitmax.co\/index.php\/wp-json\/wp\/v2\/product_tag?post=13420"}],"curies":[{"name":"wp","href":"https:\/\/api.w.org\/{rel}","templated":true}]}}