{"id":13416,"date":"2025-04-07T20:00:00","date_gmt":"2025-04-07T20:00:00","guid":{"rendered":"https:\/\/nutrifitmax.co\/?post_type=product&#038;p=13416"},"modified":"2025-12-01T18:51:36","modified_gmt":"2025-12-01T18:51:36","slug":"nitro-tech-10-lb-vainilla","status":"publish","type":"product","link":"https:\/\/nutrifitmax.co\/index.php\/product\/nitro-tech-10-lb-vainilla\/","title":{"rendered":"NITRO TECH 10 LB VAINILLA"},"content":{"rendered":"<p><img decoding=\"async\" class=\"\" src=\"https:\/\/suplementos.b-cdn.net\/proteinas\/nitro-tech-10lbs-vainilla-500x500.webp\" alt=\"Nitro Tech Performance 10 Libras - Usa Suplementos\" width=\"217\" height=\"217\" \/><\/p>\n<h3 class=\"h5 mb-1\">Marca:\u00a0<span class=\"pl-2 fw-400\">Muscletech<\/span><\/h3>\n<h3 class=\"h5 mb-1\">Categorias:\u00a0<span class=\"pl-2 fw-400\">Proteinas,\u00a0<\/span><span class=\"pl-2 fw-400\">Proteina aislada (isolate),\u00a0<\/span><span class=\"pl-2 fw-400\">Proteina concentrada,<\/span><\/h3>\n<div class=\"py-2\">\n<h2 class=\"h5 fw-400\">NitroTech Performance\u00a0es una f\u00f3rmula cient\u00edficamente desarrollada de aislado de suero y un constructor muscular dise\u00f1ado para todos los atletas que est\u00e1n buscando conseguir m\u00e1s m\u00fasculo, m\u00e1s fuerza y mejor rendimiento.<\/h2>\n<\/div>\n<p>NITRO TECH 10 LB VAINILLA<\/p>\n","protected":false},"excerpt":{"rendered":"<p><img decoding=\"async\" src=\"https:\/\/suplementos.b-cdn.net\/proteinas\/nitro-tech-10lbs-vainilla-500x500.webp\" alt=\"Nitro Tech Performance 10 Libras - Usa Suplementos\" \/><\/p>\n<p>NITRO TECH 10 LB VAINILLA<\/p>\n","protected":false},"featured_media":13470,"comment_status":"open","ping_status":"closed","template":"","meta":{"inline_featured_image":false},"product_brand":[],"product_cat":[87,88,103],"product_tag":[],"class_list":{"0":"post-13416","1":"product","2":"type-product","3":"status-publish","4":"has-post-thumbnail","6":"product_cat-muscletech","7":"product_cat-proteinas","8":"product_cat-proteinas-concentradas","10":"first","11":"outofstock","12":"taxable","13":"shipping-taxable","14":"purchasable","15":"product-type-simple","16":"ebbe-col"},"_links":{"self":[{"href":"https:\/\/nutrifitmax.co\/index.php\/wp-json\/wp\/v2\/product\/13416","targetHints":{"allow":["GET"]}}],"collection":[{"href":"https:\/\/nutrifitmax.co\/index.php\/wp-json\/wp\/v2\/product"}],"about":[{"href":"https:\/\/nutrifitmax.co\/index.php\/wp-json\/wp\/v2\/types\/product"}],"replies":[{"embeddable":true,"href":"https:\/\/nutrifitmax.co\/index.php\/wp-json\/wp\/v2\/comments?post=13416"}],"wp:featuredmedia":[{"embeddable":true,"href":"https:\/\/nutrifitmax.co\/index.php\/wp-json\/wp\/v2\/media\/13470"}],"wp:attachment":[{"href":"https:\/\/nutrifitmax.co\/index.php\/wp-json\/wp\/v2\/media?parent=13416"}],"wp:term":[{"taxonomy":"product_brand","embeddable":true,"href":"https:\/\/nutrifitmax.co\/index.php\/wp-json\/wp\/v2\/product_brand?post=13416"},{"taxonomy":"product_cat","embeddable":true,"href":"https:\/\/nutrifitmax.co\/index.php\/wp-json\/wp\/v2\/product_cat?post=13416"},{"taxonomy":"product_tag","embeddable":true,"href":"https:\/\/nutrifitmax.co\/index.php\/wp-json\/wp\/v2\/product_tag?post=13416"}],"curies":[{"name":"wp","href":"https:\/\/api.w.org\/{rel}","templated":true}]}}