{"id":13407,"date":"2025-04-07T19:59:59","date_gmt":"2025-04-07T19:59:59","guid":{"rendered":"https:\/\/nutrifitmax.co\/?post_type=product&#038;p=13407"},"modified":"2025-04-07T20:00:39","modified_gmt":"2025-04-07T20:00:39","slug":"bone-broth-power-protein-vanilla-caramel-mini-proteina-en-polvo-280-g-savvy","status":"publish","type":"product","link":"https:\/\/nutrifitmax.co\/index.php\/product\/bone-broth-power-protein-vanilla-caramel-mini-proteina-en-polvo-280-g-savvy\/","title":{"rendered":"BONE BROTH POWER PROTEIN VANILLA CARAMEL MINI \u2013 PROTE\u00cdNA EN POLVO \u2013 280 G \u2013 SAVVY"},"content":{"rendered":"<p><img decoding=\"async\" class=\"\" src=\"https:\/\/www.origenganador.co\/wp-content\/uploads\/2022\/09\/Bone-caramel-VF.jpg\" width=\"184\" height=\"184\" \/><\/p>\n<h1 class=\"w-post-elm post_title us_custom_29f66d2d entry-title color_link_inherit\">BONE BROTH POWER PROTEIN VANILLA CARAMEL MINI \u2013 PROTE\u00cdNA EN POLVO \u2013 280 G \u2013 SAVVY<\/h1>\n<div class=\"w-hwrapper us_custom_f2eec366 valign_middle wrap align_none\"><\/div>\n<div class=\"w-separator size_small with_line width_default thick_1 style_solid color_border align_center\">\n<div class=\"w-separator-h\"><\/div>\n<\/div>\n<div class=\"w-post-elm post_content with_collapsible_content show_content\" data-content-height=\"100px\">\n<div>\n<p>Prote\u00edna en polvo x 280 g a base de caldo de hueso de pollo concentrado, sabor caramelo vainilla de Savvy, sin az\u00facar a\u00f1adida. La prote\u00edna es un macronutriente fundamental que debemos incluir en todas nuestras comidas, sirve para dar estructura al cuerpo, formar \u00f3rganos, tejidos y m\u00fasculos.<br \/>\nUna buena fuente de prote\u00edna es el concentrado del caldo de hueso de pollo, un alimento milenario lleno de nutrientes y beneficios.<\/p>\n<p>Recuerda que Bone Broth Power, no reemplaza una comida, es un complemento para que en conjunto con otros alimento y macronutrientes alcances tu requerimiento proteico diario.<\/p>\n<\/div>\n<\/div>\n","protected":false},"excerpt":{"rendered":"<p><img decoding=\"async\" src=\"https:\/\/www.origenganador.co\/wp-content\/uploads\/2022\/09\/Bone-caramel-VF.jpg\" \/><\/p>\n<h1 class=\"w-post-elm post_title us_custom_29f66d2d entry-title color_link_inherit\">BONE BROTH POWER PROTEIN VANILLA CARAMEL MINI \u2013 PROTE\u00cdNA EN POLVO \u2013 280 G \u2013 SAVVY<\/h1>\n","protected":false},"featured_media":13449,"comment_status":"open","ping_status":"closed","template":"","meta":{"inline_featured_image":false},"product_brand":[],"product_cat":[86,88,131],"product_tag":[],"class_list":{"0":"post-13407","1":"product","2":"type-product","3":"status-publish","4":"has-post-thumbnail","6":"product_cat-marca","7":"product_cat-proteinas","8":"product_cat-savy","10":"first","11":"instock","12":"taxable","13":"shipping-taxable","14":"purchasable","15":"product-type-simple","16":"ebbe-col"},"_links":{"self":[{"href":"https:\/\/nutrifitmax.co\/index.php\/wp-json\/wp\/v2\/product\/13407","targetHints":{"allow":["GET"]}}],"collection":[{"href":"https:\/\/nutrifitmax.co\/index.php\/wp-json\/wp\/v2\/product"}],"about":[{"href":"https:\/\/nutrifitmax.co\/index.php\/wp-json\/wp\/v2\/types\/product"}],"replies":[{"embeddable":true,"href":"https:\/\/nutrifitmax.co\/index.php\/wp-json\/wp\/v2\/comments?post=13407"}],"wp:featuredmedia":[{"embeddable":true,"href":"https:\/\/nutrifitmax.co\/index.php\/wp-json\/wp\/v2\/media\/13449"}],"wp:attachment":[{"href":"https:\/\/nutrifitmax.co\/index.php\/wp-json\/wp\/v2\/media?parent=13407"}],"wp:term":[{"taxonomy":"product_brand","embeddable":true,"href":"https:\/\/nutrifitmax.co\/index.php\/wp-json\/wp\/v2\/product_brand?post=13407"},{"taxonomy":"product_cat","embeddable":true,"href":"https:\/\/nutrifitmax.co\/index.php\/wp-json\/wp\/v2\/product_cat?post=13407"},{"taxonomy":"product_tag","embeddable":true,"href":"https:\/\/nutrifitmax.co\/index.php\/wp-json\/wp\/v2\/product_tag?post=13407"}],"curies":[{"name":"wp","href":"https:\/\/api.w.org\/{rel}","templated":true}]}}