{"id":13386,"date":"2025-04-07T19:59:31","date_gmt":"2025-04-07T19:59:31","guid":{"rendered":"https:\/\/nutrifitmax.co\/?post_type=product&#038;p=13386"},"modified":"2026-03-18T19:27:19","modified_gmt":"2026-03-18T19:27:19","slug":"creatina-monohidrtada-50-ser-vitanas","status":"publish","type":"product","link":"https:\/\/nutrifitmax.co\/index.php\/product\/creatina-monohidrtada-50-ser-vitanas\/","title":{"rendered":"CREATINA MONOHIDRATADA 50 SERVICIOS VITANAS"},"content":{"rendered":"<p>Es una Creatina monohidratada y micronizada. Cumple con an\u00e1lisis USP y\u00a0HPLC, lo que garantiza la m\u00e1s\u00a0<strong>alta calidad y pureza<\/strong>.\u00a0<strong>Cada servicio contiene:<\/strong><\/p>\n<ul>\n<li>3gr\u00a0de creatina monohidratada.<\/li>\n<li>100% pura.<\/li>\n<li>0 az\u00facar.<\/li>\n<li>Sin sabor.<\/li>\n<\/ul>\n<p><strong>Tama\u00f1o de la porci\u00f3n:<\/strong>\u00a03 gr (50 Servicios aprox)\u00a0<strong>Contenido:<\/strong>\u00a0Neto 150g \/5.29 oz<\/p>\n<p><strong>Ingredientes:<\/strong>Creatina monohidratada micronizada.<\/p>\n<p>M\u00e9todo de conservaci\u00f3n:\u00a0El producto debe estar almacenado en su empaque original a temperatura inferior a 30\u00b0C y a una humedad relativa inferior a 75%. No introducir elementos h\u00famedos, despu\u00e9s de abierto consumase en el menor tiempo posible.<\/p>\n<p><strong>Modo de Uso:\u00a0<\/strong>Adultos, tomar 1 cucharada medidora disuelta en agua o su bebida favorita.<br \/>\nPara su mejor absorci\u00f3n puede disolver en bebidas ricas en carbohidratos como jugos de frutas.<\/p>\n<p><strong>TOMAR CREATINE TIME\u00a0<\/strong><\/p>\n<ul>\n<li>Antes y\/o despu\u00e9s del entrenamiento.<\/li>\n<\/ul>\n<p>En cualquier momento d\u00eda.<\/p>\n<p><strong>ADVERTENCIA:<\/strong>\u00a0Este producto es un suplemento dietario, no es un medicamento y no suple una alimentaci\u00f3n\u00a0equilibrada.<\/p>\n<p><strong>Reg. San. INVIMA No.\u00a0<\/strong>SD2019-0004347<\/p>\n","protected":false},"excerpt":{"rendered":"<p>La creatina es una mol\u00e9cula que se encuentra presente en nuestro organismo de manera natural. Se sintetiza a partir de varios amino\u00e1cidos, que son componentes de las prote\u00ednas, por lo que la creatina tiene origen proteico. Los amino\u00e1cidos que lo componen Arginina, Glicina y Metionina.<\/p>\n<p><strong>Somos distribuidores de VITANAS\u00ae\u00a0 Si quieres m\u00e1s informaci\u00f3n o mejores precios comun\u00edcate con nosotros en nuestro <a href=\"https:\/\/www.instagram.com\/nutrifitmaxpereira\/?hl=es\">Instagram<\/a>\u00a0o en nuestro\u00a0<a href=\"https:\/\/api.whatsapp.com\/send?phone=573026673078\">WhatsApp<\/a><br \/>\nSi quieres ver m\u00e1s productos de la l\u00ednea ingresa a este\u00a0<a href=\"https:\/\/nutrifitmax.co\/index.php\/product-category\/marca\/proscience\/\">link<\/a> ahora.<br \/>\nLos mejores suplementos garantizados los encuentras en NUTRIFITMAX<\/strong><\/p>\n","protected":false},"featured_media":13431,"comment_status":"open","ping_status":"closed","template":"","meta":{"inline_featured_image":false},"product_brand":[],"product_cat":[99,96,86,104],"product_tag":[],"class_list":{"0":"post-13386","1":"product","2":"type-product","3":"status-publish","4":"has-post-thumbnail","6":"product_cat-creatinas","7":"product_cat-ganancia","8":"product_cat-marca","9":"product_cat-vitanas","11":"first","12":"instock","13":"taxable","14":"shipping-taxable","15":"purchasable","16":"product-type-simple","17":"ebbe-col"},"_links":{"self":[{"href":"https:\/\/nutrifitmax.co\/index.php\/wp-json\/wp\/v2\/product\/13386","targetHints":{"allow":["GET"]}}],"collection":[{"href":"https:\/\/nutrifitmax.co\/index.php\/wp-json\/wp\/v2\/product"}],"about":[{"href":"https:\/\/nutrifitmax.co\/index.php\/wp-json\/wp\/v2\/types\/product"}],"replies":[{"embeddable":true,"href":"https:\/\/nutrifitmax.co\/index.php\/wp-json\/wp\/v2\/comments?post=13386"}],"wp:featuredmedia":[{"embeddable":true,"href":"https:\/\/nutrifitmax.co\/index.php\/wp-json\/wp\/v2\/media\/13431"}],"wp:attachment":[{"href":"https:\/\/nutrifitmax.co\/index.php\/wp-json\/wp\/v2\/media?parent=13386"}],"wp:term":[{"taxonomy":"product_brand","embeddable":true,"href":"https:\/\/nutrifitmax.co\/index.php\/wp-json\/wp\/v2\/product_brand?post=13386"},{"taxonomy":"product_cat","embeddable":true,"href":"https:\/\/nutrifitmax.co\/index.php\/wp-json\/wp\/v2\/product_cat?post=13386"},{"taxonomy":"product_tag","embeddable":true,"href":"https:\/\/nutrifitmax.co\/index.php\/wp-json\/wp\/v2\/product_tag?post=13386"}],"curies":[{"name":"wp","href":"https:\/\/api.w.org\/{rel}","templated":true}]}}