{"id":13385,"date":"2025-04-07T19:59:31","date_gmt":"2025-04-07T19:59:31","guid":{"rendered":"https:\/\/nutrifitmax.co\/?post_type=product&#038;p=13385"},"modified":"2026-01-21T18:40:18","modified_gmt":"2026-01-21T18:40:18","slug":"smart-gainer-3-lb-proscience-2","status":"publish","type":"product","link":"https:\/\/nutrifitmax.co\/index.php\/product\/smart-gainer-3-lb-proscience-2\/","title":{"rendered":"SMART GAINER 3 LBS PROSCIENCE"},"content":{"rendered":"<p>Alimento en Polvo a base de Harina de Avena con Amilopectina, Prote\u00edna de Suero de Leche.<\/p>\n<p>Ingredientes:\u00a0Harina de Avena, Amilopectina, Prote\u00edna de Suero de Leche, Case\u00edna de Leche, Sabor Id\u00e9ntico al Natural, Carboximetilcelulosa CMC (Estabilizante), Lecitina de Soya (Estabilizante), Goma Xanthan (Espesante), Edulcorante Natural (Stevia), Di\u00f3xido de Silicio (Anticompactante) (1000mg\/Kg), Omega 3, Vitamina C (\u00c1cido Asc\u00f3rbico), Lactasa en Polvo, Citrato de Zinc, Vitamina B6 (Piridoxina), Vitamina B1 (Tiamina), Vitamina D3. Contiene: Leche y Soya.<\/p>\n<p>Presentaci\u00f3n comercial:\u00a0Envase y Liners interno de seguridad.<\/p>\n<p>Material del empaque:\u00a0Envase pl\u00e1stico.<\/p>\n<p>M\u00e9todo de conservaci\u00f3n:\u00a0Almacenar bien cerrado en su empaque original, en un lugar fresco a temperatura inferior a 30\u00b0C y humedad relativa inferior a 75%. No introducir elementos h\u00famedos, despu\u00e9s de abierto consumase en el menor tiempo posible.<\/p>\n<p>Contenido:\u00a0Neto 1476 g\/ 3,25 Lb \/ 52 Oz.<\/p>\n<p>Servicios:\u00a06 Porciones por envase.<\/p>\n<p>Sabor:\u00a0Gourmet Vainilla \/ Coco \/ Gourmet Chocolate \/ Fresa.<\/p>\n<p>Modo o m\u00e9todo de consumo o preparaci\u00f3n:\u00a0Mezclar 6 cucharas medidoras (246 g) incluida en el empaque del producto en 3.5 vasos de agua (700 mL), ag\u00edtese hasta obtener un producto homog\u00e9neo. Consumase una vez preparado.<\/p>\n<p>Formato de Venta:\u00a0Polvo.<\/p>\n<p>Registro Sanitario:\u00a0RSA:0021601-2022.<\/p>\n","protected":false},"excerpt":{"rendered":"<p>SMART\u00a0es un producto alimenticio a base de Harina de Avena y Amilopectina, los cuales son dos fuentes ideales de carbohidratos complejos, mezclados con Prote\u00edna de Suero de Leche y Case\u00edna.<\/p>\n<p>\u00c9ste es un producto considerado hipercal\u00f3rico ya que\u00a0SMART\u00a0aporta por servicio 910 calor\u00edas y es excelente para aquellas personas que necesitan m\u00e1s calor\u00edas para obtener resultados y no logran su requerimiento cal\u00f3rico a partir de la alimentaci\u00f3n.<\/p>\n<p>En diferentes procesos en los cuales se requiera ganar masa muscular, lo ideal es lograr un super\u00e1vit cal\u00f3rico a base de la alimentaci\u00f3n, unido a un entrenamiento de fuerza para lograr el objetivo, lamentablemente en muchas ocasiones las personas no logran este requerimiento cal\u00f3rico. En dichas personas\u00a0SMART\u00a0ayuda a lograr alcanzar las calor\u00edas suficientes para llegar a dicho super\u00e1vit cal\u00f3rico y obtener los resultados que se requiere.<\/p>\n<p>SMART\u00a0puedes consumirla a cualquier hora del d\u00eda como un complemento a tu alimentaci\u00f3n y\/o para lograr el super\u00e1vit cal\u00f3rico deseado. Si realizas actividad f\u00edsica puedes utilizarla posterior al entrenamiento, mezcl\u00e1ndola con agua o si deseas aumentar su contenido cal\u00f3rico la puedes preparar en leche.<\/p>\n<p><strong>Somos distribuidores de PROSCIENCE\u00ae\u00a0 Si quieres m\u00e1s informaci\u00f3n o mejores precios comun\u00edcate con nosotros en nuestro <a href=\"https:\/\/www.instagram.com\/nutrifitmaxpereira\/?hl=es\">Instagram<\/a>\u00a0o en nuestro\u00a0<a href=\"https:\/\/api.whatsapp.com\/send?phone=573026673078\">WhatsApp<\/a><br \/>\nSi quieres ver m\u00e1s productos de la l\u00ednea ingresa a este\u00a0<a href=\"https:\/\/nutrifitmax.co\/index.php\/product-category\/marca\/proscience\/\">link<\/a> ahora.<br \/>\nLos mejores suplementos garantizados los encuentras en NUTRIFITMAX<\/strong><\/p>\n","protected":false},"featured_media":13430,"comment_status":"open","ping_status":"closed","template":"","meta":{"inline_featured_image":false},"product_brand":[],"product_cat":[86,101,88,98],"product_tag":[],"class_list":{"0":"post-13385","1":"product","2":"type-product","3":"status-publish","4":"has-post-thumbnail","6":"product_cat-marca","7":"product_cat-proscience","8":"product_cat-proteinas","9":"product_cat-proteinas-ganadoras-de-peso","11":"first","12":"instock","13":"sale","14":"taxable","15":"shipping-taxable","16":"purchasable","17":"product-type-simple","18":"ebbe-col"},"_links":{"self":[{"href":"https:\/\/nutrifitmax.co\/index.php\/wp-json\/wp\/v2\/product\/13385","targetHints":{"allow":["GET"]}}],"collection":[{"href":"https:\/\/nutrifitmax.co\/index.php\/wp-json\/wp\/v2\/product"}],"about":[{"href":"https:\/\/nutrifitmax.co\/index.php\/wp-json\/wp\/v2\/types\/product"}],"replies":[{"embeddable":true,"href":"https:\/\/nutrifitmax.co\/index.php\/wp-json\/wp\/v2\/comments?post=13385"}],"wp:featuredmedia":[{"embeddable":true,"href":"https:\/\/nutrifitmax.co\/index.php\/wp-json\/wp\/v2\/media\/13430"}],"wp:attachment":[{"href":"https:\/\/nutrifitmax.co\/index.php\/wp-json\/wp\/v2\/media?parent=13385"}],"wp:term":[{"taxonomy":"product_brand","embeddable":true,"href":"https:\/\/nutrifitmax.co\/index.php\/wp-json\/wp\/v2\/product_brand?post=13385"},{"taxonomy":"product_cat","embeddable":true,"href":"https:\/\/nutrifitmax.co\/index.php\/wp-json\/wp\/v2\/product_cat?post=13385"},{"taxonomy":"product_tag","embeddable":true,"href":"https:\/\/nutrifitmax.co\/index.php\/wp-json\/wp\/v2\/product_tag?post=13385"}],"curies":[{"name":"wp","href":"https:\/\/api.w.org\/{rel}","templated":true}]}}