{"id":13384,"date":"2025-04-07T19:59:31","date_gmt":"2025-04-07T19:59:31","guid":{"rendered":"https:\/\/nutrifitmax.co\/?post_type=product&#038;p=13384"},"modified":"2026-01-21T18:40:04","modified_gmt":"2026-01-21T18:40:04","slug":"iso-best-2-lb-proscience","status":"publish","type":"product","link":"https:\/\/nutrifitmax.co\/index.php\/product\/iso-best-2-lb-proscience\/","title":{"rendered":"ISO BEST 2 LBS PROSCIENCE"},"content":{"rendered":"<p>Alimento en polvo a base de prote\u00edna de suero de leche sabor Vainilla Blanc.<\/p>\n<p><strong>Ingredientes:<\/strong>\u00a0Prote\u00edna Aislada de Suero de Leche, Sabor Id\u00e9ntico al Natural (Vainilla Blanc), Carboximetilcelulosa CMC (Estabilizante), Lecitina de Soya (Estabilizante), Goma Xanthan (Espesante), Di\u00f3xido de Silicio (Anticompactante) (1000 mg\/Kg), Citrato de Zinc, Vitamina C (Acido Asc\u00f3rbico), Edulcorante Natural (Stevia), Vitamina B6 (Piridoxina), Vitamina E, Vitamina D; contiene: Leche y Soya.<\/p>\n<p><strong>Presentaci\u00f3n Comercial<\/strong>: Envase y Liners interno de seguridad.<\/p>\n<p><strong>Material de Empaque:<\/strong>\u00a0Envase pl\u00e1stico.<\/p>\n<p><strong>M\u00e9todo de Conservaci\u00f3n:<\/strong>\u00a0Almacenar bien cerrado en su empaque original, en un lugar fresco a temperatura inferior a 30\u00b0c y humedad relativa inferior a 75%. No introducir elementos h\u00famedos, despu\u00e9s de abierto cons\u00famase en el menor tiempo posible.<\/p>\n<p><strong>Contenido<\/strong>: Neto 924g \/ 2,04 Lb \/ 32,06 Oz.<\/p>\n<p><strong>Servicios:<\/strong>\u00a028 porciones por envase.<\/p>\n<p><strong>Sabor:<\/strong>\u00a0Vainilla Blanc.<\/p>\n<p><strong>Modo o M\u00e9todo de Consumo o Preparaci\u00f3n:<\/strong>\u00a0Mezclar 2 cucharas (33g) del producto en 180 ml de agua, ag\u00edtese hasta obtener un producto homog\u00e9neo, cons\u00famase una vez preparado.<\/p>\n<p><strong>Formato de Venta:<\/strong>\u00a0Polvo.<\/p>\n<p><strong>Registro Sanitario:<\/strong>\u00a0RSA-0014805-2021.<\/p>\n","protected":false},"excerpt":{"rendered":"<p><strong>Iso Best\u00a0<\/strong>es una prote\u00edna de suero aislada 100 % de la m\u00e1s alta calidad, que contiene las prote\u00ednas (beta lactoglobulina, alfa lactoalb\u00famina, lactoferrina, inmunoglobulinas, glucomacropeptidos, albumina de suro bovino, lactoperoxidasa) con un valor biol\u00f3gico superior a todas las prote\u00ednas y un gran aporte de todos los amino\u00e1cidos esenciales.<\/p>\n<p><strong>Iso Best<\/strong>\u00a0es un producto alimenticio a base de prote\u00edna ideal para lograr los requerimientos proteicos sin un aporte extra de carbohidratos y grasas, ya que es un alimento 100% a base de prote\u00edna.<\/p>\n<p>Este producto adem\u00e1s es ideal en personas intolerantes a la lactosa, ya que el alto grado de pureza y aislamiento de la prote\u00edna, logra obtener unos niveles de lactosa y de grasa m\u00ednimos, lo cual hace que\u00a0<strong>Iso Best<\/strong>\u00a0sea un producto alimenticio de la m\u00e1s alta calidad e ideal como complemento alimenticio.<\/p>\n<p><strong>Iso Best<\/strong>\u00a0puedes consumirla a cualquier hora del d\u00eda como un complemento a tu alimentaci\u00f3n y\/o para lograr un mayor requerimiento proteico. Si realizas actividad f\u00edsica puedes utilizarla posterior al entrenamiento, mezcl\u00e1ndola con agua o si deseas aumentar su contenido cal\u00f3rico la puedes preparar en leche.<\/p>\n<p><strong>Somos distribuidores de PROSCIENCE\u00ae\u00a0 Si quieres m\u00e1s informaci\u00f3n o mejores precios comun\u00edcate con nosotros en nuestro <a href=\"https:\/\/www.instagram.com\/nutrifitmaxpereira\/?hl=es\">Instagram<\/a>\u00a0o en nuestro\u00a0<a href=\"https:\/\/api.whatsapp.com\/send?phone=573026673078\">WhatsApp<\/a><br \/>\nSi quieres ver m\u00e1s productos de la l\u00ednea ingresa a este\u00a0<a href=\"https:\/\/nutrifitmax.co\/index.php\/product-category\/marca\/proscience\/\">link<\/a> ahora.<br \/>\nLos mejores suplementos garantizados los encuentras en NUTRIFITMAX<\/strong><\/p>\n","protected":false},"featured_media":13429,"comment_status":"open","ping_status":"closed","template":"","meta":{"inline_featured_image":false},"product_brand":[],"product_cat":[85,86,101,88,89],"product_tag":[],"class_list":{"0":"post-13384","1":"product","2":"type-product","3":"status-publish","4":"has-post-thumbnail","6":"product_cat-definicion","7":"product_cat-marca","8":"product_cat-proscience","9":"product_cat-proteinas","10":"product_cat-proteinas-hipocaloricas","12":"first","13":"instock","14":"sale","15":"taxable","16":"shipping-taxable","17":"purchasable","18":"product-type-simple","19":"ebbe-col"},"_links":{"self":[{"href":"https:\/\/nutrifitmax.co\/index.php\/wp-json\/wp\/v2\/product\/13384","targetHints":{"allow":["GET"]}}],"collection":[{"href":"https:\/\/nutrifitmax.co\/index.php\/wp-json\/wp\/v2\/product"}],"about":[{"href":"https:\/\/nutrifitmax.co\/index.php\/wp-json\/wp\/v2\/types\/product"}],"replies":[{"embeddable":true,"href":"https:\/\/nutrifitmax.co\/index.php\/wp-json\/wp\/v2\/comments?post=13384"}],"wp:featuredmedia":[{"embeddable":true,"href":"https:\/\/nutrifitmax.co\/index.php\/wp-json\/wp\/v2\/media\/13429"}],"wp:attachment":[{"href":"https:\/\/nutrifitmax.co\/index.php\/wp-json\/wp\/v2\/media?parent=13384"}],"wp:term":[{"taxonomy":"product_brand","embeddable":true,"href":"https:\/\/nutrifitmax.co\/index.php\/wp-json\/wp\/v2\/product_brand?post=13384"},{"taxonomy":"product_cat","embeddable":true,"href":"https:\/\/nutrifitmax.co\/index.php\/wp-json\/wp\/v2\/product_cat?post=13384"},{"taxonomy":"product_tag","embeddable":true,"href":"https:\/\/nutrifitmax.co\/index.php\/wp-json\/wp\/v2\/product_tag?post=13384"}],"curies":[{"name":"wp","href":"https:\/\/api.w.org\/{rel}","templated":true}]}}