{"id":13383,"date":"2025-04-07T19:59:31","date_gmt":"2025-04-07T19:59:31","guid":{"rendered":"https:\/\/nutrifitmax.co\/?post_type=product&#038;p=13383"},"modified":"2026-01-13T21:39:16","modified_gmt":"2026-01-13T21:39:16","slug":"crea-stack-nutramerican-60-serv","status":"publish","type":"product","link":"https:\/\/nutrifitmax.co\/index.php\/product\/crea-stack-nutramerican-60-serv\/","title":{"rendered":"CREA STACK NUTRAMERICAN 60 SERV"},"content":{"rendered":"<p><img decoding=\"async\" class=\"\" src=\"https:\/\/nutramerican.com\/api_MegaplexStar\/assets\/productos3dwebp\/102060\/medium.webp\" alt=\"CREA STACK\" width=\"216\" height=\"216\" \/><\/p>\n<p><strong>DESCRIPCION CREA STACK NUTRAMERICAN 60 SERV<\/strong><\/p>\n<p>Crea Stack\u00a0es la \u00faltima generaci\u00f3n en suplementos con Creatina. Su f\u00f3rmula \u00fanica en el mercado incluye HMB, as\u00ed como \u00e1cido alfa lipoico y sulfato de vanadio en las cantidades \u00f3ptimas, obteniendo una sinergia ideal para que alcances los objetivos planteados con mayor facilidad.<\/p>\n<p>Numerosas investigaciones han demostrado los beneficios de combinar creatina con \u00e1cido alfa lipoico, el cual incrementa los efectos de la misma as\u00ed como sus niveles en el cuerpo.<\/p>\n<p>La creatina monohidrato es la fuente m\u00e1s concentrada de creatina que existe en el mercado (88% de concentraci\u00f3n) y es tambi\u00e9n la creatina con m\u00e1s estudios y mejores resultados obtenidos en ellos.<\/p>\n<p>El HMB contenido en Crea Stack (1g por porci\u00f3n), es el 100% de la dosis recomendada de HMB por ingesta y es otro de los ingredientes aprobados y con mayor cantidad de estudios sobre sus efectos en la masa muscular.<\/p>\n<p>Modo de uso: Mezcle 2 scoop en 200ml de agua o adicione a su bebida favorita, consuma uno o mas servicios diarios.<\/p>\n<p>Recomendaciones: Mant\u00e9ngase fuera del alcance de los ni\u00f1os, almacenar en un lugar fresco y seco en temperatura ambiente, mantener bien cerrado.<\/p>\n<p>60 SERVICIOS<\/p>\n<p>REGISTRO INVIMA<\/p>\n<p>NSA-0015613-2024<\/p>\n","protected":false},"excerpt":{"rendered":"<p><strong>\u00a0Si quieres m\u00e1s informaci\u00f3n o mejores precios comun\u00edcate con nosotros en nuestro <a href=\"https:\/\/www.instagram.com\/nutrifitmaxpereira\/?hl=es\">Instagram<\/a>\u00a0o en nuestro\u00a0<a href=\"https:\/\/api.whatsapp.com\/send?phone=573026673078\">WhatsApp<\/a><br \/>\nSi quieres ver m\u00e1s productos de la l\u00ednea ingresa a este\u00a0<a href=\"https:\/\/nutrifitmax.co\/index.php\/product-category\/marca\/proscience\/\">link<\/a> ahora.<br \/>\nLos mejores suplementos garantizados los encuentras en NUTRIFITMAX<\/strong><\/p>\n","protected":false},"featured_media":13428,"comment_status":"open","ping_status":"closed","template":"","meta":{"inline_featured_image":false},"product_brand":[],"product_cat":[99,96,86,100],"product_tag":[],"class_list":{"0":"post-13383","1":"product","2":"type-product","3":"status-publish","4":"has-post-thumbnail","6":"product_cat-creatinas","7":"product_cat-ganancia","8":"product_cat-marca","9":"product_cat-nutramerican","11":"first","12":"instock","13":"sale","14":"taxable","15":"shipping-taxable","16":"purchasable","17":"product-type-simple","18":"ebbe-col"},"_links":{"self":[{"href":"https:\/\/nutrifitmax.co\/index.php\/wp-json\/wp\/v2\/product\/13383","targetHints":{"allow":["GET"]}}],"collection":[{"href":"https:\/\/nutrifitmax.co\/index.php\/wp-json\/wp\/v2\/product"}],"about":[{"href":"https:\/\/nutrifitmax.co\/index.php\/wp-json\/wp\/v2\/types\/product"}],"replies":[{"embeddable":true,"href":"https:\/\/nutrifitmax.co\/index.php\/wp-json\/wp\/v2\/comments?post=13383"}],"wp:featuredmedia":[{"embeddable":true,"href":"https:\/\/nutrifitmax.co\/index.php\/wp-json\/wp\/v2\/media\/13428"}],"wp:attachment":[{"href":"https:\/\/nutrifitmax.co\/index.php\/wp-json\/wp\/v2\/media?parent=13383"}],"wp:term":[{"taxonomy":"product_brand","embeddable":true,"href":"https:\/\/nutrifitmax.co\/index.php\/wp-json\/wp\/v2\/product_brand?post=13383"},{"taxonomy":"product_cat","embeddable":true,"href":"https:\/\/nutrifitmax.co\/index.php\/wp-json\/wp\/v2\/product_cat?post=13383"},{"taxonomy":"product_tag","embeddable":true,"href":"https:\/\/nutrifitmax.co\/index.php\/wp-json\/wp\/v2\/product_tag?post=13383"}],"curies":[{"name":"wp","href":"https:\/\/api.w.org\/{rel}","templated":true}]}}