{"id":13381,"date":"2025-04-07T19:59:31","date_gmt":"2025-04-07T19:59:31","guid":{"rendered":"https:\/\/nutrifitmax.co\/?post_type=product&#038;p=13381"},"modified":"2025-04-07T20:00:05","modified_gmt":"2025-04-07T20:00:05","slug":"legend-30-serv-fit-mafia","status":"publish","type":"product","link":"https:\/\/nutrifitmax.co\/index.php\/product\/legend-30-serv-fit-mafia\/","title":{"rendered":"LEGEND 30 SERV FIT MAFIA"},"content":{"rendered":"<p><img fetchpriority=\"high\" decoding=\"async\" class=\"\" src=\"https:\/\/fitmafia.co\/wp-content\/uploads\/2023\/09\/LEGEND.webp\" alt=\"Producto Legend\" width=\"239\" height=\"304\" \/><\/p>\n<p>DESCRIPCION LEGEND 30 SERV FIT MAFIA<\/p>\n<p>Legend es la combinaci\u00f3n de Polidextrosa, \u00c1cido \u03b1 -Metil Guanido-Ac\u00e9tico, Taurina, Sabor Artificial Fruit Punch, Sucralosa (Edulcorante), Di\u00f3xido De Silicio (Anticompactante), Cafe\u00edna, Benzoato de Sodio (Conservante) (600 mg\/L), Colorante Artificial y su Laca Rojo N\u00b040.<\/p>\n<p><strong>SABOR<\/strong>: \u00a0FRUIT PUNCH.<\/p>\n<p><strong>Contenido Neto:<\/strong>\u00a0360g \/ 079 Lb \/ 12.7 Oz.<\/p>\n<p><strong>Registro Sanitario<\/strong>: RSA-0026239-2023<\/p>\n","protected":false},"excerpt":{"rendered":"<p><img decoding=\"async\" class=\"\" src=\"https:\/\/fitmafia.co\/wp-content\/uploads\/2023\/09\/LEGEND.webp\" alt=\"Producto Legend\" width=\"123\" height=\"157\" \/>LEGEND 30 SERV FIT MAFIA<\/p>\n<p>EXCELENTE CREATINA MONOHIDRATADA CON SABOR PERFECTA PARA MEJORAR TU FUERZA TY RESISTENCIA<\/p>\n","protected":false},"featured_media":13424,"comment_status":"open","ping_status":"closed","template":"","meta":{"inline_featured_image":false},"product_brand":[],"product_cat":[99,129,96,86],"product_tag":[],"class_list":{"0":"post-13381","1":"product","2":"type-product","3":"status-publish","4":"has-post-thumbnail","6":"product_cat-creatinas","7":"product_cat-fit-mafia","8":"product_cat-ganancia","9":"product_cat-marca","11":"first","12":"instock","13":"taxable","14":"shipping-taxable","15":"purchasable","16":"product-type-simple","17":"ebbe-col"},"_links":{"self":[{"href":"https:\/\/nutrifitmax.co\/index.php\/wp-json\/wp\/v2\/product\/13381","targetHints":{"allow":["GET"]}}],"collection":[{"href":"https:\/\/nutrifitmax.co\/index.php\/wp-json\/wp\/v2\/product"}],"about":[{"href":"https:\/\/nutrifitmax.co\/index.php\/wp-json\/wp\/v2\/types\/product"}],"replies":[{"embeddable":true,"href":"https:\/\/nutrifitmax.co\/index.php\/wp-json\/wp\/v2\/comments?post=13381"}],"wp:featuredmedia":[{"embeddable":true,"href":"https:\/\/nutrifitmax.co\/index.php\/wp-json\/wp\/v2\/media\/13424"}],"wp:attachment":[{"href":"https:\/\/nutrifitmax.co\/index.php\/wp-json\/wp\/v2\/media?parent=13381"}],"wp:term":[{"taxonomy":"product_brand","embeddable":true,"href":"https:\/\/nutrifitmax.co\/index.php\/wp-json\/wp\/v2\/product_brand?post=13381"},{"taxonomy":"product_cat","embeddable":true,"href":"https:\/\/nutrifitmax.co\/index.php\/wp-json\/wp\/v2\/product_cat?post=13381"},{"taxonomy":"product_tag","embeddable":true,"href":"https:\/\/nutrifitmax.co\/index.php\/wp-json\/wp\/v2\/product_tag?post=13381"}],"curies":[{"name":"wp","href":"https:\/\/api.w.org\/{rel}","templated":true}]}}