{"id":13379,"date":"2025-04-07T19:59:31","date_gmt":"2025-04-07T19:59:31","guid":{"rendered":"https:\/\/nutrifitmax.co\/?post_type=product&#038;p=13379"},"modified":"2025-04-07T20:00:01","modified_gmt":"2025-04-07T20:00:01","slug":"viga-7-lb-fit-mafia","status":"publish","type":"product","link":"https:\/\/nutrifitmax.co\/index.php\/product\/viga-7-lb-fit-mafia\/","title":{"rendered":"VIGA 7 LB FIT MAFIA"},"content":{"rendered":"<p><img fetchpriority=\"high\" decoding=\"async\" class=\"\" src=\"https:\/\/fitmafia.co\/wp-content\/uploads\/2023\/09\/VAINILLA-1.jpg\" width=\"260\" height=\"331\" \/><\/p>\n<p>DESCRIPCION VIGA 7 LB FIT MAFIA<\/p>\n<p>Viga es la combinaci\u00f3n de Maltodextrina, Suero de leche, Prote\u00edna concentrada de suero de leche, Prote\u00edna aislada de soya, sabor id\u00e9ntico al natural (vainilla y chocolate), Di\u00f3xido de silicio (Anticompactante) (1000 mg\/kg), Carboximetilcelulosa (Estabilizante), Lecitina de soya (Estabilizante), Goma Xanthan (Espesante), Sucralosa (Edulcorante), Benzoato de Sodio (Conservante) (1000 mg\/kg), Vitamina C (\u00c1cido asc\u00f3rbico), Lactasa en polvo, Vitamina B6 (Piridoxina), Vitamina B1 (Tiamina).<\/p>\n<p><strong>SABOR<\/strong>: VAINILLA.<\/p>\n<p><strong>Contenido Neto:<\/strong>\u00a03300 g \/ 7.28 Lb \/ 116.4 Oz<\/p>\n<p><strong>Registro Sanitario:\u00a0<\/strong>RSA-0021795-2022<\/p>\n","protected":false},"excerpt":{"rendered":"<p><img decoding=\"async\" class=\"\" src=\"https:\/\/fitmafia.co\/wp-content\/uploads\/2023\/09\/VAINILLA-1.jpg\" width=\"148\" height=\"189\" \/>VIGA 7 LB FIT MAFIA<\/p>\n<p>Viga es la combinaci\u00f3n de Maltodextrina, Suero de leche, Prote\u00edna concentrada de suero de leche, Prote\u00edna aislada de soya<\/p>\n","protected":false},"featured_media":13422,"comment_status":"open","ping_status":"closed","template":"","meta":{"inline_featured_image":false},"product_brand":[],"product_cat":[129,86,88,98],"product_tag":[],"class_list":{"0":"post-13379","1":"product","2":"type-product","3":"status-publish","4":"has-post-thumbnail","6":"product_cat-fit-mafia","7":"product_cat-marca","8":"product_cat-proteinas","9":"product_cat-proteinas-ganadoras-de-peso","11":"first","12":"instock","13":"taxable","14":"shipping-taxable","15":"purchasable","16":"product-type-simple","17":"ebbe-col"},"_links":{"self":[{"href":"https:\/\/nutrifitmax.co\/index.php\/wp-json\/wp\/v2\/product\/13379","targetHints":{"allow":["GET"]}}],"collection":[{"href":"https:\/\/nutrifitmax.co\/index.php\/wp-json\/wp\/v2\/product"}],"about":[{"href":"https:\/\/nutrifitmax.co\/index.php\/wp-json\/wp\/v2\/types\/product"}],"replies":[{"embeddable":true,"href":"https:\/\/nutrifitmax.co\/index.php\/wp-json\/wp\/v2\/comments?post=13379"}],"wp:featuredmedia":[{"embeddable":true,"href":"https:\/\/nutrifitmax.co\/index.php\/wp-json\/wp\/v2\/media\/13422"}],"wp:attachment":[{"href":"https:\/\/nutrifitmax.co\/index.php\/wp-json\/wp\/v2\/media?parent=13379"}],"wp:term":[{"taxonomy":"product_brand","embeddable":true,"href":"https:\/\/nutrifitmax.co\/index.php\/wp-json\/wp\/v2\/product_brand?post=13379"},{"taxonomy":"product_cat","embeddable":true,"href":"https:\/\/nutrifitmax.co\/index.php\/wp-json\/wp\/v2\/product_cat?post=13379"},{"taxonomy":"product_tag","embeddable":true,"href":"https:\/\/nutrifitmax.co\/index.php\/wp-json\/wp\/v2\/product_tag?post=13379"}],"curies":[{"name":"wp","href":"https:\/\/api.w.org\/{rel}","templated":true}]}}