{"id":13378,"date":"2025-04-07T19:59:30","date_gmt":"2025-04-07T19:59:30","guid":{"rendered":"https:\/\/nutrifitmax.co\/?post_type=product&#038;p=13378"},"modified":"2026-02-05T19:01:54","modified_gmt":"2026-02-05T19:01:54","slug":"iso-100-dymatize-5-libras-vainilla","status":"publish","type":"product","link":"https:\/\/nutrifitmax.co\/index.php\/product\/iso-100-dymatize-5-libras-vainilla\/","title":{"rendered":"ISO 100 DYMATIZE 5 LIBRAS VAINILLA"},"content":{"rendered":"<h4><img decoding=\"async\" src=\"https:\/\/nutrifitmax.co\/wp-content\/uploads\/2021\/08\/NUTRIFITMAX-dmz-iso-100-gourmet-van-5-lbs-1-150x150.png\" \/><\/h4>\n<h4>DESCRIPCION ISO 100 DYMATIZE 5 LIBRAS<\/h4>\n<h4>ISO-100 es una de las prote\u00ednas m\u00e1s avanzadas y eficaces disponibles desarrolladas para dar el 100% de lo que necesita para apoyar el crecimiento del m\u00fasculo y alcanzar sus metas. El m\u00e1s alto nivel de pureza. ISO-100 utiliza s\u00f3lo las prote\u00ednas de suero de leche derivadas de la transformaci\u00f3n de microfiltraci\u00f3n de flujo cruzado (fr\u00edo-filtrada) para preservar las muchas fracciones de prote\u00edna de suero de leche importantes, incluyendo lactoferrina y las inmunoglobulinas, que puede perderse en otras formas de procesamiento. Hemos formulado cuidadosamente ISO-100 para entregar m\u00e1s de lo que quiere y menos de lo que no lo hace: libre de gluten y lactosa-plus menos de un gramo de az\u00facares y grasas.<\/h4>\n<h4>Con s\u00f3lo una peque\u00f1a lista de ingredientes, es f\u00e1cil ver por qu\u00e9 la norma ISO-100 es una de las prote\u00ednas m\u00e1s puras disponibles. Adem\u00e1s, la ISO-100 es producida en nuestra planta de fabricaci\u00f3n propia GMP y ofrece garantias de que esta libre de sustancias prohibidas. Nuevo sabor mejorado. Dymatize ha tomado sabor a un nivel completamente nuevo. Nuestros especialistas de sabor en-casa trabajaron mucho y duro para crear un delicioso sabor. ISO-100, la recompensa que se merece por todo su trabajo duro y dedicaci\u00f3n, as\u00ed delicioso, que se ver\u00e1 con inter\u00e9s la pr\u00f3xima sacudida. sport Certified: limpia y eficaz Marca Dymatize ha sido la confianza de la comunidad atl\u00e9tica durante dos d\u00e9cadas.<\/h4>\n<h4>La l\u00ednea se ha producido en la planta de fabricaci\u00f3n propia de Dymatize durante a\u00f1os, en los que controlamos todos los aspectos de selecci\u00f3n de ingredientes, pruebas y calidad de fabricaci\u00f3n. Y ahora, Dymatize tambi\u00e9n lleva el Informado de elecci\u00f3n de confianza por la certificaci\u00f3n Sport que afirma Dymatize utiliza buenos procedimientos de fabricaci\u00f3n y confirma que nuestros productos terminados est\u00e1n libres de sustancias prohibidas.<\/h4>\n<h4>A trav\u00e9s de la formaci\u00f3n del Instituto Dymatize Nutrition Sports Performance (La Direcci\u00f3n Nacional), nos esforzamos por lograr la eficacia del producto lo mejor en su clase, colaborando estrechamente con los principales cient\u00edficos en el campo de la nutrici\u00f3n deportiva, as\u00ed como deportistas de \u00e9lite que est\u00e1n utilizando nuestros productos todos los d\u00edas.<\/h4>\n<h4><strong>Modo de uso<\/strong><\/h4>\n<h4><\/h4>\n<h4>Agregar un scoop\u00a0en 6-8 onzas de Agua. Mezclar y tomar despu\u00e9s del entrenamiento.<\/h4>\n<h4><strong>REGISTRO INVIMA RSIA16L143113\u00a0<\/strong><\/h4>\n","protected":false},"excerpt":{"rendered":"<p><img decoding=\"async\" src=\"https:\/\/nutrifitmax.co\/wp-content\/uploads\/2021\/08\/NUTRIFITMAX-dmz-iso-100-gourmet-van-5-lbs-1-150x150.png\" \/>ISO 100 DYMATIZE 5 LIBRAS<\/p>\n<h4>ISO-100 es una de las prote\u00ednas m\u00e1s avanzadas y eficaces disponibles desarrolladas para dar el 100% de lo que necesita para apoyar el crecimiento del m\u00fasculo y alcanzar sus metas. El m\u00e1s alto nivel de pureza.<\/h4>\n","protected":false},"featured_media":13399,"comment_status":"open","ping_status":"closed","template":"","meta":{"inline_featured_image":false},"product_brand":[],"product_cat":[85,102,86,91,88,89],"product_tag":[],"class_list":{"0":"post-13378","1":"product","2":"type-product","3":"status-publish","4":"has-post-thumbnail","6":"product_cat-definicion","7":"product_cat-dymatize","8":"product_cat-marca","9":"product_cat-mas-vendidos","10":"product_cat-proteinas","11":"product_cat-proteinas-hipocaloricas","13":"first","14":"instock","15":"taxable","16":"shipping-taxable","17":"purchasable","18":"product-type-simple","19":"ebbe-col","20":"product-has-gallery"},"_links":{"self":[{"href":"https:\/\/nutrifitmax.co\/index.php\/wp-json\/wp\/v2\/product\/13378","targetHints":{"allow":["GET"]}}],"collection":[{"href":"https:\/\/nutrifitmax.co\/index.php\/wp-json\/wp\/v2\/product"}],"about":[{"href":"https:\/\/nutrifitmax.co\/index.php\/wp-json\/wp\/v2\/types\/product"}],"replies":[{"embeddable":true,"href":"https:\/\/nutrifitmax.co\/index.php\/wp-json\/wp\/v2\/comments?post=13378"}],"wp:featuredmedia":[{"embeddable":true,"href":"https:\/\/nutrifitmax.co\/index.php\/wp-json\/wp\/v2\/media\/13399"}],"wp:attachment":[{"href":"https:\/\/nutrifitmax.co\/index.php\/wp-json\/wp\/v2\/media?parent=13378"}],"wp:term":[{"taxonomy":"product_brand","embeddable":true,"href":"https:\/\/nutrifitmax.co\/index.php\/wp-json\/wp\/v2\/product_brand?post=13378"},{"taxonomy":"product_cat","embeddable":true,"href":"https:\/\/nutrifitmax.co\/index.php\/wp-json\/wp\/v2\/product_cat?post=13378"},{"taxonomy":"product_tag","embeddable":true,"href":"https:\/\/nutrifitmax.co\/index.php\/wp-json\/wp\/v2\/product_tag?post=13378"}],"curies":[{"name":"wp","href":"https:\/\/api.w.org\/{rel}","templated":true}]}}