{"id":13335,"date":"2025-04-07T19:58:48","date_gmt":"2025-04-07T19:58:48","guid":{"rendered":"https:\/\/nutrifitmax.co\/?post_type=product&#038;p=13335"},"modified":"2026-04-23T01:06:00","modified_gmt":"2026-04-23T01:06:00","slug":"nitrotech-muscletech-4-lb-cookies-and-cream","status":"publish","type":"product","link":"https:\/\/nutrifitmax.co\/index.php\/product\/nitrotech-muscletech-4-lb-cookies-and-cream\/","title":{"rendered":"NITROTECH MUSCLETECH 4 LB COOKIES AND CREAM"},"content":{"rendered":"<p><img fetchpriority=\"high\" decoding=\"async\" class=\"alignnone wp-image-14324\" src=\"https:\/\/nutrifitmax.co\/wp-content\/uploads\/2025\/04\/Sin-titulo-193x300.png\" alt=\"\" width=\"232\" height=\"361\" srcset=\"https:\/\/nutrifitmax.co\/wp-content\/uploads\/2025\/04\/Sin-titulo-193x300.png 193w, https:\/\/nutrifitmax.co\/wp-content\/uploads\/2025\/04\/Sin-titulo.png 292w\" sizes=\"(max-width: 232px) 100vw, 232px\" \/><\/p>\n<p>Es una f\u00f3rmula innovadora de alimento en polvo a base de prote\u00edna de suero de leche concentrada y aislada.<br \/>\n<strong>Cada servicio contiene:<\/strong><\/p>\n<p>30 gr de prote\u00edna.<br \/>\n3 gr de monohidrato de creatina.<br \/>\n6.6 gr de amino\u00e1cidos.<br \/>\n2 g az\u00facar.<br \/>\n<strong>Modo de uso:<\/strong>\u00a0Adultos, Mezclar 1 servicio (1 Cucharas medidoras) en 6-8 oz. de agua fr\u00eda o leche descremada y mezclar en un vaso o shaker.<br \/>\nAgitar hasta obtener una mezcla homog\u00e9nea.<\/p>\n<p><strong>Tama\u00f1o de la porci\u00f3n:<\/strong>\u00a045 gr (41 Servicios aprox)<br \/>\n<strong>Contenido:<\/strong>\u00a04 Libras \/ Neto 1.81 KG<\/p>\n<p><strong>Ingredientes:<\/strong>\u00a0Prote\u00edna de suero concentrada, prote\u00edna aislada de suero, p\u00e9ptidos de suero, mezcla de amino\u00e1cidos.<\/p>\n<p><strong>M\u00e9todo de conservaci\u00f3n:<\/strong>\u00a0El producto debe estar almacenado en su empaque original a temperatura inferior a 30\u00b0C y a una humedad relativa inferior a 75%. No introducir elementos h\u00famedos, despu\u00e9s de abierto consumase en el menor tiempo posible.<\/p>\n<p><strong>ADVERTENCIA:<\/strong>\u00a0Este producto no pretende diagnosticar , tratar, curar, o prevenir enfermedades. Este producto es un alimento y no debe ser usado como sustituto de una dieta equilibrada.<\/p>\n<p><strong>Reg. San. INVIMA No<\/strong>. RSA-0024691-2023<\/p>\n","protected":false},"excerpt":{"rendered":"<p><strong>Si quieres m\u00e1s informaci\u00f3n o mejores precios comun\u00edcate con nosotros en nuestro <\/strong><a href=\"https:\/\/www.instagram.com\/nutrifitmaxpereira\/?hl=es\"><strong>Instagram<\/strong><\/a><strong>\u00a0o en nuestro\u00a0<\/strong><a href=\"https:\/\/api.whatsapp.com\/send?phone=573026673078\"><strong>WhatsApp<\/strong><\/a><strong><br \/>\nSi quieres ver m\u00e1s productos de la l\u00ednea ingresa a este\u00a0<\/strong><a href=\"https:\/\/nutrifitmax.co\/index.php\/product-category\/marca\/proscience\/\"><strong>link<\/strong><\/a><strong> ahora.<br \/>\nLos mejores suplementos garantizados los encuentras en NUTRIFITMAX<\/strong><\/p>\n","protected":false},"featured_media":14532,"comment_status":"open","ping_status":"closed","template":"","meta":{"inline_featured_image":false},"product_brand":[],"product_cat":[86,87,88,89],"product_tag":[],"class_list":{"0":"post-13335","1":"product","2":"type-product","3":"status-publish","4":"has-post-thumbnail","6":"product_cat-marca","7":"product_cat-muscletech","8":"product_cat-proteinas","9":"product_cat-proteinas-hipocaloricas","11":"first","12":"instock","13":"taxable","14":"shipping-taxable","15":"purchasable","16":"product-type-simple","17":"ebbe-col"},"_links":{"self":[{"href":"https:\/\/nutrifitmax.co\/index.php\/wp-json\/wp\/v2\/product\/13335","targetHints":{"allow":["GET"]}}],"collection":[{"href":"https:\/\/nutrifitmax.co\/index.php\/wp-json\/wp\/v2\/product"}],"about":[{"href":"https:\/\/nutrifitmax.co\/index.php\/wp-json\/wp\/v2\/types\/product"}],"replies":[{"embeddable":true,"href":"https:\/\/nutrifitmax.co\/index.php\/wp-json\/wp\/v2\/comments?post=13335"}],"wp:featuredmedia":[{"embeddable":true,"href":"https:\/\/nutrifitmax.co\/index.php\/wp-json\/wp\/v2\/media\/14532"}],"wp:attachment":[{"href":"https:\/\/nutrifitmax.co\/index.php\/wp-json\/wp\/v2\/media?parent=13335"}],"wp:term":[{"taxonomy":"product_brand","embeddable":true,"href":"https:\/\/nutrifitmax.co\/index.php\/wp-json\/wp\/v2\/product_brand?post=13335"},{"taxonomy":"product_cat","embeddable":true,"href":"https:\/\/nutrifitmax.co\/index.php\/wp-json\/wp\/v2\/product_cat?post=13335"},{"taxonomy":"product_tag","embeddable":true,"href":"https:\/\/nutrifitmax.co\/index.php\/wp-json\/wp\/v2\/product_tag?post=13335"}],"curies":[{"name":"wp","href":"https:\/\/api.w.org\/{rel}","templated":true}]}}