{"id":13334,"date":"2025-04-07T19:58:48","date_gmt":"2025-04-07T19:58:48","guid":{"rendered":"https:\/\/nutrifitmax.co\/?post_type=product&#038;p=13334"},"modified":"2026-04-23T01:05:43","modified_gmt":"2026-04-23T01:05:43","slug":"nitrotech-muscletech-4-lb-chocolate","status":"publish","type":"product","link":"https:\/\/nutrifitmax.co\/index.php\/product\/nitrotech-muscletech-4-lb-chocolate\/","title":{"rendered":"NITROTECH MUSCLETECH 4 LB CHOCOLATE"},"content":{"rendered":"<h3 class=\"\" data-start=\"244\" data-end=\"285\"><strong data-start=\"251\" data-end=\"285\">Composici\u00f3n y Nutrientes Clave<\/strong><\/h3>\n<p data-start=\"287\" data-end=\"341\">Cada porci\u00f3n de aproximadamente 46 gramos proporciona:<\/p>\n<ul data-start=\"343\" data-end=\"1045\">\n<li class=\"\" data-start=\"343\" data-end=\"441\">\n<p data-start=\"345\" data-end=\"441\"><strong data-start=\"345\" data-end=\"365\">30 g de prote\u00edna<\/strong>:\u00a0<span class=\"relative -mx-px my-[-0.2rem] rounded px-px py-[0.2rem] transition-colors duration-100 ease-in-out\">Derivada principalmente de aislado y p\u00e9ptidos de suero de leche, fuentes de alta pureza y r\u00e1pida absorci\u00f3n.<\/span><\/p>\n<\/li>\n<li class=\"\" data-start=\"443\" data-end=\"554\">\n<p data-start=\"445\" data-end=\"554\"><strong data-start=\"445\" data-end=\"478\">3 g de creatina monohidratada<\/strong>:\u00a0<span class=\"relative -mx-px my-[-0.2rem] rounded px-px py-[0.2rem] transition-colors duration-100 ease-in-out\">Apoya el aumento de fuerza y volumen muscular.<\/span><\/p>\n<\/li>\n<li class=\"\" data-start=\"556\" data-end=\"690\">\n<p data-start=\"558\" data-end=\"690\"><strong data-start=\"558\" data-end=\"610\">6.8 g de BCAA (amino\u00e1cidos de cadena ramificada)<\/strong>:\u00a0<span class=\"relative -mx-px my-[-0.2rem] rounded px-px py-[0.2rem] transition-colors duration-100 ease-in-out\">Incluye leucina, isoleucina y valina, esenciales para la recuperaci\u00f3n y el crecimiento muscular.<\/span><\/p>\n<\/li>\n<li class=\"\" data-start=\"692\" data-end=\"808\">\n<p data-start=\"694\" data-end=\"808\"><strong data-start=\"694\" data-end=\"728\">5 g de glutamina y precursores<\/strong>:\u00a0<span class=\"relative -mx-px my-[-0.2rem] rounded px-px py-[0.2rem] transition-colors duration-100 ease-in-out\">Favorecen la s\u00edntesis proteica y la recuperaci\u00f3n post-entrenamiento.<\/span><\/p>\n<\/li>\n<li class=\"\" data-start=\"810\" data-end=\"919\">\n<p data-start=\"812\" data-end=\"919\"><strong data-start=\"812\" data-end=\"839\">Amino\u00e1cidos adicionales<\/strong>:\u00a0<span class=\"relative -mx-px my-[-0.2rem] rounded px-px py-[0.2rem] transition-colors duration-100 ease-in-out\">Como L-alanina, glicina y taurina, que contribuyen a la s\u00edntesis proteica y al almacenamiento de gluc\u00f3geno.<\/span><\/p>\n<\/li>\n<li class=\"\" data-start=\"921\" data-end=\"1045\">\n<p data-start=\"923\" data-end=\"1045\"><strong data-start=\"923\" data-end=\"965\">Enzimas digestivas (amilasa y papa\u00edna)<\/strong>:\u00a0<span class=\"relative -mx-px my-[-0.2rem] rounded px-px py-[0.2rem] transition-colors duration-100 ease-in-out\">Mejoran la digesti\u00f3n y absorci\u00f3n de nutrientes.<\/span><\/p>\n<\/li>\n<\/ul>\n<hr class=\"\" data-start=\"1047\" data-end=\"1050\" \/>\n<h3 class=\"\" data-start=\"1052\" data-end=\"1085\"><strong data-start=\"1059\" data-end=\"1085\">Beneficios Principales<\/strong><\/h3>\n<ul data-start=\"1087\" data-end=\"1552\">\n<li class=\"\" data-start=\"1087\" data-end=\"1206\">\n<p data-start=\"1089\" data-end=\"1206\"><strong data-start=\"1089\" data-end=\"1126\">Desarrollo de masa muscular magra<\/strong>:\u00a0<span class=\"relative -mx-px my-[-0.2rem] rounded px-px py-[0.2rem] transition-colors duration-100 ease-in-out\">Combinaci\u00f3n efectiva de prote\u00ednas y creatina para maximizar el crecimiento muscular.<\/span><\/p>\n<\/li>\n<li class=\"\" data-start=\"1208\" data-end=\"1314\">\n<p data-start=\"1210\" data-end=\"1314\"><strong data-start=\"1210\" data-end=\"1234\">Incremento de fuerza<\/strong>:\u00a0<span class=\"relative -mx-px my-[-0.2rem] rounded px-px py-[0.2rem] transition-colors duration-100 ease-in-out\">La creatina monohidratada contribuye a mejorar la fuerza durante los entrenamientos.<\/span><\/p>\n<\/li>\n<li class=\"\" data-start=\"1316\" data-end=\"1424\">\n<p data-start=\"1318\" data-end=\"1424\"><strong data-start=\"1318\" data-end=\"1344\">Recuperaci\u00f3n acelerada<\/strong>:\u00a0<span class=\"relative -mx-px my-[-0.2rem] rounded px-px py-[0.2rem] transition-colors duration-100 ease-in-out\">Los BCAA y la glutamina ayudan a reducir el tiempo de recuperaci\u00f3n entre sesiones de entrenamiento.<\/span><\/p>\n<\/li>\n<li class=\"\" data-start=\"1426\" data-end=\"1552\">\n<p data-start=\"1428\" data-end=\"1552\"><strong data-start=\"1428\" data-end=\"1472\">Bajo contenido en grasas y carbohidratos<\/strong>:\u00a0<span class=\"relative -mx-px my-[-0.2rem] rounded px-px py-[0.2rem] transition-colors duration-100 ease-in-out\">Ideal para quienes buscan aumentar m\u00fasculo sin ganar grasa adicional.<\/span><\/p>\n<\/li>\n<\/ul>\n<hr class=\"\" data-start=\"1554\" data-end=\"1557\" \/>\n<h3 class=\"\" data-start=\"1559\" data-end=\"1581\"><strong data-start=\"1566\" data-end=\"1581\">Modo de Uso<\/strong><\/h3>\n<ul data-start=\"1946\" data-end=\"2272\">\n<li class=\"\" data-start=\"1583\" data-end=\"1663\">\n<p data-start=\"1585\" data-end=\"1663\"><span class=\"relative -mx-px my-[-0.2rem] rounded px-px py-[0.2rem] transition-colors duration-100 ease-in-out\">Mezclar 1 cucharada (aproximadamente 46 g) con 180-240 ml de agua fr\u00eda o leche descremada.<\/span><\/p>\n<\/li>\n<li class=\"\" data-start=\"1665\" data-end=\"1745\">\n<p data-start=\"1667\" data-end=\"1745\"><span class=\"relative -mx-px my-[-0.2rem] rounded px-px py-[0.2rem] transition-colors duration-100 ease-in-out\">Consumir entre comidas principales y despu\u00e9s del entrenamiento.<\/span><\/p>\n<\/li>\n<li class=\"\" data-start=\"1747\" data-end=\"1827\">\n<p data-start=\"1749\" data-end=\"1827\"><span class=\"relative -mx-px my-[-0.2rem] rounded px-px py-[0.2rem] transition-colors duration-100 ease-in-out\">Para resultados \u00f3ptimos, se recomienda consumir 4 porciones diarias durante un m\u00ednimo de 6 semanas.<\/span><\/p>\n<p>&nbsp;<\/p>\n<table class=\"jsx-960159652 specification-table \">\n<tbody class=\"jsx-960159652\">\n<tr class=\"jsx-960159652\">\n<td class=\"jsx-960159652 property-name\">Registro sanitario<\/td>\n<td class=\"jsx-960159652 property-value\">RSA-0023674-2023<\/td>\n<\/tr>\n<\/tbody>\n<\/table>\n<p data-start=\"1749\" data-end=\"1827\"><span class=\"relative -mx-px my-[-0.2rem] rounded px-px py-[0.2rem] transition-colors duration-100 ease-in-out\">\u00a0<\/span><\/p>\n<\/li>\n<\/ul>\n","protected":false},"excerpt":{"rendered":"<p><strong>Si quieres m\u00e1s informaci\u00f3n o mejores precios comun\u00edcate con nosotros en nuestro <\/strong><a href=\"https:\/\/www.instagram.com\/nutrifitmaxpereira\/?hl=es\"><strong>Instagram<\/strong><\/a><strong>\u00a0o en nuestro\u00a0<\/strong><a href=\"https:\/\/api.whatsapp.com\/send?phone=573026673078\"><strong>WhatsApp<\/strong><\/a><strong><br \/>\nSi quieres ver m\u00e1s productos de la l\u00ednea ingresa a este\u00a0<\/strong><a href=\"https:\/\/nutrifitmax.co\/index.php\/product-category\/marca\/proscience\/\"><strong>link<\/strong><\/a><strong> ahora.<br \/>\nLos mejores suplementos garantizados los encuentras en NUTRIFITMAX<\/strong><\/p>\n<p>&nbsp;<\/p>\n","protected":false},"featured_media":14323,"comment_status":"open","ping_status":"closed","template":"","meta":{"inline_featured_image":false},"product_brand":[],"product_cat":[86,87,88,89],"product_tag":[],"class_list":{"0":"post-13334","1":"product","2":"type-product","3":"status-publish","4":"has-post-thumbnail","6":"product_cat-marca","7":"product_cat-muscletech","8":"product_cat-proteinas","9":"product_cat-proteinas-hipocaloricas","11":"first","12":"instock","13":"taxable","14":"shipping-taxable","15":"purchasable","16":"product-type-simple","17":"ebbe-col"},"_links":{"self":[{"href":"https:\/\/nutrifitmax.co\/index.php\/wp-json\/wp\/v2\/product\/13334","targetHints":{"allow":["GET"]}}],"collection":[{"href":"https:\/\/nutrifitmax.co\/index.php\/wp-json\/wp\/v2\/product"}],"about":[{"href":"https:\/\/nutrifitmax.co\/index.php\/wp-json\/wp\/v2\/types\/product"}],"replies":[{"embeddable":true,"href":"https:\/\/nutrifitmax.co\/index.php\/wp-json\/wp\/v2\/comments?post=13334"}],"wp:featuredmedia":[{"embeddable":true,"href":"https:\/\/nutrifitmax.co\/index.php\/wp-json\/wp\/v2\/media\/14323"}],"wp:attachment":[{"href":"https:\/\/nutrifitmax.co\/index.php\/wp-json\/wp\/v2\/media?parent=13334"}],"wp:term":[{"taxonomy":"product_brand","embeddable":true,"href":"https:\/\/nutrifitmax.co\/index.php\/wp-json\/wp\/v2\/product_brand?post=13334"},{"taxonomy":"product_cat","embeddable":true,"href":"https:\/\/nutrifitmax.co\/index.php\/wp-json\/wp\/v2\/product_cat?post=13334"},{"taxonomy":"product_tag","embeddable":true,"href":"https:\/\/nutrifitmax.co\/index.php\/wp-json\/wp\/v2\/product_tag?post=13334"}],"curies":[{"name":"wp","href":"https:\/\/api.w.org\/{rel}","templated":true}]}}