{"id":13333,"date":"2025-04-07T19:58:47","date_gmt":"2025-04-07T19:58:47","guid":{"rendered":"https:\/\/nutrifitmax.co\/?post_type=product&#038;p=13333"},"modified":"2026-01-13T23:13:43","modified_gmt":"2026-01-13T23:13:43","slug":"plus-mass-3-lb-level-pharma","status":"publish","type":"product","link":"https:\/\/nutrifitmax.co\/index.php\/product\/plus-mass-3-lb-level-pharma\/","title":{"rendered":"PLUS MASS 3 LB LEVEL PRO"},"content":{"rendered":"<h4><strong>DESCRIPCION DE PLUS MASS PROTEINA HIPERCALORICA<\/strong><\/h4>\n<h4>Es un producto alimenticio con gran aporte cal\u00f3rico para contribuir de una manera \u00f3ptima a obtener ese s\u00faper avit cal\u00f3rico, el cual en muchas ocasiones es dif\u00edcil de lograr bas\u00e1ndose solamente en la alimentaci\u00f3n. \u2013 Se puede tomar en batidos y mezclarse con frutas, tambi\u00e9n lo pueden tomar ni\u00f1os y adultos mayores, no adicionamos az\u00facar y vas a disfrutar un sabor \u00fanico.<\/h4>\n<h4><strong>80 GRAMOS DE PROTEINA POR SERVICIO<\/strong><\/h4>\n<h4><strong>3 CREATINA HCL\u00a0<\/strong><\/h4>\n<h4><strong>20 GRAMOS DE BCAA<\/strong><\/h4>\n<h4><strong>2 GRAMOS HMB<\/strong><\/h4>\n<h4><strong>0 AZUCAR<\/strong><\/h4>\n<h4><\/h4>\n<h4><strong>Ingredientes de Plus mass<\/strong>:<\/h4>\n<h4>Suero de leche, Polvo de Avena, Caseinato De Calcio, Proteina De Suero Concentrado, Aislado De Proteina De Suero, Albumina De Huevo, Aceite De Canola, Creatina HCL, HMB, Lecitina De Soya, Sabor Artificia A Vainilla Leche, Goma Guar, L-Leucina, L-Isoleucina, L-Valina, L-Arginina, \u00c1cido Asc\u00f3rbico, (Vitamina C), Sucralosa (Edulcorante), Niacina (Vitamina B3), Pantotenato De Calcio (\u00c1cido Pantot\u00e9nico), Clorhidrato De Piridoxina (Vitamina B6), Tiamina Mononitrato (Vitamina B1), Riboflavina (Vitamina B2), \u00c1cido F\u00f3lico, Biotina, Vitamina E Acetato, Cianocobalamina (Vitamina B12).<\/h4>\n<h4><strong>MODO DE EMPLEO PARA LA PLUS MASS<\/strong>:<\/h4>\n<h4>Agregar seis cucharadas colmadas de (***) a 800 ml de agua o de leche entera. Mezclar durante 30-45 segundos. A\u00f1adir cubos de hielo, frutas u otros ingredietes como se desee y mezclar durante otros 30-45 segundos.<\/h4>\n<h4>Nota: El uso de la leche proporcionar\u00e1 una malteada de mayor contenido cal\u00f3rico, m\u00e1s espesa y cremosa<\/h4>\n<h4>El contenido total deber\u00e1 consumirse en el menor tiempo posible despues de abierto. El envase debe mantenerse cerrado en un lugar seco y fresco. Una vez preparado (***) sebe ser consumido inmediatamente.<\/h4>\n<h4><strong>Somos distribuidores de\u00a0<a href=\"https:\/\/level-pharma.com\/\" target=\"_blank\" rel=\"noopener\">LEVEL PHARMA<\/a> Si quieres mas informacion de mejores precios comunicate con nosotros en nuestro<a href=\"https:\/\/www.instagram.com\/nutrifitmaxpereira\/?hl=es\"> instagram\u00a0\u00a0<\/a><\/strong><strong>O Si quieres otras\u00a0<a href=\"https:\/\/nutrifitmax.co\/product-category\/proteinas\/proteinas-hipocaloricas\/\">proteinas gainer apreta ahora.<\/a><\/strong><\/h4>\n<h4><img fetchpriority=\"high\" decoding=\"async\" class=\"alignnone size-medium wp-image-5972\" src=\"https:\/\/nutrifitmax.co\/wp-content\/uploads\/2023\/03\/PLUS-MASS-3LB-200x300.png\" alt=\"PLUS MASS PROTEINA HIPERCALORICA\" width=\"200\" height=\"300\" \/><\/h4>\n<h4>Registro de suero de leche : RSAD02I89315<\/h4>\n","protected":false},"excerpt":{"rendered":"<p>DESCRIPCION DE PLUS MASS PROTEINA HIPERCALORICA Es un producto alimenticio con gran aporte cal\u00f3rico para contribuir de una manera \u00f3ptima a obtener ese s\u00faper avit cal\u00f3rico, el cual en muchas ocasiones es dif\u00edcil de lograr bas\u00e1ndose solamente en la alimentaci\u00f3n. \u2013 Se puede tomar en batidos y mezclarse con frutas, tambi\u00e9n lo pueden tomar ni\u00f1os [&hellip;]<\/p>\n","protected":false},"featured_media":14526,"comment_status":"open","ping_status":"closed","template":"","meta":{"inline_featured_image":false},"product_brand":[],"product_cat":[96,127,128,86,91,88,98],"product_tag":[],"class_list":{"0":"post-13333","1":"product","2":"type-product","3":"status-publish","4":"has-post-thumbnail","6":"product_cat-ganancia","7":"product_cat-level-pharma","8":"product_cat-level-pro-supplements","9":"product_cat-marca","10":"product_cat-mas-vendidos","11":"product_cat-proteinas","12":"product_cat-proteinas-ganadoras-de-peso","14":"first","15":"instock","16":"taxable","17":"shipping-taxable","18":"purchasable","19":"product-type-simple","20":"ebbe-col"},"_links":{"self":[{"href":"https:\/\/nutrifitmax.co\/index.php\/wp-json\/wp\/v2\/product\/13333","targetHints":{"allow":["GET"]}}],"collection":[{"href":"https:\/\/nutrifitmax.co\/index.php\/wp-json\/wp\/v2\/product"}],"about":[{"href":"https:\/\/nutrifitmax.co\/index.php\/wp-json\/wp\/v2\/types\/product"}],"replies":[{"embeddable":true,"href":"https:\/\/nutrifitmax.co\/index.php\/wp-json\/wp\/v2\/comments?post=13333"}],"wp:featuredmedia":[{"embeddable":true,"href":"https:\/\/nutrifitmax.co\/index.php\/wp-json\/wp\/v2\/media\/14526"}],"wp:attachment":[{"href":"https:\/\/nutrifitmax.co\/index.php\/wp-json\/wp\/v2\/media?parent=13333"}],"wp:term":[{"taxonomy":"product_brand","embeddable":true,"href":"https:\/\/nutrifitmax.co\/index.php\/wp-json\/wp\/v2\/product_brand?post=13333"},{"taxonomy":"product_cat","embeddable":true,"href":"https:\/\/nutrifitmax.co\/index.php\/wp-json\/wp\/v2\/product_cat?post=13333"},{"taxonomy":"product_tag","embeddable":true,"href":"https:\/\/nutrifitmax.co\/index.php\/wp-json\/wp\/v2\/product_tag?post=13333"}],"curies":[{"name":"wp","href":"https:\/\/api.w.org\/{rel}","templated":true}]}}