{"id":13332,"date":"2025-04-07T19:58:47","date_gmt":"2025-04-07T19:58:47","guid":{"rendered":"https:\/\/nutrifitmax.co\/?post_type=product&#038;p=13332"},"modified":"2025-11-06T20:53:29","modified_gmt":"2025-11-06T20:53:29","slug":"la-viga-de-fit-mafia","status":"publish","type":"product","link":"https:\/\/nutrifitmax.co\/index.php\/product\/la-viga-de-fit-mafia\/","title":{"rendered":"LA VIGA DE FIT MAFIA 1.94 LB"},"content":{"rendered":"<p>PROTEINA LA VIGA DE FIT MAFIA<\/p>\n<p>proteina la viga es un Alimento en polvo a base de maltodextrina con suero de leche, prote\u00edna concentrada de suero de leche, prote\u00edna aislada de soya enriquecida con vitamina, sabor vainilla y chocolate.<\/p>\n<p><b>Ingredientes la viga <\/b>: Maltodextrina, Suero de Leche, Prote\u00edna concentrada de suero de Leche, Prote\u00edna asilada de Soya, Cocoa (Chocolate), sabor id\u00e9ntico al natural (Vainilla y Chocolate), Di\u00f3xido de Silicio (Anticompactante) (1000 mg\/kg), Carboximetilcelulosa (Estabilizante), Lecitina de Soya (Estabilizante), Goma Xanthan (Espesante), Sucralosa (Edulcorante), Benzoato de Sodio (Conservante) (1000 mg\/kg), Vitamina C (\u00c1cido asc\u00f3rbico), Lactasa en polvo, VitaminaB6 (Piridoxina), Vitamina B1 (Tiamina).<\/p>\n<p><b>Presentaci\u00f3n Comercial la viga <\/b>: Envase y Liners interno de seguridad.<\/p>\n<p><b>Material del Empaque la viga <\/b>: Envase pl\u00e1stico.<\/p>\n<p><b>M\u00e9todo de Conservaci\u00f3n la viga <\/b>: Almacenar bien cerrado en su empaque original, en un lugar fresco a temperatura inferior a 30\u00b0 C y humedad relativa inferior a 75%. No introducir elementos h\u00famedos, despu\u00e9s de abierto consumase en el menor tiempo posible.<\/p>\n<p><b>Contenido la viga : <\/b>Neto 880g \/ 1,94 Lb \/ 31 Oz.<\/p>\n<p><b>Servicios la viga: <\/b>20 Scoops por envase.<\/p>\n<p><b>Sabor la viga<\/b>: Vainilla \/ Chocolate.<\/p>\n<p><b>Modo o M\u00e9todo de Consumo o Preparaci\u00f3n la viga: <\/b>Mezclar 5 cuchara (220g) del producto en 500ml de agua, ag\u00edtese hasta obtener un producto homog\u00e9neo, consumase una vez preparado.<\/p>\n<p><b>Formato de Venta:\u00a0<\/b>Polvo.<img fetchpriority=\"high\" decoding=\"async\" class=\"alignnone size-medium wp-image-5933\" src=\"https:\/\/nutrifitmax.co\/wp-content\/uploads\/2023\/03\/LA-VIGA-300x300.jpeg\" alt=\"\" width=\"300\" height=\"300\" \/><\/p>\n<p><b>Registro Sanitario:\u00a0<\/b>RSA-0021795-2022.<\/p>\n<p>PROTE\u00cdNA HIPERCALORICA<\/p>\n","protected":false},"excerpt":{"rendered":"<p>proteina la viga es un Alimento en polvo a base de maltodextrina con suero de leche, prote\u00edna concentrada de suero de leche, prote\u00edna aislada de soya enriquecida con vitamina, sabor vainilla y chocolate.<\/p>\n","protected":false},"featured_media":13368,"comment_status":"open","ping_status":"closed","template":"","meta":{"inline_featured_image":false},"product_brand":[],"product_cat":[86,101,88,98],"product_tag":[],"class_list":{"0":"post-13332","1":"product","2":"type-product","3":"status-publish","4":"has-post-thumbnail","6":"product_cat-marca","7":"product_cat-proscience","8":"product_cat-proteinas","9":"product_cat-proteinas-ganadoras-de-peso","11":"first","12":"instock","13":"taxable","14":"shipping-taxable","15":"purchasable","16":"product-type-simple","17":"ebbe-col"},"_links":{"self":[{"href":"https:\/\/nutrifitmax.co\/index.php\/wp-json\/wp\/v2\/product\/13332","targetHints":{"allow":["GET"]}}],"collection":[{"href":"https:\/\/nutrifitmax.co\/index.php\/wp-json\/wp\/v2\/product"}],"about":[{"href":"https:\/\/nutrifitmax.co\/index.php\/wp-json\/wp\/v2\/types\/product"}],"replies":[{"embeddable":true,"href":"https:\/\/nutrifitmax.co\/index.php\/wp-json\/wp\/v2\/comments?post=13332"}],"wp:featuredmedia":[{"embeddable":true,"href":"https:\/\/nutrifitmax.co\/index.php\/wp-json\/wp\/v2\/media\/13368"}],"wp:attachment":[{"href":"https:\/\/nutrifitmax.co\/index.php\/wp-json\/wp\/v2\/media?parent=13332"}],"wp:term":[{"taxonomy":"product_brand","embeddable":true,"href":"https:\/\/nutrifitmax.co\/index.php\/wp-json\/wp\/v2\/product_brand?post=13332"},{"taxonomy":"product_cat","embeddable":true,"href":"https:\/\/nutrifitmax.co\/index.php\/wp-json\/wp\/v2\/product_cat?post=13332"},{"taxonomy":"product_tag","embeddable":true,"href":"https:\/\/nutrifitmax.co\/index.php\/wp-json\/wp\/v2\/product_tag?post=13332"}],"curies":[{"name":"wp","href":"https:\/\/api.w.org\/{rel}","templated":true}]}}