{"id":13323,"date":"2025-04-07T19:58:26","date_gmt":"2025-04-07T19:58:26","guid":{"rendered":"https:\/\/nutrifitmax.co\/?post_type=product&#038;p=13323"},"modified":"2026-01-13T21:43:44","modified_gmt":"2026-01-13T21:43:44","slug":"wey-fit-mafia-26-servicios","status":"publish","type":"product","link":"https:\/\/nutrifitmax.co\/index.php\/product\/wey-fit-mafia-26-servicios\/","title":{"rendered":"WEY FIT MAFIA 26 SERVICIOS"},"content":{"rendered":"<h1 class=\"serp-title\">WEY FIT MAFIA 26 SERVICIOS<\/h1>\n<p><img fetchpriority=\"high\" decoding=\"async\" class=\"\" src=\"https:\/\/fitmafia.co\/wp-content\/uploads\/2022\/12\/LA-WEY-PNG.png\" alt=\"LA-WEY\" width=\"307\" height=\"391\" \/>Alimento en polvo a base de prote\u00edna concentrada de suero de leche con prote\u00edna concentrada de leche, prote\u00edna aislada de soya enriquecido con vitaminas, sabor vainilla y chocolate.<\/p>\n<p><strong>Ingredientes<\/strong>: Prote\u00edna concentrada de suero de Leche, Prote\u00edna concentrada de Leche, Prote\u00edna aislada de Soya, Cocoa (Chocolate), sabor id\u00e9ntico al natural (Vainilla y Chocolate), Goma Xanthan (Espesante), Carboximetilcelulosa (Estabilizante), Lecitina de soya (Estabilizante), Di\u00f3xido de Silicio (Anticompactante), Sucralosa (Edulcorante), Benzoato de Sodio (Conservante) (1000 mg\/kg), Vitamina C (\u00c1cido asc\u00f3rbico), Lactasa en polvo, Vitamina B6 (Piridoxina), Vitamina B1 (Tiamina).<\/p>\n<p><strong>Presentaci\u00f3n Comercial<\/strong>:\u00a0Envase y Liners interno de seguridad.<\/p>\n<p><b>Material del Empaque:\u00a0<\/b>Envase pl\u00e1stico.<\/p>\n<p><b>M\u00e9todo de Conservaci\u00f3n<\/b>: Almacenar bien cerrado en su empaque original, en un lugar frescoa temperatura inferior a 30\u00b0 C y humedad relativa inferior a 75%. No introducir elementos h\u00famedos, despu\u00e9s de abierto consumase en el menor tiempo posible.<\/p>\n<p><b>Contenido<\/b>: Neto 780 g\/ 1.72 Lb \/ 27.5 Oz<\/p>\n<p><b>Servicios:\u00a0<\/b>26 Scoops por envase.<\/p>\n<p><b>Sabor<\/b>: Vainilla \/ Chocolate<\/p>\n<p><b>Modo o M\u00e9todo de Consumo o Preparaci\u00f3n:\u00a0<\/b>Mezclar 1 cuchara (30g) del producto en 180ml de agua, ag\u00edtese hasta obtener un producto homog\u00e9neo, consumase una vez preparado.<\/p>\n<p><b>Formato de Venta:\u00a0<\/b>Polvo.<\/p>\n<p><b>Registro Sanitario:\u00a0<\/b>RSA-0021656-2022.<\/p>\n","protected":false},"excerpt":{"rendered":"<h3 class=\"serp-title\">WEY FIT MAFIA 26 SERVICIOS Alimento en polvo a base de prote\u00edna concentrada de suero de leche con prote\u00edna concentrada de leche, prote\u00edna aislada de soya enriquecido con vitaminas, sabor vainilla y chocolate.<\/h3>\n<p><img decoding=\"async\" class=\"\" src=\"https:\/\/fitmafia.co\/wp-content\/uploads\/2022\/12\/LA-WEY-PNG.png\" alt=\"LA-WEY\" width=\"93\" height=\"118\" \/><\/p>\n","protected":false},"featured_media":13367,"comment_status":"open","ping_status":"closed","template":"","meta":{"inline_featured_image":false},"product_brand":[],"product_cat":[86,101,88,103],"product_tag":[],"class_list":{"0":"post-13323","1":"product","2":"type-product","3":"status-publish","4":"has-post-thumbnail","6":"product_cat-marca","7":"product_cat-proscience","8":"product_cat-proteinas","9":"product_cat-proteinas-concentradas","11":"first","12":"instock","13":"sale","14":"taxable","15":"shipping-taxable","16":"purchasable","17":"product-type-simple","18":"ebbe-col"},"_links":{"self":[{"href":"https:\/\/nutrifitmax.co\/index.php\/wp-json\/wp\/v2\/product\/13323","targetHints":{"allow":["GET"]}}],"collection":[{"href":"https:\/\/nutrifitmax.co\/index.php\/wp-json\/wp\/v2\/product"}],"about":[{"href":"https:\/\/nutrifitmax.co\/index.php\/wp-json\/wp\/v2\/types\/product"}],"replies":[{"embeddable":true,"href":"https:\/\/nutrifitmax.co\/index.php\/wp-json\/wp\/v2\/comments?post=13323"}],"wp:featuredmedia":[{"embeddable":true,"href":"https:\/\/nutrifitmax.co\/index.php\/wp-json\/wp\/v2\/media\/13367"}],"wp:attachment":[{"href":"https:\/\/nutrifitmax.co\/index.php\/wp-json\/wp\/v2\/media?parent=13323"}],"wp:term":[{"taxonomy":"product_brand","embeddable":true,"href":"https:\/\/nutrifitmax.co\/index.php\/wp-json\/wp\/v2\/product_brand?post=13323"},{"taxonomy":"product_cat","embeddable":true,"href":"https:\/\/nutrifitmax.co\/index.php\/wp-json\/wp\/v2\/product_cat?post=13323"},{"taxonomy":"product_tag","embeddable":true,"href":"https:\/\/nutrifitmax.co\/index.php\/wp-json\/wp\/v2\/product_tag?post=13323"}],"curies":[{"name":"wp","href":"https:\/\/api.w.org\/{rel}","templated":true}]}}