{"id":13320,"date":"2025-04-07T19:58:26","date_gmt":"2025-04-07T19:58:26","guid":{"rendered":"https:\/\/nutrifitmax.co\/?post_type=product&#038;p=13320"},"modified":"2025-11-10T22:14:53","modified_gmt":"2025-11-10T22:14:53","slug":"crema-de-arroz-anabolic-cream-chocolate","status":"publish","type":"product","link":"https:\/\/nutrifitmax.co\/index.php\/product\/crema-de-arroz-anabolic-cream-chocolate\/","title":{"rendered":"CREMA DE ARROZ ANABOLIC CREAM CHOCOLATE"},"content":{"rendered":"<p>CREMA DE ARROZ SABOR CHOCOLATE CAKE\u00a0X 550 GR.<\/p>\n<p>UNA CREMA DE ARROZ HIDROLIZADA PARA HACER EN OCACIONES EN QUE NO TIENES COMO COCINARLA. SOLO AGREGA AGUA o LECHE Y MEZCLA, ELLA SOLA VA TOMANDO LA TEXTURA DE PAPILLA ABSORBIENDO EL AGUA QUE AGREGUES. CON CACAO NATURAL, LIBRE DE GLUTEN Y UN SABOR DELICIOSO A TORTA DE CHOCOLATE.<\/p>\n<p>VIENE EN PRESENTACIO\u0301N DE 550 GR.<\/p>\n<p>SIN AZUCAR<br \/>\nLIBRE DE GLUTEN<br \/>\nENDULZADA CON STEVIA NATURAL<\/p>\n<p>NSA-0011582-2021<\/p>\n","protected":false},"excerpt":{"rendered":"<p><strong>Si quieres m\u00e1s informaci\u00f3n o mejores precios comun\u00edcate con nosotros en nuestro <\/strong><a href=\"https:\/\/www.instagram.com\/nutrifitmaxpereira\/?hl=es\"><strong>Instagram<\/strong><\/a><strong>\u00a0o en nuestro\u00a0<\/strong><a href=\"https:\/\/api.whatsapp.com\/send?phone=573026673078\"><strong>WhatsApp<\/strong><\/a><strong><br \/>\nSi quieres ver m\u00e1s productos de la l\u00ednea ingresa a este\u00a0<\/strong><a href=\"https:\/\/nutrifitmax.co\/index.php\/product-category\/marca\/proscience\/\"><strong>link<\/strong><\/a><strong> ahora.<br \/>\nLos mejores suplementos garantizados los encuentras en NUTRIFITMAX<\/strong><\/p>\n","protected":false},"featured_media":14306,"comment_status":"open","ping_status":"closed","template":"","meta":{"inline_featured_image":false},"product_brand":[],"product_cat":[150,114,96,126],"product_tag":[],"class_list":{"0":"post-13320","1":"product","2":"type-product","3":"status-publish","4":"has-post-thumbnail","6":"product_cat-anabolic-cream","7":"product_cat-cuidado-personal","8":"product_cat-ganancia","9":"product_cat-market-saludable","11":"first","12":"instock","13":"taxable","14":"shipping-taxable","15":"purchasable","16":"product-type-simple","17":"ebbe-col"},"_links":{"self":[{"href":"https:\/\/nutrifitmax.co\/index.php\/wp-json\/wp\/v2\/product\/13320","targetHints":{"allow":["GET"]}}],"collection":[{"href":"https:\/\/nutrifitmax.co\/index.php\/wp-json\/wp\/v2\/product"}],"about":[{"href":"https:\/\/nutrifitmax.co\/index.php\/wp-json\/wp\/v2\/types\/product"}],"replies":[{"embeddable":true,"href":"https:\/\/nutrifitmax.co\/index.php\/wp-json\/wp\/v2\/comments?post=13320"}],"wp:featuredmedia":[{"embeddable":true,"href":"https:\/\/nutrifitmax.co\/index.php\/wp-json\/wp\/v2\/media\/14306"}],"wp:attachment":[{"href":"https:\/\/nutrifitmax.co\/index.php\/wp-json\/wp\/v2\/media?parent=13320"}],"wp:term":[{"taxonomy":"product_brand","embeddable":true,"href":"https:\/\/nutrifitmax.co\/index.php\/wp-json\/wp\/v2\/product_brand?post=13320"},{"taxonomy":"product_cat","embeddable":true,"href":"https:\/\/nutrifitmax.co\/index.php\/wp-json\/wp\/v2\/product_cat?post=13320"},{"taxonomy":"product_tag","embeddable":true,"href":"https:\/\/nutrifitmax.co\/index.php\/wp-json\/wp\/v2\/product_tag?post=13320"}],"curies":[{"name":"wp","href":"https:\/\/api.w.org\/{rel}","templated":true}]}}