{"id":13316,"date":"2025-04-07T19:58:26","date_gmt":"2025-04-07T19:58:26","guid":{"rendered":"https:\/\/nutrifitmax.co\/?post_type=product&#038;p=13316"},"modified":"2026-01-21T18:25:54","modified_gmt":"2026-01-21T18:25:54","slug":"mass-evolution-smart-2-libras","status":"publish","type":"product","link":"https:\/\/nutrifitmax.co\/index.php\/product\/mass-evolution-smart-2-libras\/","title":{"rendered":"MASS EVOLUTION SMART 2 LB"},"content":{"rendered":"<blockquote>\n<p dir=\"ltr\">Mass Evolution\u00a0es una mezcla en polvo con sabor a vainilla, desarrollada para quienes se encuentran en una etapa de volumen o\u00a0necesitan complementar su alimentaci\u00f3n con un alto aporte cal\u00f3rico y proteico.<\/p>\n<p dir=\"ltr\">Su f\u00f3rmula combina\u00a0maltodextrina, prote\u00edna concentrada de suero, aislado de soya y creatina monohidratada,\u00a0enriquecida con vitaminas y minerales esenciales. Todo en una textura cremosa, de excelente solubilidad y sabor delicioso.<\/p>\n<p dir=\"ltr\">Cada porci\u00f3n aporta\u00a0<strong>569<\/strong>\u00a0kcal y\u00a0<strong>41 g<\/strong>\u00a0de prote\u00edna, convirti\u00e9ndose en una opci\u00f3n pr\u00e1ctica para acompa\u00f1ar tus objetivos nutricionales y de entrenamiento.<\/p>\n<p dir=\"ltr\"><strong>Presentaci\u00f3n: 908g<\/strong><\/p>\n<p><strong>REGISTRO INVIMA No. RSA-0021013-2022<\/strong><\/p><\/blockquote>\n","protected":false},"excerpt":{"rendered":"<div class=\"hdt-col-parent content_difference-text hdt-col-12 hdt-col-md-6 hdt-col-lg-5\">\n<div class=\"hdt-content_parent_JQxtTQ hdt-s-gradient hdt-section-spacing\">\n<div id=\"block-text_9KBrRH\" class=\"hdt-text-block hdt-rte hdt-s-text2 hdt-text-base hdt-text-start md:hdt-text-start\">\n<p><span class=\"metafield-multi_line_text_field\">Mass Evolution est\u00e1 dise\u00f1ado con una f\u00f3rmula funcional, que integra macronutrientes de calidad, creatina y micronutrientes esenciales.<\/span><\/p>\n<p>Combina fuentes de prote\u00edna como el suero de leche y el aislado de soya con una base de maltodextrina que aporta la densidad cal\u00f3rica necesaria para etapas de volumen. Adem\u00e1s, incluye creatina monohidratada, un ingrediente ampliamente usado en nutrici\u00f3n deportiva.<\/p>\n<p>Todo esto en un producto libre de grasas trans, f\u00e1cil de preparar y pensado para quienes buscan practicidad y respaldo nutricional en su d\u00eda a d\u00eda.<\/p>\n<\/div>\n<\/div>\n<\/div>\n<div class=\"hdt-col-parent hdt-col-12 hdt-col-md-6 hdt-col-lg-4\">\n<div class=\"hdt-content_parent_fYVcCH hdt-s-gradient hdt-section-spacing\">\n<div class=\"hdt-image_wrapper hdt-flex hdt-justify-center\">\n<p><strong>Somos distribuidores de SMART NUTRITION\u00ae\u00a0 Si quieres m\u00e1s informaci\u00f3n o mejores precios comun\u00edcate con nosotros en nuestro <a href=\"https:\/\/www.instagram.com\/nutrifitmaxpereira\/?hl=es\">Instagram<\/a>\u00a0o en nuestro\u00a0<a href=\"https:\/\/api.whatsapp.com\/send?phone=573026673078\">WhatsApp<\/a><br \/>\nSi quieres ver m\u00e1s productos de la l\u00ednea ingresa a este\u00a0<a href=\"https:\/\/nutrifitmax.co\/index.php\/product-category\/marca\/proscience\/\">link<\/a> ahora.<br \/>\nLos mejores suplementos garantizados los encuentras en NUTRIFITMAX<\/strong><\/p>\n<\/div>\n<\/div>\n<\/div>\n","protected":false},"featured_media":13365,"comment_status":"open","ping_status":"closed","template":"","meta":{"inline_featured_image":false},"product_brand":[],"product_cat":[96,86,88,103,98,106],"product_tag":[],"class_list":{"0":"post-13316","1":"product","2":"type-product","3":"status-publish","4":"has-post-thumbnail","6":"product_cat-ganancia","7":"product_cat-marca","8":"product_cat-proteinas","9":"product_cat-proteinas-concentradas","10":"product_cat-proteinas-ganadoras-de-peso","11":"product_cat-smart","13":"first","14":"instock","15":"taxable","16":"shipping-taxable","17":"purchasable","18":"product-type-simple","19":"ebbe-col"},"_links":{"self":[{"href":"https:\/\/nutrifitmax.co\/index.php\/wp-json\/wp\/v2\/product\/13316","targetHints":{"allow":["GET"]}}],"collection":[{"href":"https:\/\/nutrifitmax.co\/index.php\/wp-json\/wp\/v2\/product"}],"about":[{"href":"https:\/\/nutrifitmax.co\/index.php\/wp-json\/wp\/v2\/types\/product"}],"replies":[{"embeddable":true,"href":"https:\/\/nutrifitmax.co\/index.php\/wp-json\/wp\/v2\/comments?post=13316"}],"wp:featuredmedia":[{"embeddable":true,"href":"https:\/\/nutrifitmax.co\/index.php\/wp-json\/wp\/v2\/media\/13365"}],"wp:attachment":[{"href":"https:\/\/nutrifitmax.co\/index.php\/wp-json\/wp\/v2\/media?parent=13316"}],"wp:term":[{"taxonomy":"product_brand","embeddable":true,"href":"https:\/\/nutrifitmax.co\/index.php\/wp-json\/wp\/v2\/product_brand?post=13316"},{"taxonomy":"product_cat","embeddable":true,"href":"https:\/\/nutrifitmax.co\/index.php\/wp-json\/wp\/v2\/product_cat?post=13316"},{"taxonomy":"product_tag","embeddable":true,"href":"https:\/\/nutrifitmax.co\/index.php\/wp-json\/wp\/v2\/product_tag?post=13316"}],"curies":[{"name":"wp","href":"https:\/\/api.w.org\/{rel}","templated":true}]}}