{"id":13315,"date":"2025-04-07T19:58:26","date_gmt":"2025-04-07T19:58:26","guid":{"rendered":"https:\/\/nutrifitmax.co\/?post_type=product&#038;p=13315"},"modified":"2026-01-20T17:23:42","modified_gmt":"2026-01-20T17:23:42","slug":"mass-evolution-smart-10-libras","status":"publish","type":"product","link":"https:\/\/nutrifitmax.co\/index.php\/product\/mass-evolution-smart-10-libras\/","title":{"rendered":"MASS EVOLUTION SMART 10 LB"},"content":{"rendered":"<blockquote><p><strong>Mass Evolution<\/strong>\u00a0es una mezcla en polvo con sabor a vainilla, desarrollada para quienes se encuentran en una etapa de volumen o\u00a0<strong>necesitan complementar su alimentaci\u00f3n con un alto aporte cal\u00f3rico y proteico.<\/strong><\/p>\n<p>Su f\u00f3rmula combina\u00a0<strong>maltodextrina, prote\u00edna concentrada de suero, aislado de soya y creatina monohidratada,<\/strong>\u00a0enriquecida con vitaminas y minerales esenciales. Todo en una textura cremosa, de excelente solubilidad y sabor delicioso.<\/p>\n<p>Cada porci\u00f3n aporta\u00a0<strong>569 kcal y 41 g de prote\u00edna<\/strong>, convirti\u00e9ndose en una opci\u00f3n pr\u00e1ctica para acompa\u00f1ar tus objetivos nutricionales y de entrenamiento.<\/p>\n<p><strong>Presentaci\u00f3n: 4540g<\/strong><\/p>\n<p><strong>REGISTRO INVIMA No. RSA-0021013-2022<\/strong><\/p><\/blockquote>\n","protected":false},"excerpt":{"rendered":"<p>Mass Evolution est\u00e1 dise\u00f1ado con una f\u00f3rmula funcional, que integra macronutrientes de calidad, creatina y micronutrientes esenciales.<\/p>\n<p>Combina fuentes de prote\u00edna como el suero de leche y el aislado de soya con una base de maltodextrina que aporta la densidad cal\u00f3rica necesaria para etapas de volumen. Adem\u00e1s, incluye creatina monohidratada, un ingrediente ampliamente usado en nutrici\u00f3n deportiva.<\/p>\n<p>Todo esto en un producto libre de grasas trans, f\u00e1cil de preparar y pensado para quienes buscan practicidad y respaldo nutricional en su d\u00eda a d\u00eda.<\/p>\n<p><strong>Somos distribuidores de SMART NUTRITION\u00ae\u00a0 Si quieres m\u00e1s informaci\u00f3n o mejores precios comun\u00edcate con nosotros en nuestro <a href=\"https:\/\/www.instagram.com\/nutrifitmaxpereira\/?hl=es\">Instagram<\/a>\u00a0o en nuestro\u00a0<a href=\"https:\/\/api.whatsapp.com\/send?phone=573026673078\">WhatsApp<\/a><br \/>\nSi quieres ver m\u00e1s productos de la l\u00ednea ingresa a este\u00a0<a href=\"https:\/\/nutrifitmax.co\/index.php\/product-category\/marca\/proscience\/\">link<\/a> ahora.<br \/>\nLos mejores suplementos garantizados los encuentras en NUTRIFITMAX<\/strong><\/p>\n","protected":false},"featured_media":13364,"comment_status":"open","ping_status":"closed","template":"","meta":{"inline_featured_image":false},"product_brand":[],"product_cat":[96,86,91,124,88,98,106],"product_tag":[],"class_list":{"0":"post-13315","1":"product","2":"type-product","3":"status-publish","4":"has-post-thumbnail","6":"product_cat-ganancia","7":"product_cat-marca","8":"product_cat-mas-vendidos","9":"product_cat-ofertas","10":"product_cat-proteinas","11":"product_cat-proteinas-ganadoras-de-peso","12":"product_cat-smart","14":"first","15":"instock","16":"sale","17":"taxable","18":"shipping-taxable","19":"purchasable","20":"product-type-simple","21":"ebbe-col"},"_links":{"self":[{"href":"https:\/\/nutrifitmax.co\/index.php\/wp-json\/wp\/v2\/product\/13315","targetHints":{"allow":["GET"]}}],"collection":[{"href":"https:\/\/nutrifitmax.co\/index.php\/wp-json\/wp\/v2\/product"}],"about":[{"href":"https:\/\/nutrifitmax.co\/index.php\/wp-json\/wp\/v2\/types\/product"}],"replies":[{"embeddable":true,"href":"https:\/\/nutrifitmax.co\/index.php\/wp-json\/wp\/v2\/comments?post=13315"}],"wp:featuredmedia":[{"embeddable":true,"href":"https:\/\/nutrifitmax.co\/index.php\/wp-json\/wp\/v2\/media\/13364"}],"wp:attachment":[{"href":"https:\/\/nutrifitmax.co\/index.php\/wp-json\/wp\/v2\/media?parent=13315"}],"wp:term":[{"taxonomy":"product_brand","embeddable":true,"href":"https:\/\/nutrifitmax.co\/index.php\/wp-json\/wp\/v2\/product_brand?post=13315"},{"taxonomy":"product_cat","embeddable":true,"href":"https:\/\/nutrifitmax.co\/index.php\/wp-json\/wp\/v2\/product_cat?post=13315"},{"taxonomy":"product_tag","embeddable":true,"href":"https:\/\/nutrifitmax.co\/index.php\/wp-json\/wp\/v2\/product_tag?post=13315"}],"curies":[{"name":"wp","href":"https:\/\/api.w.org\/{rel}","templated":true}]}}