{"id":13314,"date":"2025-04-07T19:58:25","date_gmt":"2025-04-07T19:58:25","guid":{"rendered":"https:\/\/nutrifitmax.co\/?post_type=product&#038;p=13314"},"modified":"2025-12-02T00:24:46","modified_gmt":"2025-12-02T00:24:46","slug":"gold-standard-isolate-5-lb-vainilla-optimum-nutrition","status":"publish","type":"product","link":"https:\/\/nutrifitmax.co\/index.php\/product\/gold-standard-isolate-5-lb-vainilla-optimum-nutrition\/","title":{"rendered":"GOLD STANDARD ISOLATE 5 LB VAINILLA OPTIMUM NUTRITION"},"content":{"rendered":"<header class=\"product-tabs__header product-tabs__header--selected\" data-tab-name=\"Product Overview\">\n<h4><strong>DESCRIPCI\u00d3N DEL PRODUCTO <\/strong>GOLD STANDARD ISOLATE 5 LB VAINILLA<\/h4>\n<\/header>\n<section id=\"tabDetails\" class=\"product-tabs__content\">\n<h4 class=\"product-overview__info-header\"><strong><img fetchpriority=\"high\" decoding=\"async\" class=\"\" src=\"https:\/\/m.media-amazon.com\/images\/I\/71yR1nfqaCL._AC_SL1500_.jpg\" alt=\"On Gold Standard Isolate Vainilla - 5 Lbs, 76 Porciones : Amazon.com.mx ...\" width=\"390\" height=\"581\" \/>Prote\u00edna aislada de suero de leche hidrolizada y ultra filtrada de alta calidad: <\/strong>GOLD STANDARD ISOLATE 5 LB VAINILLA<\/h4>\n<div class=\"product-overview__info-text\">\n<h4>prote\u00edna de suero de la m\u00e1s alta calidad que se somete a una serie de procesos de filtraci\u00f3n sofisticados para &#8216;aislar&#8217; el exceso de grasa, colesterol y az\u00facar. Luego, una porci\u00f3n de este aislado de prote\u00edna de suero se hidroliza y se descompone en cadenas m\u00e1s peque\u00f1as de amino\u00e1cidos.\u00a0El producto final es una prote\u00edna completa de r\u00e1pida digesti\u00f3n que no contiene m\u00e1s de 1 gramo de carbohidratos, menos de un gramo de grasa y m\u00e1s del 80 % de prote\u00edna pura por porci\u00f3n.<\/h4>\n<p>&nbsp;<\/p>\n<\/div>\n<header class=\"product-tabs__header product-tabs__header--selected\" data-tab-name=\"Benefits\">\n<h2><strong>BENEFICIOS <\/strong><\/h2>\n<h2>25 gramos de prote\u00edna por porci\u00f3n<\/h2>\n<\/header>\n<section id=\"tabBenefits\" class=\"product-tabs__content\">\n<ul class=\"product-benefits\">\n<li>\n<h4>5,5 gramos de BCAA naturales por porci\u00f3n<\/h4>\n<\/li>\n<li>\n<h4>1 gramo de carbohidratos por porci\u00f3n<\/h4>\n<\/li>\n<li>\n<h4>11,4 gramos de amino\u00e1cidos esenciales naturales por porci\u00f3n<\/h4>\n<\/li>\n<li>\n<h4>4,3 gramos de glutamina y \u00e1cido glut\u00e1mico de origen natural por porci\u00f3n<\/h4>\n<\/li>\n<li>\n<h4>Aproximadamente 80 % de prote\u00edna pura por porci\u00f3n<\/h4>\n<\/li>\n<li>\n<h4>Sabor delicioso en 6 a 8 onzas l\u00edquidas de agua fr\u00eda<\/h4>\n<\/li>\n<li>\n<h4>Sin gluten<\/h4>\n<\/li>\n<li>\n<h4>Tiene testeo de Sustancia Prohibida Probada<\/h4>\n<\/li>\n<\/ul>\n<\/section>\n<\/section>\n","protected":false},"excerpt":{"rendered":"<h2 class=\"serp-title\">GOLD STANDARD ISOLATE 5 LB VAINILLA prote\u00edna de suero de la m\u00e1s alta calidad que se somete a una serie de procesos de filtraci\u00f3n sofisticados para &#8216;aislar&#8217; el exceso de grasa, colesterol y az\u00facar<\/h2>\n<p><img decoding=\"async\" class=\"\" src=\"https:\/\/m.media-amazon.com\/images\/I\/71yR1nfqaCL._AC_SL1500_.jpg\" alt=\"On Gold Standard Isolate Vainilla - 5 Lbs, 76 Porciones : Amazon.com.mx ...\" width=\"244\" height=\"364\" \/><\/p>\n","protected":false},"featured_media":13362,"comment_status":"open","ping_status":"closed","template":"","meta":{"inline_featured_image":false},"product_brand":[],"product_cat":[85,86,90,88,89],"product_tag":[],"class_list":{"0":"post-13314","1":"product","2":"type-product","3":"status-publish","4":"has-post-thumbnail","6":"product_cat-definicion","7":"product_cat-marca","8":"product_cat-on","9":"product_cat-proteinas","10":"product_cat-proteinas-hipocaloricas","12":"first","13":"outofstock","14":"taxable","15":"shipping-taxable","16":"purchasable","17":"product-type-simple","18":"ebbe-col","19":"product-has-gallery"},"_links":{"self":[{"href":"https:\/\/nutrifitmax.co\/index.php\/wp-json\/wp\/v2\/product\/13314","targetHints":{"allow":["GET"]}}],"collection":[{"href":"https:\/\/nutrifitmax.co\/index.php\/wp-json\/wp\/v2\/product"}],"about":[{"href":"https:\/\/nutrifitmax.co\/index.php\/wp-json\/wp\/v2\/types\/product"}],"replies":[{"embeddable":true,"href":"https:\/\/nutrifitmax.co\/index.php\/wp-json\/wp\/v2\/comments?post=13314"}],"wp:featuredmedia":[{"embeddable":true,"href":"https:\/\/nutrifitmax.co\/index.php\/wp-json\/wp\/v2\/media\/13362"}],"wp:attachment":[{"href":"https:\/\/nutrifitmax.co\/index.php\/wp-json\/wp\/v2\/media?parent=13314"}],"wp:term":[{"taxonomy":"product_brand","embeddable":true,"href":"https:\/\/nutrifitmax.co\/index.php\/wp-json\/wp\/v2\/product_brand?post=13314"},{"taxonomy":"product_cat","embeddable":true,"href":"https:\/\/nutrifitmax.co\/index.php\/wp-json\/wp\/v2\/product_cat?post=13314"},{"taxonomy":"product_tag","embeddable":true,"href":"https:\/\/nutrifitmax.co\/index.php\/wp-json\/wp\/v2\/product_tag?post=13314"}],"curies":[{"name":"wp","href":"https:\/\/api.w.org\/{rel}","templated":true}]}}