{"id":13276,"date":"2025-04-07T19:58:03","date_gmt":"2025-04-07T19:58:03","guid":{"rendered":"https:\/\/nutrifitmax.co\/?post_type=product&#038;p=13276"},"modified":"2026-04-23T00:51:23","modified_gmt":"2026-04-23T00:51:23","slug":"carnivor-mass-chocolate-musclemeds-10-lb","status":"publish","type":"product","link":"https:\/\/nutrifitmax.co\/index.php\/product\/carnivor-mass-chocolate-musclemeds-10-lb\/","title":{"rendered":"CARNIVOR MASS CHOCOLATE MUSCLEMEDS 10 LB"},"content":{"rendered":"<h2><\/h2>\n<h2><img decoding=\"async\" src=\"https:\/\/nutrifitmax.co\/wp-content\/uploads\/2022\/03\/Carnivor-Mass-10-Lb-Musclemeds-Proteina-De-Carne-1-150x150.png\" \/><\/h2>\n<h2>Descripci\u00f3n CARNIVOR MASS CHOCOLATE MUSCLEMEDS 10 LB<\/h2>\n<h4>Carnivor Mass ofrece una entrega de macronutrientes de alta velocidad: prote\u00ednas y carbohidratos que se absorben a gran velocidad para que los amino\u00e1cidos acaben en el torrente sangu\u00edneo optimizando los niveles de glucosa. A su vez, esto estimula velocidades m\u00e1s altas de prote\u00ednas y s\u00edntesis de gluc\u00f3geno (anabolismo), resultando la aceleraci\u00f3n en el crecimiento y aumento de masa muscular.<\/h4>\n<ul>\n<li>\n<h4>25g de carbohidratos de gran impacto<\/h4>\n<\/li>\n<li>\n<h4>50 gr de proteina<\/h4>\n<\/li>\n<li>\n<h4>Cargado con creatina y BCAA\u00b4s<\/h4>\n<\/li>\n<li>\n<h4>Libre de az\u00facar<\/h4>\n<\/li>\n<li>\n<h4>Libre de lactosa<\/h4>\n<\/li>\n<\/ul>\n<h4>Presentaciones: 5,7 lb \u2013 10lb<\/h4>\n<h4>Sabores: chocolate<\/h4>\n<p>REGISTRO INVIMA RSIA 11|70514<\/p>\n","protected":false},"excerpt":{"rendered":"<p><img decoding=\"async\" src=\"https:\/\/nutrifitmax.co\/wp-content\/uploads\/2022\/03\/Carnivor-Mass-10-Lb-Musclemeds-Proteina-De-Carne-1-150x150.png\" \/>CARNIVOR MASS CHOCOLATE MUSCLEMEDS 10 LB<\/p>\n<h4>Carnivor Mass ofrece una entrega de macronutrientes de alta velocidad: prote\u00ednas y carbohidratos que se absorben a gran velocidad para que los amino\u00e1cidos acaben en el torrente sangu\u00edneo optimizando los niveles de glucosa.<\/h4>\n","protected":false},"featured_media":13324,"comment_status":"open","ping_status":"closed","template":"","meta":{"inline_featured_image":false},"product_brand":[],"product_cat":[86,91,97,88,98],"product_tag":[],"class_list":{"0":"post-13276","1":"product","2":"type-product","3":"status-publish","4":"has-post-thumbnail","6":"product_cat-marca","7":"product_cat-mas-vendidos","8":"product_cat-musclemeds","9":"product_cat-proteinas","10":"product_cat-proteinas-ganadoras-de-peso","12":"first","13":"instock","14":"taxable","15":"shipping-taxable","16":"purchasable","17":"product-type-simple","18":"ebbe-col","19":"product-has-gallery"},"_links":{"self":[{"href":"https:\/\/nutrifitmax.co\/index.php\/wp-json\/wp\/v2\/product\/13276","targetHints":{"allow":["GET"]}}],"collection":[{"href":"https:\/\/nutrifitmax.co\/index.php\/wp-json\/wp\/v2\/product"}],"about":[{"href":"https:\/\/nutrifitmax.co\/index.php\/wp-json\/wp\/v2\/types\/product"}],"replies":[{"embeddable":true,"href":"https:\/\/nutrifitmax.co\/index.php\/wp-json\/wp\/v2\/comments?post=13276"}],"wp:featuredmedia":[{"embeddable":true,"href":"https:\/\/nutrifitmax.co\/index.php\/wp-json\/wp\/v2\/media\/13324"}],"wp:attachment":[{"href":"https:\/\/nutrifitmax.co\/index.php\/wp-json\/wp\/v2\/media?parent=13276"}],"wp:term":[{"taxonomy":"product_brand","embeddable":true,"href":"https:\/\/nutrifitmax.co\/index.php\/wp-json\/wp\/v2\/product_brand?post=13276"},{"taxonomy":"product_cat","embeddable":true,"href":"https:\/\/nutrifitmax.co\/index.php\/wp-json\/wp\/v2\/product_cat?post=13276"},{"taxonomy":"product_tag","embeddable":true,"href":"https:\/\/nutrifitmax.co\/index.php\/wp-json\/wp\/v2\/product_tag?post=13276"}],"curies":[{"name":"wp","href":"https:\/\/api.w.org\/{rel}","templated":true}]}}